{"id":2528,"date":"2026-01-27T03:07:54","date_gmt":"2026-01-27T02:07:54","guid":{"rendered":"https:\/\/shop.wagenthaler.com\/produkt\/import\/"},"modified":"2026-01-27T03:08:01","modified_gmt":"2026-01-27T02:08:01","slug":"akrapovic-endrohr-set-titan-fuer-porsche-cayenne-958","status":"publish","type":"product","link":"https:\/\/wagenthaler.com\/shop\/akrapovic-endrohr-set-titan-fuer-porsche-cayenne-958\/","title":{"rendered":"Akrapovi\u010d Endrohr Set (Titan) f\u00fcr Porsche Cayenne (958)"},"content":{"rendered":"<p>An einer <strong>Auspuffanlage<\/strong> sind die Endrohre der wichtigste sichtbare Teil, und genau deshalb widmen wir bei <strong>Akrapovic<\/strong> den Endrohren besondere Aufmerksamkeit. Um auch dem anspruchsvollsten Geschmack gerecht zu werden, haben wir <strong>Endrohre aus einer speziellen Titan-Legierung<\/strong> entwickelt. Um unsere Endrohre, abgesehen von der Verwendung der edelsten Materialien, weiter von anderen Produkten abzuheben, f\u00fchren wir sie gr\u00f6\u00dfer aus.<\/p>\n","protected":false},"excerpt":{"rendered":"<p>An einer Auspuffanlage sind die Endrohre der wichtigste sichtbare Teil, und genau deshalb widmen wir bei Akrapovic den Endrohren besondere Aufmerksamkeit. Um auch dem anspruchsvollsten Geschmack gerecht zu werden, haben wir Endrohre aus einer speziellen Titan-Legierung entwickelt. Um unsere Endrohre, abgesehen von der Verwendung der edelsten Materialien, weiter von anderen Produkten abzuheben, f\u00fchren wir sie [&hellip;]<\/p>\n","protected":false},"featured_media":2529,"comment_status":"open","ping_status":"closed","template":"","meta":[],"product_brand":[],"product_cat":[18,20],"product_tag":[],"class_list":{"0":"post-2528","1":"product","2":"type-product","3":"status-publish","4":"has-post-thumbnail","6":"product_cat-akrapovic-zubehoer","7":"product_cat-porsche","9":"first","10":"instock","11":"taxable","12":"shipping-taxable","13":"purchasable","14":"product-type-simple"},"_links":{"self":[{"href":"https:\/\/wagenthaler.com\/shop\/wp-json\/wp\/v2\/product\/2528","targetHints":{"allow":["GET"]}}],"collection":[{"href":"https:\/\/wagenthaler.com\/shop\/wp-json\/wp\/v2\/product"}],"about":[{"href":"https:\/\/wagenthaler.com\/shop\/wp-json\/wp\/v2\/types\/product"}],"replies":[{"embeddable":true,"href":"https:\/\/wagenthaler.com\/shop\/wp-json\/wp\/v2\/comments?post=2528"}],"wp:featuredmedia":[{"embeddable":true,"href":"https:\/\/wagenthaler.com\/shop\/wp-json\/wp\/v2\/media\/2529"}],"wp:attachment":[{"href":"https:\/\/wagenthaler.com\/shop\/wp-json\/wp\/v2\/media?parent=2528"}],"wp:term":[{"taxonomy":"product_brand","embeddable":true,"href":"https:\/\/wagenthaler.com\/shop\/wp-json\/wp\/v2\/product_brand?post=2528"},{"taxonomy":"product_cat","embeddable":true,"href":"https:\/\/wagenthaler.com\/shop\/wp-json\/wp\/v2\/product_cat?post=2528"},{"taxonomy":"product_tag","embeddable":true,"href":"https:\/\/wagenthaler.com\/shop\/wp-json\/wp\/v2\/product_tag?post=2528"}],"curies":[{"name":"wp","href":"https:\/\/api.w.org\/{rel}","templated":true}]}}