{"id":2583,"date":"2026-01-27T03:11:32","date_gmt":"2026-01-27T02:11:32","guid":{"rendered":"https:\/\/shop.wagenthaler.com\/produkt\/import\/"},"modified":"2026-02-05T14:55:08","modified_gmt":"2026-02-05T13:55:08","slug":"akrapovic-evolution-line-titan-fuer-porsche-cayenne-s-coupe-536-opf-gpf","status":"publish","type":"product","link":"https:\/\/wagenthaler.com\/shop\/akrapovic-evolution-line-titan-fuer-porsche-cayenne-s-coupe-536-opf-gpf\/","title":{"rendered":"Akrapovi\u010d Evolution Line (Titan) f\u00fcr Porsche Cayenne S \/ Coup\u00e9 (536) &#8211; OPF\/GPF"},"content":{"rendered":"<p>Diese Abgasanlage ist aus hochwertigem und <strong>leichtem Titan<\/strong> gefertigt und bietet einen zentralen Schalld\u00e4mpfer, der sich in zwei Endrohre aufteilt. Bei diesen besteht die Wahl zwischen einer Titan- und einer Karbon-Ausf\u00fchrung, die so gestaltet sind, dass sie die Linien des Fahrzeuges unterstreichen. Zwei Klappen auf jeder Seite des Schalld\u00e4mpfers steuern den Luftstrom und sind in Geh\u00e4usen platziert, die in der hauseigenen Akrapovi\u010d Gie\u00dferei gefertigt werden. Die Evolution Line aus Titan reduziert das Gesamtgewicht des Fahrzeugs und liefert mehr Leistung und Drehmoment im gesamten Drehzahlbereich. Dank eines speziell entwickelten und ausgefeilten <strong>Sounds<\/strong> liefert das System einen sehr hochfrequenten und sportlichen Klang, vor allem, wenn das Fahrzeug mit hohen Drehzahlen unterwegs ist. Im normalen Modus ist der Klang leise und ideal geeignet f\u00fcr den Stadtverkehr und gem\u00fctliches Cruisen, bietet aber dennoch das unverwechselbare Akrapovi\u010d Gef\u00fchl. Dies wird durch ein sorgf\u00e4ltig entworfenes <strong>X-Crossing-Element<\/strong> in den Verbindungsrohren erreicht, das den Klang beeinflusst. Auf diese Weise k\u00f6nnen sich die Abgase von beiden Seiten des Motors mischen. Das h\u00f6rbare Resultat ist mit einem fein abgestimmten Musikinstrument vergleichbar, und erzielt mit steigender Drehzahl unglaubliche T\u00f6ne im Hochfrequenzbereich, ohne Kompromisse bei der Klarheit und dem Klangkomfort einzugehen.<\/p>\n<p>Optional ist das Akrapovi\u010d Sound Kit erh\u00e4ltlich, das das Klangerlebnis bei niedrigeren Drehzahlen verbessert und den Sound bei h\u00f6heren Drehzahlen verfeinert. Au\u00dferdem steigert es den Nervenkitzel beim Beschleunigen des Fahrzeugs aus dem Stand. Das Plug-and-Play-System ben\u00f6tigt keine Neuprogrammierung des Steuerger\u00e4tes.<\/p>\n<p>Das Tail Pipe Set (Carbon) muss obligatorisch separat bestellt werden. Bitte w\u00e4hlen Sie Tail pipe set (Titanium) TP-T\/S\/23 or Tail pipe set (Carbon) TP-CT\/53.<\/p>\n<p><\/br\/><\/p>\n","protected":false},"excerpt":{"rendered":"<p>Diese Abgasanlage ist aus hochwertigem und leichtem Titan gefertigt und bietet einen zentralen Schalld\u00e4mpfer, der sich in zwei Endrohre aufteilt. Bei diesen besteht die Wahl zwischen einer Titan- und einer Karbon-Ausf\u00fchrung, die so gestaltet sind, dass sie die Linien des Fahrzeuges unterstreichen. Zwei Klappen auf jeder Seite des Schalld\u00e4mpfers steuern den Luftstrom und sind in [&hellip;]<\/p>\n","protected":false},"featured_media":23594,"comment_status":"open","ping_status":"closed","template":"","meta":[],"product_brand":[],"product_cat":[16,20],"product_tag":[],"class_list":{"0":"post-2583","1":"product","2":"type-product","3":"status-publish","4":"has-post-thumbnail","6":"product_cat-akrapovic-auspuffanlagen","7":"product_cat-porsche","9":"first","10":"outofstock","11":"sale","12":"taxable","13":"shipping-taxable","14":"purchasable","15":"product-type-simple"},"_links":{"self":[{"href":"https:\/\/wagenthaler.com\/shop\/wp-json\/wp\/v2\/product\/2583","targetHints":{"allow":["GET"]}}],"collection":[{"href":"https:\/\/wagenthaler.com\/shop\/wp-json\/wp\/v2\/product"}],"about":[{"href":"https:\/\/wagenthaler.com\/shop\/wp-json\/wp\/v2\/types\/product"}],"replies":[{"embeddable":true,"href":"https:\/\/wagenthaler.com\/shop\/wp-json\/wp\/v2\/comments?post=2583"}],"wp:featuredmedia":[{"embeddable":true,"href":"https:\/\/wagenthaler.com\/shop\/wp-json\/wp\/v2\/media\/23594"}],"wp:attachment":[{"href":"https:\/\/wagenthaler.com\/shop\/wp-json\/wp\/v2\/media?parent=2583"}],"wp:term":[{"taxonomy":"product_brand","embeddable":true,"href":"https:\/\/wagenthaler.com\/shop\/wp-json\/wp\/v2\/product_brand?post=2583"},{"taxonomy":"product_cat","embeddable":true,"href":"https:\/\/wagenthaler.com\/shop\/wp-json\/wp\/v2\/product_cat?post=2583"},{"taxonomy":"product_tag","embeddable":true,"href":"https:\/\/wagenthaler.com\/shop\/wp-json\/wp\/v2\/product_tag?post=2583"}],"curies":[{"name":"wp","href":"https:\/\/api.w.org\/{rel}","templated":true}]}}