{"id":2584,"date":"2026-01-27T03:11:32","date_gmt":"2026-01-27T02:11:32","guid":{"rendered":"https:\/\/shop.wagenthaler.com\/produkt\/akrapovic-p-hf1199-fuer-porsche-cayenne-s-coupe-536-opf-gpf\/"},"modified":"2026-01-27T03:11:34","modified_gmt":"2026-01-27T02:11:34","slug":"akrapovic-sound-kit-fuer-porsche-cayenne-s-coupe-536-opf-gpf","status":"publish","type":"product","link":"https:\/\/wagenthaler.com\/shop\/akrapovic-sound-kit-fuer-porsche-cayenne-s-coupe-536-opf-gpf\/","title":{"rendered":"Akrapovi\u010d Sound Kit f\u00fcr Porsche Cayenne S \/ Coup\u00e9 (536) &#8211; OPF\/GPF"},"content":{"rendered":"<p>Eine weitere Kontrolle \u00fcber den Klang der Evolution Line (Titan) Abgasanlage kann durch die Installation des optionalen <strong>Akrapovi\u010d Sound Kits<\/strong> erzielt werden. Es gibt den Fahrzeuginsassen die M\u00f6glichkeit, den Abgaston durch Umschalten zwischen dem leisen Modus und einem sportlicheren Klang zu regulieren. Das wird durch die Verwendung einer <strong>Sound-Fernbedienung<\/strong> erm\u00f6glicht. Diese Applikationen regeln die Ventile und bedienen die Aktuatoren, die sich durch die Verwendung eines Empf\u00e4ngers im System \u00f6ffnen oder schlie\u00dfen.\u00a0<\/p>\n<p>In Verbindung mit dem optionalen Akrapovi\u010d Sound Kit ist die ECE-Typgenehmigung nicht mehr g\u00fcltig.<br \/><\/br\/><\/p>\n","protected":false},"excerpt":{"rendered":"<p>Eine weitere Kontrolle \u00fcber den Klang der Evolution Line (Titan) Abgasanlage kann durch die Installation des optionalen Akrapovi\u010d Sound Kits erzielt werden. Es gibt den Fahrzeuginsassen die M\u00f6glichkeit, den Abgaston durch Umschalten zwischen dem leisen Modus und einem sportlicheren Klang zu regulieren. Das wird durch die Verwendung einer Sound-Fernbedienung erm\u00f6glicht. Diese Applikationen regeln die Ventile [&hellip;]<\/p>\n","protected":false},"featured_media":2537,"comment_status":"open","ping_status":"closed","template":"","meta":[],"product_brand":[],"product_cat":[18,20],"product_tag":[],"class_list":{"0":"post-2584","1":"product","2":"type-product","3":"status-publish","4":"has-post-thumbnail","6":"product_cat-akrapovic-zubehoer","7":"product_cat-porsche","9":"first","10":"onbackorder","11":"sale","12":"taxable","13":"shipping-taxable","14":"purchasable","15":"product-type-simple"},"_links":{"self":[{"href":"https:\/\/wagenthaler.com\/shop\/wp-json\/wp\/v2\/product\/2584","targetHints":{"allow":["GET"]}}],"collection":[{"href":"https:\/\/wagenthaler.com\/shop\/wp-json\/wp\/v2\/product"}],"about":[{"href":"https:\/\/wagenthaler.com\/shop\/wp-json\/wp\/v2\/types\/product"}],"replies":[{"embeddable":true,"href":"https:\/\/wagenthaler.com\/shop\/wp-json\/wp\/v2\/comments?post=2584"}],"wp:featuredmedia":[{"embeddable":true,"href":"https:\/\/wagenthaler.com\/shop\/wp-json\/wp\/v2\/media\/2537"}],"wp:attachment":[{"href":"https:\/\/wagenthaler.com\/shop\/wp-json\/wp\/v2\/media?parent=2584"}],"wp:term":[{"taxonomy":"product_brand","embeddable":true,"href":"https:\/\/wagenthaler.com\/shop\/wp-json\/wp\/v2\/product_brand?post=2584"},{"taxonomy":"product_cat","embeddable":true,"href":"https:\/\/wagenthaler.com\/shop\/wp-json\/wp\/v2\/product_cat?post=2584"},{"taxonomy":"product_tag","embeddable":true,"href":"https:\/\/wagenthaler.com\/shop\/wp-json\/wp\/v2\/product_tag?post=2584"}],"curies":[{"name":"wp","href":"https:\/\/api.w.org\/{rel}","templated":true}]}}