{"id":2610,"date":"2026-01-27T03:12:49","date_gmt":"2026-01-27T02:12:49","guid":{"rendered":"https:\/\/shop.wagenthaler.com\/produkt\/import\/"},"modified":"2026-02-05T14:53:52","modified_gmt":"2026-02-05T13:53:52","slug":"akrapovic-slip-on-line-titan-fuer-porsche-cayenne-turbo-958","status":"publish","type":"product","link":"https:\/\/wagenthaler.com\/shop\/akrapovic-slip-on-line-titan-fuer-porsche-cayenne-turbo-958\/","title":{"rendered":"Akrapovi\u010d Slip-On Line (Titan) f\u00fcr Porsche Cayenne Turbo (958)"},"content":{"rendered":"<p>Das Slip-On-System mit einer Schalld\u00e4mpfergruppe aus unserem eigenen hochfesten und leichten Titan bringt mehr Leistung, verbessert das Ansprechverhalten und erh\u00f6ht das Drehmoment.  Das Resultat des am Computer entworfenen Auspuffsystems mit optimalem Abgasstrom ist der tiefe Akrapovic-Sound. Durch die Entfernung des punktgeschwei\u00dften Verschlussstopfens in der Link Pipe, der den Weg zum Bypass um den einzigartigen Schalld\u00e4mpfer versperrt, wird der Sound lauter. Bitte beachten: Ohne Bypass-Sperre ist die EG-Typengenehmigung ung\u00fcltig.  Die Nachr\u00fcstung dieses SUV mit einem Slip-On-System macht nicht nur den Cayenne attraktiver, sondern sie hat dar\u00fcber hinaus den Vorteil des niedrigeren  Gewichts.  Geben Sie der Optik den letzten Schliff mit einem Set exquisiter 105-mm-Endrohre aus Titan oder Carbon  Mit dem optionalen Akrapovic sound kit kann der Sound reguliert werden.<\/p>\n","protected":false},"excerpt":{"rendered":"<p>Das Slip-On-System mit einer Schalld\u00e4mpfergruppe aus unserem eigenen hochfesten und leichten Titan bringt mehr Leistung, verbessert das Ansprechverhalten und erh\u00f6ht das Drehmoment. Das Resultat des am Computer entworfenen Auspuffsystems mit optimalem Abgasstrom ist der tiefe Akrapovic-Sound. Durch die Entfernung des punktgeschwei\u00dften Verschlussstopfens in der Link Pipe, der den Weg zum Bypass um den einzigartigen Schalld\u00e4mpfer [&hellip;]<\/p>\n","protected":false},"featured_media":23583,"comment_status":"open","ping_status":"closed","template":"","meta":[],"product_brand":[],"product_cat":[16,20],"product_tag":[],"class_list":{"0":"post-2610","1":"product","2":"type-product","3":"status-publish","4":"has-post-thumbnail","6":"product_cat-akrapovic-auspuffanlagen","7":"product_cat-porsche","9":"first","10":"instock","11":"taxable","12":"shipping-taxable","13":"purchasable","14":"product-type-simple"},"_links":{"self":[{"href":"https:\/\/wagenthaler.com\/shop\/wp-json\/wp\/v2\/product\/2610","targetHints":{"allow":["GET"]}}],"collection":[{"href":"https:\/\/wagenthaler.com\/shop\/wp-json\/wp\/v2\/product"}],"about":[{"href":"https:\/\/wagenthaler.com\/shop\/wp-json\/wp\/v2\/types\/product"}],"replies":[{"embeddable":true,"href":"https:\/\/wagenthaler.com\/shop\/wp-json\/wp\/v2\/comments?post=2610"}],"wp:featuredmedia":[{"embeddable":true,"href":"https:\/\/wagenthaler.com\/shop\/wp-json\/wp\/v2\/media\/23583"}],"wp:attachment":[{"href":"https:\/\/wagenthaler.com\/shop\/wp-json\/wp\/v2\/media?parent=2610"}],"wp:term":[{"taxonomy":"product_brand","embeddable":true,"href":"https:\/\/wagenthaler.com\/shop\/wp-json\/wp\/v2\/product_brand?post=2610"},{"taxonomy":"product_cat","embeddable":true,"href":"https:\/\/wagenthaler.com\/shop\/wp-json\/wp\/v2\/product_cat?post=2610"},{"taxonomy":"product_tag","embeddable":true,"href":"https:\/\/wagenthaler.com\/shop\/wp-json\/wp\/v2\/product_tag?post=2610"}],"curies":[{"name":"wp","href":"https:\/\/api.w.org\/{rel}","templated":true}]}}