{"id":2654,"date":"2026-01-27T03:14:59","date_gmt":"2026-01-27T02:14:59","guid":{"rendered":"https:\/\/shop.wagenthaler.com\/produkt\/import\/"},"modified":"2026-02-05T14:52:35","modified_gmt":"2026-02-05T13:52:35","slug":"akrapovic-slip-on-line-titan-fuer-porsche-cayman-gt4-981","status":"publish","type":"product","link":"https:\/\/wagenthaler.com\/shop\/akrapovic-slip-on-line-titan-fuer-porsche-cayman-gt4-981\/","title":{"rendered":"Akrapovi\u010d Slip-On Line (Titan) f\u00fcr Porsche Cayman GT4 (981)"},"content":{"rendered":"<p><span class=\"ng-binding\">Unsere Ingenieure haben Monate darauf verwendet, eine Slip-On <strong>Auspuffanlage<\/strong> zu entwickeln, die ein v\u00f6llig neues Fahrgef\u00fchl erm\u00f6glicht. Diese <strong>vollst\u00e4ndig aus Titan<\/strong> gefertigte Auspuffanlage mit drei Schalld\u00e4mpfer-Konfigurationen spart Gewicht an der Hinterachse, Leistung und Handling werden durch eine verbesserte Gasstromdynamik erh\u00f6ht,  der Gegendruck reduziert und eine linearere Leistungskurve erreicht. Insbesondere im mittleren Drehzahlbereich macht sich dieLeistungssteigerung bemerkbar. All diese Vorz\u00fcge werden durch einen uneingeschr\u00e4nkt satten Sound abgerundet. Dank des <strong>Dual-Mode-Abgasklappensystems<\/strong> verst\u00e4rkt das Cat-Back-Slip-On den unverwechselbar tiefen Sound von <strong>Akrapovic<\/strong>. Entweder Sie \u00fcberlassen es der ECU des Fahrzeugs, den Soundpegel zu regulieren. <\/span><\/p>\n","protected":false},"excerpt":{"rendered":"<p>Unsere Ingenieure haben Monate darauf verwendet, eine Slip-On Auspuffanlage zu entwickeln, die ein v\u00f6llig neues Fahrgef\u00fchl erm\u00f6glicht. Diese vollst\u00e4ndig aus Titan gefertigte Auspuffanlage mit drei Schalld\u00e4mpfer-Konfigurationen spart Gewicht an der Hinterachse, Leistung und Handling werden durch eine verbesserte Gasstromdynamik erh\u00f6ht, der Gegendruck reduziert und eine linearere Leistungskurve erreicht. Insbesondere im mittleren Drehzahlbereich macht sich dieLeistungssteigerung [&hellip;]<\/p>\n","protected":false},"featured_media":23563,"comment_status":"open","ping_status":"closed","template":"","meta":[],"product_brand":[],"product_cat":[16,20],"product_tag":[],"class_list":{"0":"post-2654","1":"product","2":"type-product","3":"status-publish","4":"has-post-thumbnail","6":"product_cat-akrapovic-auspuffanlagen","7":"product_cat-porsche","9":"first","10":"instock","11":"taxable","12":"shipping-taxable","13":"purchasable","14":"product-type-simple"},"_links":{"self":[{"href":"https:\/\/wagenthaler.com\/shop\/wp-json\/wp\/v2\/product\/2654","targetHints":{"allow":["GET"]}}],"collection":[{"href":"https:\/\/wagenthaler.com\/shop\/wp-json\/wp\/v2\/product"}],"about":[{"href":"https:\/\/wagenthaler.com\/shop\/wp-json\/wp\/v2\/types\/product"}],"replies":[{"embeddable":true,"href":"https:\/\/wagenthaler.com\/shop\/wp-json\/wp\/v2\/comments?post=2654"}],"wp:featuredmedia":[{"embeddable":true,"href":"https:\/\/wagenthaler.com\/shop\/wp-json\/wp\/v2\/media\/23563"}],"wp:attachment":[{"href":"https:\/\/wagenthaler.com\/shop\/wp-json\/wp\/v2\/media?parent=2654"}],"wp:term":[{"taxonomy":"product_brand","embeddable":true,"href":"https:\/\/wagenthaler.com\/shop\/wp-json\/wp\/v2\/product_brand?post=2654"},{"taxonomy":"product_cat","embeddable":true,"href":"https:\/\/wagenthaler.com\/shop\/wp-json\/wp\/v2\/product_cat?post=2654"},{"taxonomy":"product_tag","embeddable":true,"href":"https:\/\/wagenthaler.com\/shop\/wp-json\/wp\/v2\/product_tag?post=2654"}],"curies":[{"name":"wp","href":"https:\/\/api.w.org\/{rel}","templated":true}]}}