{"id":2665,"date":"2026-01-27T03:16:16","date_gmt":"2026-01-27T02:16:16","guid":{"rendered":"https:\/\/shop.wagenthaler.com\/produkt\/import\/"},"modified":"2026-02-05T14:52:18","modified_gmt":"2026-02-05T13:52:18","slug":"akrapovic-evolution-line-titan-fuer-porsche-macan-s-95b","status":"publish","type":"product","link":"https:\/\/wagenthaler.com\/shop\/akrapovic-evolution-line-titan-fuer-porsche-macan-s-95b\/","title":{"rendered":"Akrapovi\u010d Evolution Line (Titan) f\u00fcr Porsche Macan S (95B)"},"content":{"rendered":"<p>Die Evolution Line Abgasanlage (Titan), die aus hochwertigem, <strong>leichten Titan<\/strong> gefertigt wurde, um zus\u00e4tzliches Gewicht einzusparen, und mit in der hauseigenen Gie\u00dferei gegossenen Ventilgeh\u00e4usen ausgestattet ist, passt perfekt auf die Stock-Downpipes des Porsche Macan. Entwickelt, um sowohl Kraft- als auch Drehmomentsteigerungen im gesamten Bereich zu bieten und den <strong>Gegendruck signifikant zu reduzieren<\/strong>, ist sie mit <strong>handgefertigten<\/strong> <strong>Endrohren<\/strong> aus Kohlefaser ausgestattet, um zum optischen Genuss der Abgasanlage beizutragen. Die Endrohre wurden perfekt verarbeitet und so konstruiert, dass sie perfekt zu dem optionalen <strong>Kohlefaser-Diffusor<\/strong> passen. Optionale <strong>Spiegelkappen aus Karbon<\/strong> sind ebenfalls erh\u00e4ltlich, um das Erscheinungsbild des Autos zus\u00e4tzlich zu verbessern.<br \/><\/br\/><\/p>\n<p>Die Anlage kann als Plug-and-Play-System einfach montiert werden und erf\u00fcllt die Vorgaben der ECE-Typzulassung. Ebenfalls erh\u00e4ltlich ist das optionale Akrapovi\u010d Sound Kit.<\/p>\n<p><\/br\/><\/p>\n<p><strong>Hinweis zum Einbau:<\/p>\n<p>F\u00fcr den Einbau der Abgasanlage S-PO\/TI\/7H in den Porsche Macan S ist das Montage-Set P-HF1228 erforderlich.<\/br\/><br \/><\/br\/><\/p>\n<p><\/br\/><\/p>\n","protected":false},"excerpt":{"rendered":"<p>Die Evolution Line Abgasanlage (Titan), die aus hochwertigem, leichten Titan gefertigt wurde, um zus\u00e4tzliches Gewicht einzusparen, und mit in der hauseigenen Gie\u00dferei gegossenen Ventilgeh\u00e4usen ausgestattet ist, passt perfekt auf die Stock-Downpipes des Porsche Macan. Entwickelt, um sowohl Kraft- als auch Drehmomentsteigerungen im gesamten Bereich zu bieten und den Gegendruck signifikant zu reduzieren, ist sie mit [&hellip;]<\/p>\n","protected":false},"featured_media":23558,"comment_status":"open","ping_status":"closed","template":"","meta":[],"product_brand":[],"product_cat":[16,20],"product_tag":[],"class_list":{"0":"post-2665","1":"product","2":"type-product","3":"status-publish","4":"has-post-thumbnail","6":"product_cat-akrapovic-auspuffanlagen","7":"product_cat-porsche","9":"first","10":"outofstock","11":"sale","12":"taxable","13":"shipping-taxable","14":"purchasable","15":"product-type-simple"},"_links":{"self":[{"href":"https:\/\/wagenthaler.com\/shop\/wp-json\/wp\/v2\/product\/2665","targetHints":{"allow":["GET"]}}],"collection":[{"href":"https:\/\/wagenthaler.com\/shop\/wp-json\/wp\/v2\/product"}],"about":[{"href":"https:\/\/wagenthaler.com\/shop\/wp-json\/wp\/v2\/types\/product"}],"replies":[{"embeddable":true,"href":"https:\/\/wagenthaler.com\/shop\/wp-json\/wp\/v2\/comments?post=2665"}],"wp:featuredmedia":[{"embeddable":true,"href":"https:\/\/wagenthaler.com\/shop\/wp-json\/wp\/v2\/media\/23558"}],"wp:attachment":[{"href":"https:\/\/wagenthaler.com\/shop\/wp-json\/wp\/v2\/media?parent=2665"}],"wp:term":[{"taxonomy":"product_brand","embeddable":true,"href":"https:\/\/wagenthaler.com\/shop\/wp-json\/wp\/v2\/product_brand?post=2665"},{"taxonomy":"product_cat","embeddable":true,"href":"https:\/\/wagenthaler.com\/shop\/wp-json\/wp\/v2\/product_cat?post=2665"},{"taxonomy":"product_tag","embeddable":true,"href":"https:\/\/wagenthaler.com\/shop\/wp-json\/wp\/v2\/product_tag?post=2665"}],"curies":[{"name":"wp","href":"https:\/\/api.w.org\/{rel}","templated":true}]}}