{"id":2671,"date":"2026-01-27T03:17:24","date_gmt":"2026-01-27T02:17:24","guid":{"rendered":"https:\/\/shop.wagenthaler.com\/produkt\/akrapovic-di-po-ca-5-g-fuer-porsche-macan-s-95b\/"},"modified":"2026-01-27T03:17:27","modified_gmt":"2026-01-27T02:17:27","slug":"akrapovic-rear-carbon-fibre-diffuser-high-gloss-fuer-porsche-macan-s-95b","status":"publish","type":"product","link":"https:\/\/wagenthaler.com\/shop\/akrapovic-rear-carbon-fibre-diffuser-high-gloss-fuer-porsche-macan-s-95b\/","title":{"rendered":"Akrapovi\u010d Rear Carbon Fibre Diffuser &#8211; High Gloss f\u00fcr Porsche Macan S (95B)"},"content":{"rendered":"<p>Die wundersch\u00f6n und aufw\u00e4ndig handgefertigten <strong>Karbon-Diffusoren<\/strong> h\u00f6chster Qualit\u00e4t sind von ihrem Stil her perfekt, um die Akrapovi\u010d Endrohre und das Heck des Fahrzeugs weiter aufzuwerten. Das <strong>sportliche Design<\/strong> verleiht dem Gesamtpaket eine neue Dimension und sorgt daf\u00fcr, dass sich die Abgasanlage von ihrer besten Seite pr\u00e4sentiert. Erh\u00e4ltlich in <strong>Hochglanz<\/strong>.<br \/><\/br\/><\/p>\n<p><strong>Der Diffusor passt nicht mit einer Original-Anh\u00e4ngerkupplung.<\/strong><br \/><\/br\/><\/p>\n","protected":false},"excerpt":{"rendered":"<p>Die wundersch\u00f6n und aufw\u00e4ndig handgefertigten Karbon-Diffusoren h\u00f6chster Qualit\u00e4t sind von ihrem Stil her perfekt, um die Akrapovi\u010d Endrohre und das Heck des Fahrzeugs weiter aufzuwerten. Das sportliche Design verleiht dem Gesamtpaket eine neue Dimension und sorgt daf\u00fcr, dass sich die Abgasanlage von ihrer besten Seite pr\u00e4sentiert. Erh\u00e4ltlich in Hochglanz. Der Diffusor passt nicht mit einer [&hellip;]<\/p>\n","protected":false},"featured_media":2664,"comment_status":"open","ping_status":"closed","template":"","meta":[],"product_brand":[],"product_cat":[18,20],"product_tag":[],"class_list":{"0":"post-2671","1":"product","2":"type-product","3":"status-publish","4":"has-post-thumbnail","6":"product_cat-akrapovic-zubehoer","7":"product_cat-porsche","9":"first","10":"outofstock","11":"sale","12":"taxable","13":"shipping-taxable","14":"purchasable","15":"product-type-simple"},"_links":{"self":[{"href":"https:\/\/wagenthaler.com\/shop\/wp-json\/wp\/v2\/product\/2671","targetHints":{"allow":["GET"]}}],"collection":[{"href":"https:\/\/wagenthaler.com\/shop\/wp-json\/wp\/v2\/product"}],"about":[{"href":"https:\/\/wagenthaler.com\/shop\/wp-json\/wp\/v2\/types\/product"}],"replies":[{"embeddable":true,"href":"https:\/\/wagenthaler.com\/shop\/wp-json\/wp\/v2\/comments?post=2671"}],"wp:featuredmedia":[{"embeddable":true,"href":"https:\/\/wagenthaler.com\/shop\/wp-json\/wp\/v2\/media\/2664"}],"wp:attachment":[{"href":"https:\/\/wagenthaler.com\/shop\/wp-json\/wp\/v2\/media?parent=2671"}],"wp:term":[{"taxonomy":"product_brand","embeddable":true,"href":"https:\/\/wagenthaler.com\/shop\/wp-json\/wp\/v2\/product_brand?post=2671"},{"taxonomy":"product_cat","embeddable":true,"href":"https:\/\/wagenthaler.com\/shop\/wp-json\/wp\/v2\/product_cat?post=2671"},{"taxonomy":"product_tag","embeddable":true,"href":"https:\/\/wagenthaler.com\/shop\/wp-json\/wp\/v2\/product_tag?post=2671"}],"curies":[{"name":"wp","href":"https:\/\/api.w.org\/{rel}","templated":true}]}}