{"id":2692,"date":"2026-01-27T03:19:12","date_gmt":"2026-01-27T02:19:12","guid":{"rendered":"https:\/\/shop.wagenthaler.com\/produkt\/import\/"},"modified":"2026-02-27T03:00:02","modified_gmt":"2026-02-27T02:00:02","slug":"akrapovic-slip-on-line-titan-fuer-porsche-panamera-4-4-e-hybrid-4s-e-hybrid-gts-turbo-e-hybrid-turbo-s-e-hybrid-976","status":"publish","type":"product","link":"https:\/\/wagenthaler.com\/shop\/akrapovic-slip-on-line-titan-fuer-porsche-panamera-4-4-e-hybrid-4s-e-hybrid-gts-turbo-e-hybrid-turbo-s-e-hybrid-976\/","title":{"rendered":"Akrapovi\u010d Slip-On Line (Titan) f\u00fcr Porsche Panamera \/ 4 \/ 4 E-Hybrid \/ 4S E-Hybrid \/ GTS \/ Turbo E-Hybrid \/ Turbo S E-Hybrid (976)"},"content":{"rendered":"<p>Unser umfangreiches Wissen aus fr\u00fcheren Generationen von Aftermarket-Abgasanlagen f\u00fcr Porsche Panamera-Modelle bildete die Grundlage f\u00fcr die Entwicklung dieses Produkts. Es besteht aus h<strong>ochwertigem, leichtem Titan<\/strong>, wobei bestimmte Teile, darunter das Klappengeh\u00e4use, in der hauseigenen Gie\u00dferei gefertigt werden. Abgerundet wird die Anlage durch neu gestaltete, handgefertigte Karbon-Endrohre mit akustischen Reflektoren, die den Au\u00dfensound gezielt in den Innenraum reflektieren. Der <strong>Klang <\/strong>wird durch ein speziell entwickeltes Steuerger\u00e4t reguliert, das mit Hilfe von Klappen, das optimale Klangerlebnis der Akrapovi\u010d-Abgasanlage in allen Fahrmodi bietet, ohne den Komfort zu beeintr\u00e4chtigen. Das System erzeugt einen<strong> satten Hochfrequenz-Klang <\/strong>mit sportlicher Note f\u00fcr V6-Modelle, w\u00e4hrend die V8-Versionen ein harmonisches, volles Grollen entwickeln, das mit steigender Drehzahl noch sportlicher wird. Beide Motorvarianten liefern einen gleichm\u00e4\u00dfigen Klangverlauf ohne st\u00f6rende Dr\u00f6hnger\u00e4usche und gew\u00e4hrleisten maximalen Komfort im Alltag. Die Abgasanlage bietet eine erhebliche Gewichtseinsparung von <strong>46 % (8,6 kg)<\/strong> gegen\u00fcber der V8-Sport-Serienversion und <strong>44,5 % (8,3 kg) <\/strong>gegen\u00fcber der V6-Sport-Serienanlage.<\/p>\n<p>Bei Tests auf dem Akrapovi\u010d-Pr\u00fcfstand zeigte sich, dass die Slip-On Line (Titanium), montiert am Porsche Panamera Turbo S E-Hybrid, eine Leistungssteigerung von <strong>7,1 kW (9,7 PS) <\/strong>bei 6.450 U\/min und ein Drehmomentzuwachs von 11 Nm bei 5.150 U\/min gegen\u00fcber dem serienm\u00e4\u00dfigen Sportabgassystem erzielte. Dieses neue System wurde entwickelt und konstruiert, um die ECE-Typgenehmigungsanforderungen f\u00fcr Panamera-Modelle mit Ottopartikelfiltern zu erf\u00fcllen, ohne dass ein Re-Mapping bei der Installation erforderlich ist.<\/br\/><\/p>\n<p>Ein Evolution Link Pipe Set (Titanium) und ein optionales Akrapovi\u010d Sound Kit zur Steigerung des H\u00f6rgenusses k\u00f6nnen der Slip-On Line (Titanium) hinzugef\u00fcgt werden. Sie wurden beide f\u00fcr den Einsatz auf Rennstrecken entwickelt.<br \/>Die Slip-On Line (Titanium) Abgasanlage ist ECE-typgenehmigt f\u00fcr Fahrzeuge, die mit Ottopartikelfiltern ausgestattet sind.<br \/>Die ECE-Typgenehmigung der Slip-On Line (Titanium) erlischt bei der Verwendung des optionalen Akrapovi\u010d Sound Kits und\/oder des Evolution Link Pipe Sets (Titanium).<\/br\/><\/p>\n<p>Bei der Montage dieses Produkts an Porsche Panamera V6-Modellen ist der P-MF1052-Anbausatz obligatorisch, und f\u00fcr Porsche Panamera V8-Modelle ist der Kauf des P-MF1051-Anbausatzes obligatorisch. Bei der Kombination der Slip-On Line (Titanium) mit dem optionalen Evolution Link Pipe Set (Titanium) ist ebenfalls ein entsprechender Anbausatz erforderlich.<\/p>\n<p><\/br\/><\/p>\n","protected":false},"excerpt":{"rendered":"<p>Unser umfangreiches Wissen aus fr\u00fcheren Generationen von Aftermarket-Abgasanlagen f\u00fcr Porsche Panamera-Modelle bildete die Grundlage f\u00fcr die Entwicklung dieses Produkts. Es besteht aus hochwertigem, leichtem Titan, wobei bestimmte Teile, darunter das Klappengeh\u00e4use, in der hauseigenen Gie\u00dferei gefertigt werden. Abgerundet wird die Anlage durch neu gestaltete, handgefertigte Karbon-Endrohre mit akustischen Reflektoren, die den Au\u00dfensound gezielt in den [&hellip;]<\/p>\n","protected":false},"featured_media":23545,"comment_status":"open","ping_status":"closed","template":"","meta":[],"product_brand":[],"product_cat":[16,20],"product_tag":[],"class_list":{"0":"post-2692","1":"product","2":"type-product","3":"status-publish","4":"has-post-thumbnail","6":"product_cat-akrapovic-auspuffanlagen","7":"product_cat-porsche","9":"first","10":"instock","11":"sale","12":"taxable","13":"shipping-taxable","14":"purchasable","15":"product-type-variable"},"_links":{"self":[{"href":"https:\/\/wagenthaler.com\/shop\/wp-json\/wp\/v2\/product\/2692","targetHints":{"allow":["GET"]}}],"collection":[{"href":"https:\/\/wagenthaler.com\/shop\/wp-json\/wp\/v2\/product"}],"about":[{"href":"https:\/\/wagenthaler.com\/shop\/wp-json\/wp\/v2\/types\/product"}],"replies":[{"embeddable":true,"href":"https:\/\/wagenthaler.com\/shop\/wp-json\/wp\/v2\/comments?post=2692"}],"wp:featuredmedia":[{"embeddable":true,"href":"https:\/\/wagenthaler.com\/shop\/wp-json\/wp\/v2\/media\/23545"}],"wp:attachment":[{"href":"https:\/\/wagenthaler.com\/shop\/wp-json\/wp\/v2\/media?parent=2692"}],"wp:term":[{"taxonomy":"product_brand","embeddable":true,"href":"https:\/\/wagenthaler.com\/shop\/wp-json\/wp\/v2\/product_brand?post=2692"},{"taxonomy":"product_cat","embeddable":true,"href":"https:\/\/wagenthaler.com\/shop\/wp-json\/wp\/v2\/product_cat?post=2692"},{"taxonomy":"product_tag","embeddable":true,"href":"https:\/\/wagenthaler.com\/shop\/wp-json\/wp\/v2\/product_tag?post=2692"}],"curies":[{"name":"wp","href":"https:\/\/api.w.org\/{rel}","templated":true}]}}