{"id":2794,"date":"2026-01-27T03:24:22","date_gmt":"2026-01-27T02:24:22","guid":{"rendered":"https:\/\/shop.wagenthaler.com\/produkt\/import\/"},"modified":"2026-02-05T14:44:08","modified_gmt":"2026-02-05T13:44:08","slug":"akrapovic-evolution-line-titan-fuer-porsche-panamera-turbo-s-e-hybrid-sport-turismo-971","status":"publish","type":"product","link":"https:\/\/wagenthaler.com\/shop\/akrapovic-evolution-line-titan-fuer-porsche-panamera-turbo-s-e-hybrid-sport-turismo-971\/","title":{"rendered":"Akrapovi\u010d Evolution Line (Titan) f\u00fcr Porsche Panamera Turbo S E-Hybrid \/ Sport Turismo (971)"},"content":{"rendered":"<p>Das eindrucksvolle System ist komplett aus <strong>hochwertigem Titan<\/strong> gefertigt.\u00a0Das System verf\u00fcgt \u00fcber eine <strong>aktive X-Verbindung<\/strong> und ein zus\u00e4tzliches Paar Abgasventile hinter den hinteren Schalld\u00e4mpfern. So l\u00e4sst sich der Klang der Abgasanlage perfekt steuern &#8211; f\u00fcr puren H\u00f6rgenuss. Das System wurde perfekt abgestimmt, um in allen Modi das beste <strong>Sounderlebnis<\/strong> zu bieten. Um einen sportlichen, tieferen, h\u00f6herfrequenten V8-Sound mit unverwechselbarem Akrapovi\u010d-Charakter zu erm\u00f6glichen, wurde ein enormer Aufwand betrieben. Zudem wurden St\u00f6rger\u00e4usche eliminiert und das System verfeinert, um einen bestm\u00f6glichen Alltagskomfort zu garantieren. Durch die Nutzung des optionalen <strong>Akrapovi\u010d Sound Kit <\/strong>kann der Fahrer auf langen Fahrten zwischen einem lauten, sportlichen Sound und einem leiseren Ton w\u00e4hlen, unabh\u00e4ngig vom gew\u00e4hlten Modus. Die Optik des Evolution Systems kann durch vier runde <strong>Endrohre<\/strong> aus Titan oder Kohlefaser weiter optimiert werden.<\/p>\n<p>Eine Steigerung der Leistung und des Drehmoments \u00fcber einen weiten Drehzahlbereich und eine signifikante <strong>Gewichtseinsparung von 40%<\/strong> sorgen f\u00fcr ein enormes<strong> Performance-Upgrade<\/strong>. Dank des optimierten Gasflusses und des reduzierten Gegendrucks werden unz\u00e4hlige Abstimmungsoptionen erm\u00f6glicht.<\/p>\n<p>Da das System <strong>ECE-typgenehmigt<\/strong> ist, ohne dass das Steuerger\u00e4t umger\u00fcstet oder andere Teile hinzugef\u00fcgt werden m\u00fcssen, handelt es sich um eine simple <strong>Plug-and-Play-Installation<\/strong>. Die exklusive Akrapovi\u010d Evolution Line (Titan) Abgasanlage bietet neben Leistung und Stil einen fantastischen Soundtrack.<\/p>\n<p><strong>Bei Nutzung des optionalen Akrapovi\u010d Sound Kit ist die ECE-Typgenehmigung nicht l\u00e4nger g\u00fcltig.<\/strong><\/br\/><\/p>\n<p><strong>&#65279;Montagehinweis:\u00a0<\/strong><\/p>\n<p><strong>Bei Fahrzeugen mit der Porsche Basis-Abgasanlage, die durch die Akrapovi\u010d Evolution Line Abgasanlage ersetzt werden, muss das Mittel Ventil Aktuatoren Kit (P-HF1170) als Upgrade mit installiert werden.<br \/><\/br\/><\/strong><\/p>\n<p><strong><\/strong><\/p>\n<p><\/br\/><\/p>\n<p><strong>Montagehinweis: Dieses System passt zwar in Fahrzeuge mit Ottopartikelfilter (OPF), aber die ECE-Typgenehmigung ist nicht g\u00fcltig. Dieses Produkt ist nicht kompatibel mit den Executive Modellen.<\/strong><\/p>\n<p><\/br\/><\/p>\n<p><\/br\/><\/p>\n<p>&#65279;<\/br\/><\/p>\n<p><\/br\/><\/p>\n","protected":false},"excerpt":{"rendered":"<p>Das eindrucksvolle System ist komplett aus hochwertigem Titan gefertigt.\u00a0Das System verf\u00fcgt \u00fcber eine aktive X-Verbindung und ein zus\u00e4tzliches Paar Abgasventile hinter den hinteren Schalld\u00e4mpfern. So l\u00e4sst sich der Klang der Abgasanlage perfekt steuern &#8211; f\u00fcr puren H\u00f6rgenuss. Das System wurde perfekt abgestimmt, um in allen Modi das beste Sounderlebnis zu bieten. Um einen sportlichen, tieferen, [&hellip;]<\/p>\n","protected":false},"featured_media":23492,"comment_status":"open","ping_status":"closed","template":"","meta":[],"product_brand":[],"product_cat":[16,20],"product_tag":[],"class_list":{"0":"post-2794","1":"product","2":"type-product","3":"status-publish","4":"has-post-thumbnail","6":"product_cat-akrapovic-auspuffanlagen","7":"product_cat-porsche","9":"first","10":"outofstock","11":"sale","12":"taxable","13":"shipping-taxable","14":"purchasable","15":"product-type-simple"},"_links":{"self":[{"href":"https:\/\/wagenthaler.com\/shop\/wp-json\/wp\/v2\/product\/2794","targetHints":{"allow":["GET"]}}],"collection":[{"href":"https:\/\/wagenthaler.com\/shop\/wp-json\/wp\/v2\/product"}],"about":[{"href":"https:\/\/wagenthaler.com\/shop\/wp-json\/wp\/v2\/types\/product"}],"replies":[{"embeddable":true,"href":"https:\/\/wagenthaler.com\/shop\/wp-json\/wp\/v2\/comments?post=2794"}],"wp:featuredmedia":[{"embeddable":true,"href":"https:\/\/wagenthaler.com\/shop\/wp-json\/wp\/v2\/media\/23492"}],"wp:attachment":[{"href":"https:\/\/wagenthaler.com\/shop\/wp-json\/wp\/v2\/media?parent=2794"}],"wp:term":[{"taxonomy":"product_brand","embeddable":true,"href":"https:\/\/wagenthaler.com\/shop\/wp-json\/wp\/v2\/product_brand?post=2794"},{"taxonomy":"product_cat","embeddable":true,"href":"https:\/\/wagenthaler.com\/shop\/wp-json\/wp\/v2\/product_cat?post=2794"},{"taxonomy":"product_tag","embeddable":true,"href":"https:\/\/wagenthaler.com\/shop\/wp-json\/wp\/v2\/product_tag?post=2794"}],"curies":[{"name":"wp","href":"https:\/\/api.w.org\/{rel}","templated":true}]}}