{"id":2804,"date":"2026-01-27T03:46:24","date_gmt":"2026-01-27T02:46:24","guid":{"rendered":"https:\/\/shop.wagenthaler.com\/produkt\/import\/"},"modified":"2026-02-05T14:43:25","modified_gmt":"2026-02-05T13:43:25","slug":"akrapovic-slip-on-line-titan-fuer-bmw-1-series-m-coupe-e82","status":"publish","type":"product","link":"https:\/\/wagenthaler.com\/shop\/akrapovic-slip-on-line-titan-fuer-bmw-1-series-m-coupe-e82\/","title":{"rendered":"Akrapovi\u010d Slip-On Line (Titan) f\u00fcr BMW 1 Series M Coup\u00e9 (E82)"},"content":{"rendered":"<p>Mit nur einem Schalld\u00e4mpfer ist der vollst\u00e4ndig aus Titan gefertigte Akrapovic-Slip-On modular konzipiert. Im Basismodus flie\u00dfen alle Abgase durch den Schalld\u00e4mpfer, wodurch ein im Vergleich zum Serienauspuff tieferes Brummen ohne Dr\u00f6hnen erzielt wird. Der Schalld\u00e4mpfer ist jedoch so gebaut, dass der Fahrer bei Ersetzung eines Verschlussblechs durch das optionale Akrapovic sound kit-Klappensystem in der Lage ist, das Soundvolumen des Auspuffs durch Knopfdruck erheblich zu steigern. Wenn das Klappensystem einmal eingeschaltet ist, str\u00f6mt der gr\u00f6\u00dfte Teil der Abgase durch die Schalld\u00e4mpfer-Bypass-Ausl\u00e4sse.<br \/>Auch bei Montage in einem ansonsten serienm\u00e4\u00dfigen Fahrzeug wird eine Leistungssteigerung und Gewichtsreduktion erzielt.<br \/>Geben Sie der Optik den letzten Schliff mit einem Set von vier exquisiten Endrohren aus Titan oder Carbon.<\/p>\n","protected":false},"excerpt":{"rendered":"<p>Mit nur einem Schalld\u00e4mpfer ist der vollst\u00e4ndig aus Titan gefertigte Akrapovic-Slip-On modular konzipiert. Im Basismodus flie\u00dfen alle Abgase durch den Schalld\u00e4mpfer, wodurch ein im Vergleich zum Serienauspuff tieferes Brummen ohne Dr\u00f6hnen erzielt wird. Der Schalld\u00e4mpfer ist jedoch so gebaut, dass der Fahrer bei Ersetzung eines Verschlussblechs durch das optionale Akrapovic sound kit-Klappensystem in der Lage [&hellip;]<\/p>\n","protected":false},"featured_media":23488,"comment_status":"open","ping_status":"closed","template":"","meta":[],"product_brand":[],"product_cat":[16,17],"product_tag":[],"class_list":{"0":"post-2804","1":"product","2":"type-product","3":"status-publish","4":"has-post-thumbnail","6":"product_cat-akrapovic-auspuffanlagen","7":"product_cat-bmw","9":"first","10":"outofstock","11":"sale","12":"taxable","13":"shipping-taxable","14":"purchasable","15":"product-type-simple"},"_links":{"self":[{"href":"https:\/\/wagenthaler.com\/shop\/wp-json\/wp\/v2\/product\/2804","targetHints":{"allow":["GET"]}}],"collection":[{"href":"https:\/\/wagenthaler.com\/shop\/wp-json\/wp\/v2\/product"}],"about":[{"href":"https:\/\/wagenthaler.com\/shop\/wp-json\/wp\/v2\/types\/product"}],"replies":[{"embeddable":true,"href":"https:\/\/wagenthaler.com\/shop\/wp-json\/wp\/v2\/comments?post=2804"}],"wp:featuredmedia":[{"embeddable":true,"href":"https:\/\/wagenthaler.com\/shop\/wp-json\/wp\/v2\/media\/23488"}],"wp:attachment":[{"href":"https:\/\/wagenthaler.com\/shop\/wp-json\/wp\/v2\/media?parent=2804"}],"wp:term":[{"taxonomy":"product_brand","embeddable":true,"href":"https:\/\/wagenthaler.com\/shop\/wp-json\/wp\/v2\/product_brand?post=2804"},{"taxonomy":"product_cat","embeddable":true,"href":"https:\/\/wagenthaler.com\/shop\/wp-json\/wp\/v2\/product_cat?post=2804"},{"taxonomy":"product_tag","embeddable":true,"href":"https:\/\/wagenthaler.com\/shop\/wp-json\/wp\/v2\/product_tag?post=2804"}],"curies":[{"name":"wp","href":"https:\/\/api.w.org\/{rel}","templated":true}]}}