{"id":2813,"date":"2026-01-27T03:46:56","date_gmt":"2026-01-27T02:46:56","guid":{"rendered":"https:\/\/shop.wagenthaler.com\/produkt\/import\/"},"modified":"2026-02-05T14:43:09","modified_gmt":"2026-02-05T13:43:09","slug":"akrapovic-evolution-line-titan-fuer-bmw-1-series-m-coupe-e82","status":"publish","type":"product","link":"https:\/\/wagenthaler.com\/shop\/akrapovic-evolution-line-titan-fuer-bmw-1-series-m-coupe-e82\/","title":{"rendered":"Akrapovi\u010d Evolution Line (Titan) f\u00fcr BMW 1 Series M Coup\u00e9 (E82)"},"content":{"rendered":"<p>Unser aus unserem eigenen Titan hergestelltes Evolution-Line-System umfasst einen Schalld\u00e4mpfer, Link Pipes und von der Originaldownpipe nach hinten verlaufende Resonatoren. Die Link Pipes haben einen gr\u00f6\u00dferen Durchmesser als die Originalrohre und sind mit Flanschen aus Gusstitan versehen. Die sekund\u00e4ren Katalysatoren werden ausgebaut, wodurch Staudruck und Gewicht zus\u00e4tzlich verringert werden und gleichzeitig ein tieferer Sound erzielt und die Kraftentfaltung gesteigert wird.<br \/>F\u00fcr das ultimative Ergebnis in Bezug auf Gewichtsreduktion, Tuningpotenzial und aggressiven Racing-Sound bieten wir optionale cat-less Downpipes aus Edelstahl an. Dies ist im Grunde dasselbe Set-up wie dasjenige f\u00fcr das 1M MotoGP Safety Car. F\u00fcr den echten Fanatiker!<br \/>Mit dem optionalen Akrapovic sound kit k\u00f6nnen Sie den Sound regulieren.<br \/>Geben Sie der Optik den letzten Schliff mit einem Set von vier exquisiten Endrohren aus Titan oder Carbon<br \/>Bei Installation optionaler Akrapovic-Nachr\u00fcst-Downpipes mit Sportkatalysator, die nur f\u00fcr die Verwendung auf geschlossenen Strecken bestimmt sind, ist ECU-Remapping vorgeschrieben. Bei Installation einer Akrapovic-Nachr\u00fcst-Aufpuffanlage, die f\u00fcr den Einsatz auf geschlossenen Strecken entwickelt wurde, empfehlen wir ECU.Remapping, um dem etwaigen Anspringen der Motorwarnleuchte vorzubeugen. <\/p>\n<p>DIESES PRODUKT ERF\u00dcLLT NICHT DIE EINZUHALTENDEN ABGASNORMEN IM STRASSENGEBRAUCH.<\/p>\n","protected":false},"excerpt":{"rendered":"<p>Unser aus unserem eigenen Titan hergestelltes Evolution-Line-System umfasst einen Schalld\u00e4mpfer, Link Pipes und von der Originaldownpipe nach hinten verlaufende Resonatoren. Die Link Pipes haben einen gr\u00f6\u00dferen Durchmesser als die Originalrohre und sind mit Flanschen aus Gusstitan versehen. Die sekund\u00e4ren Katalysatoren werden ausgebaut, wodurch Staudruck und Gewicht zus\u00e4tzlich verringert werden und gleichzeitig ein tieferer Sound erzielt [&hellip;]<\/p>\n","protected":false},"featured_media":23483,"comment_status":"open","ping_status":"closed","template":"","meta":[],"product_brand":[],"product_cat":[16,17],"product_tag":[],"class_list":{"0":"post-2813","1":"product","2":"type-product","3":"status-publish","4":"has-post-thumbnail","6":"product_cat-akrapovic-auspuffanlagen","7":"product_cat-bmw","9":"first","10":"outofstock","11":"sale","12":"taxable","13":"shipping-taxable","14":"purchasable","15":"product-type-simple"},"_links":{"self":[{"href":"https:\/\/wagenthaler.com\/shop\/wp-json\/wp\/v2\/product\/2813","targetHints":{"allow":["GET"]}}],"collection":[{"href":"https:\/\/wagenthaler.com\/shop\/wp-json\/wp\/v2\/product"}],"about":[{"href":"https:\/\/wagenthaler.com\/shop\/wp-json\/wp\/v2\/types\/product"}],"replies":[{"embeddable":true,"href":"https:\/\/wagenthaler.com\/shop\/wp-json\/wp\/v2\/comments?post=2813"}],"wp:featuredmedia":[{"embeddable":true,"href":"https:\/\/wagenthaler.com\/shop\/wp-json\/wp\/v2\/media\/23483"}],"wp:attachment":[{"href":"https:\/\/wagenthaler.com\/shop\/wp-json\/wp\/v2\/media?parent=2813"}],"wp:term":[{"taxonomy":"product_brand","embeddable":true,"href":"https:\/\/wagenthaler.com\/shop\/wp-json\/wp\/v2\/product_brand?post=2813"},{"taxonomy":"product_cat","embeddable":true,"href":"https:\/\/wagenthaler.com\/shop\/wp-json\/wp\/v2\/product_cat?post=2813"},{"taxonomy":"product_tag","embeddable":true,"href":"https:\/\/wagenthaler.com\/shop\/wp-json\/wp\/v2\/product_tag?post=2813"}],"curies":[{"name":"wp","href":"https:\/\/api.w.org\/{rel}","templated":true}]}}