{"id":2841,"date":"2026-01-27T03:48:05","date_gmt":"2026-01-27T02:48:05","guid":{"rendered":"https:\/\/shop.wagenthaler.com\/produkt\/import\/"},"modified":"2026-02-05T14:41:52","modified_gmt":"2026-02-05T13:41:52","slug":"akrapovic-evolution-line-titan-fuer-bmw-335i-e92","status":"publish","type":"product","link":"https:\/\/wagenthaler.com\/shop\/akrapovic-evolution-line-titan-fuer-bmw-335i-e92\/","title":{"rendered":"Akrapovi\u010d Evolution Line (Titan) f\u00fcr BMW 335i (E92)"},"content":{"rendered":"<p>Der n\u00e4chste Schritt zur Leistungssteigerung des 335i &#8211; \u00fcber den optionalen Slip-On hinaus &#8211; ist das Evolution-Auspuffsystem. Dieses System, das vollst\u00e4ndig aus Edelstahl oder Titan gefertigt wird, kann je nach Werkstoff 12 kg oder sogar 21 kg Gewichtsreduktion bringen.  Dass wir keine Kompromisse gemacht haben, zeigt die Leistungs- und Drehmomentsteigerung, wobei es jedoch nicht nur um noch gr\u00f6\u00dfere H\u00f6chstleistung geht, sondern um sp\u00fcrbare Verfeinerungen im gesamten Drehzahlbereich und um homogene Kraftentfaltung. Die Verringerung des Staudrucks resultiert in einer Verbesserung der Gasannahme und des Turbinen-Ansprechverhaltens.  Evolution-Auspuffanlagen klingen ausgesprochen sportiv und bringen das formidable Potenzial des m\u00e4chtigen Sechszylinders voll zur Geltung.  Geben Sie der Optik den letzten Schliff mit einem Set von zwei exquisiten Endrohren aus Titan. ACHTUNG: Passt m\u00f6glicherweise nicht mit originaler Anh\u00e4ngerkupplung. <\/p>\n<p>DIESES PRODUKT ERF\u00dcLLT NICHT DIE EINZUHALTENDEN ABGASNORMEN IM STRASSENGEBRAUCH.<\/p>\n","protected":false},"excerpt":{"rendered":"<p>Der n\u00e4chste Schritt zur Leistungssteigerung des 335i &#8211; \u00fcber den optionalen Slip-On hinaus &#8211; ist das Evolution-Auspuffsystem. Dieses System, das vollst\u00e4ndig aus Edelstahl oder Titan gefertigt wird, kann je nach Werkstoff 12 kg oder sogar 21 kg Gewichtsreduktion bringen. Dass wir keine Kompromisse gemacht haben, zeigt die Leistungs- und Drehmomentsteigerung, wobei es jedoch nicht nur [&hellip;]<\/p>\n","protected":false},"featured_media":23465,"comment_status":"open","ping_status":"closed","template":"","meta":[],"product_brand":[],"product_cat":[16,17],"product_tag":[],"class_list":{"0":"post-2841","1":"product","2":"type-product","3":"status-publish","4":"has-post-thumbnail","6":"product_cat-akrapovic-auspuffanlagen","7":"product_cat-bmw","9":"first","10":"instock","11":"taxable","12":"shipping-taxable","13":"purchasable","14":"product-type-simple"},"_links":{"self":[{"href":"https:\/\/wagenthaler.com\/shop\/wp-json\/wp\/v2\/product\/2841","targetHints":{"allow":["GET"]}}],"collection":[{"href":"https:\/\/wagenthaler.com\/shop\/wp-json\/wp\/v2\/product"}],"about":[{"href":"https:\/\/wagenthaler.com\/shop\/wp-json\/wp\/v2\/types\/product"}],"replies":[{"embeddable":true,"href":"https:\/\/wagenthaler.com\/shop\/wp-json\/wp\/v2\/comments?post=2841"}],"wp:featuredmedia":[{"embeddable":true,"href":"https:\/\/wagenthaler.com\/shop\/wp-json\/wp\/v2\/media\/23465"}],"wp:attachment":[{"href":"https:\/\/wagenthaler.com\/shop\/wp-json\/wp\/v2\/media?parent=2841"}],"wp:term":[{"taxonomy":"product_brand","embeddable":true,"href":"https:\/\/wagenthaler.com\/shop\/wp-json\/wp\/v2\/product_brand?post=2841"},{"taxonomy":"product_cat","embeddable":true,"href":"https:\/\/wagenthaler.com\/shop\/wp-json\/wp\/v2\/product_cat?post=2841"},{"taxonomy":"product_tag","embeddable":true,"href":"https:\/\/wagenthaler.com\/shop\/wp-json\/wp\/v2\/product_tag?post=2841"}],"curies":[{"name":"wp","href":"https:\/\/api.w.org\/{rel}","templated":true}]}}