{"id":2877,"date":"2026-01-27T03:49:39","date_gmt":"2026-01-27T02:49:39","guid":{"rendered":"https:\/\/shop.wagenthaler.com\/produkt\/import\/"},"modified":"2026-02-05T14:40:24","modified_gmt":"2026-02-05T13:40:24","slug":"akrapovic-slip-on-line-titan-fuer-bmw-340i-f30-f31-opf-gpf","status":"publish","type":"product","link":"https:\/\/wagenthaler.com\/shop\/akrapovic-slip-on-line-titan-fuer-bmw-340i-f30-f31-opf-gpf\/","title":{"rendered":"Akrapovi\u010d Slip-On Line (Titan) f\u00fcr BMW 340i (F30 \/ F31) &#8211; OPF\/GPF"},"content":{"rendered":"<p>Das Slip-On Abgassystem f\u00fcr den BMW M140i ist das Ergebnis der perfekten Integration von Know-how, bester Technik und dem Einsatz feinster Materialien. Es ist komplett aus Titan gefertigt und wird abgerundet durch zwei Sets neu entworfener und handgefertigter <strong>Karbonendrohre<\/strong>. Dank dieser sportlichen Eleganz sticht die bayerische Maschine aus der Masse hervor und vermittelt dank der zus\u00e4tzlichen Leistung und der Gewichtseinsparungen des Slip-On Abgassystems den Eindruck eines st\u00e4rkeren Fahrzeuges. Die zweistufige durch die Motorelektronik kontrollierte Klappensteuerung von Akrapovi\u010d bietet einen sanften und <strong>reichhaltigen Sound<\/strong> bei normaler Fahrt sowie einen tiefen, sportlichen und fast schon aggressiven Klang, wenn der M140i dynamischer bewegt wird. Das System beinhaltet einen entwickelten <strong>Akustik-Reflektor <\/strong>vor den Endrohren, die der Fahrer manuell einstellen kann, um den<strong> Sound im Innenraum<\/strong> zu verst\u00e4rken und das Fahrerlebnis zu verbessern.<\/p>\n<p>Das System l\u00e4sst sich als einfache Plug-and-Play-Erweiterung montieren und verf\u00fcgt \u00fcber eine ECE-Typzulassung. Auch das optionale Akrapovi\u010d Sound Kit ist verf\u00fcgbar.<\/br\/><\/p>\n<p>F\u00fcr die Installation des Slip-On-Systems muss die Serien-Abgasanlage abgeschnitten werden. Bitte lesen Sie die Hinweise vor Montagebeginn sorgf\u00e4ltig.<\/p>\n<p>Slip-On Line (Titan) kann auch bei BMW Anh\u00e4ngerkupplung verwendet werden.\u00a0Das Slip-On System ist nicht f\u00fcr Fahrzeuge verwendbar, die mit einem M Performance Diffusor ausger\u00fcstet sind.<\/p>\n<p><\/br\/><\/p>\n<p><strong>&#65279;<\/strong>Montagehinweis: <\/p>\n<p>Der Auspuff kann auch bei Fahrzeugen mit X-Drive verwendet werden.<\/p>\n<p>Slip-On Line (Titan) kann auch bei BMW Anh\u00e4ngerkupplung verwendet werden. <\/p>\n<p>Das Slip-On System ist nicht f\u00fcr Fahrzeuge verwendbar, die mit einem M Performance Diffusor ausger\u00fcstet sind.&#65279;<\/p>\n<p><\/br\/><\/p>\n","protected":false},"excerpt":{"rendered":"<p>Das Slip-On Abgassystem f\u00fcr den BMW M140i ist das Ergebnis der perfekten Integration von Know-how, bester Technik und dem Einsatz feinster Materialien. Es ist komplett aus Titan gefertigt und wird abgerundet durch zwei Sets neu entworfener und handgefertigter Karbonendrohre. Dank dieser sportlichen Eleganz sticht die bayerische Maschine aus der Masse hervor und vermittelt dank der [&hellip;]<\/p>\n","protected":false},"featured_media":23438,"comment_status":"open","ping_status":"closed","template":"","meta":[],"product_brand":[],"product_cat":[16,17],"product_tag":[],"class_list":{"0":"post-2877","1":"product","2":"type-product","3":"status-publish","4":"has-post-thumbnail","6":"product_cat-akrapovic-auspuffanlagen","7":"product_cat-bmw","9":"first","10":"outofstock","11":"sale","12":"taxable","13":"shipping-taxable","14":"purchasable","15":"product-type-simple"},"_links":{"self":[{"href":"https:\/\/wagenthaler.com\/shop\/wp-json\/wp\/v2\/product\/2877","targetHints":{"allow":["GET"]}}],"collection":[{"href":"https:\/\/wagenthaler.com\/shop\/wp-json\/wp\/v2\/product"}],"about":[{"href":"https:\/\/wagenthaler.com\/shop\/wp-json\/wp\/v2\/types\/product"}],"replies":[{"embeddable":true,"href":"https:\/\/wagenthaler.com\/shop\/wp-json\/wp\/v2\/comments?post=2877"}],"wp:featuredmedia":[{"embeddable":true,"href":"https:\/\/wagenthaler.com\/shop\/wp-json\/wp\/v2\/media\/23438"}],"wp:attachment":[{"href":"https:\/\/wagenthaler.com\/shop\/wp-json\/wp\/v2\/media?parent=2877"}],"wp:term":[{"taxonomy":"product_brand","embeddable":true,"href":"https:\/\/wagenthaler.com\/shop\/wp-json\/wp\/v2\/product_brand?post=2877"},{"taxonomy":"product_cat","embeddable":true,"href":"https:\/\/wagenthaler.com\/shop\/wp-json\/wp\/v2\/product_cat?post=2877"},{"taxonomy":"product_tag","embeddable":true,"href":"https:\/\/wagenthaler.com\/shop\/wp-json\/wp\/v2\/product_tag?post=2877"}],"curies":[{"name":"wp","href":"https:\/\/api.w.org\/{rel}","templated":true}]}}