{"id":2894,"date":"2026-01-27T03:50:48","date_gmt":"2026-01-27T02:50:48","guid":{"rendered":"https:\/\/shop.wagenthaler.com\/produkt\/import\/"},"modified":"2026-01-27T03:50:49","modified_gmt":"2026-01-27T02:50:49","slug":"akrapovic-carbon-fibre-mirror-cap-set-matte-fuer-bmw-340i-f30-f31-opf-gpf","status":"publish","type":"product","link":"https:\/\/wagenthaler.com\/shop\/akrapovic-carbon-fibre-mirror-cap-set-matte-fuer-bmw-340i-f30-f31-opf-gpf\/","title":{"rendered":"Akrapovi\u010d Carbon Fibre Mirror Cap Set &#8211; Matte f\u00fcr BMW 340i (F30 \/ F31) &#8211; OPF\/GPF"},"content":{"rendered":"<p>Um den sportlichen Auftritt des Autos zu komplettieren, werden erstmals von Akrapovi\u010d f\u00fcr ein Fahrzeug Kappen f\u00fcr die Au\u00dfenspiegel angeboten. Gefertigt aus wunderbarem <strong>handgemachten<\/strong> Karbon und in matter oder gl\u00e4nzender Ausf\u00fchrung wurden diese <strong>exquisiten<\/strong> Produkte entworfen, um die <strong>sportlichen Linien <\/strong>des M2 zu unterstreichen und die anderen Zubeh\u00f6rteile wie den Heck-Diffusor und die Endrohre zu erg\u00e4nzen.<\/p>\n","protected":false},"excerpt":{"rendered":"<p>Um den sportlichen Auftritt des Autos zu komplettieren, werden erstmals von Akrapovi\u010d f\u00fcr ein Fahrzeug Kappen f\u00fcr die Au\u00dfenspiegel angeboten. Gefertigt aus wunderbarem handgemachten Karbon und in matter oder gl\u00e4nzender Ausf\u00fchrung wurden diese exquisiten Produkte entworfen, um die sportlichen Linien des M2 zu unterstreichen und die anderen Zubeh\u00f6rteile wie den Heck-Diffusor und die Endrohre zu [&hellip;]<\/p>\n","protected":false},"featured_media":2875,"comment_status":"open","ping_status":"closed","template":"","meta":[],"product_brand":[],"product_cat":[18,17],"product_tag":[],"class_list":{"0":"post-2894","1":"product","2":"type-product","3":"status-publish","4":"has-post-thumbnail","6":"product_cat-akrapovic-zubehoer","7":"product_cat-bmw","9":"first","10":"outofstock","11":"sale","12":"taxable","13":"shipping-taxable","14":"purchasable","15":"product-type-simple"},"_links":{"self":[{"href":"https:\/\/wagenthaler.com\/shop\/wp-json\/wp\/v2\/product\/2894","targetHints":{"allow":["GET"]}}],"collection":[{"href":"https:\/\/wagenthaler.com\/shop\/wp-json\/wp\/v2\/product"}],"about":[{"href":"https:\/\/wagenthaler.com\/shop\/wp-json\/wp\/v2\/types\/product"}],"replies":[{"embeddable":true,"href":"https:\/\/wagenthaler.com\/shop\/wp-json\/wp\/v2\/comments?post=2894"}],"wp:featuredmedia":[{"embeddable":true,"href":"https:\/\/wagenthaler.com\/shop\/wp-json\/wp\/v2\/media\/2875"}],"wp:attachment":[{"href":"https:\/\/wagenthaler.com\/shop\/wp-json\/wp\/v2\/media?parent=2894"}],"wp:term":[{"taxonomy":"product_brand","embeddable":true,"href":"https:\/\/wagenthaler.com\/shop\/wp-json\/wp\/v2\/product_brand?post=2894"},{"taxonomy":"product_cat","embeddable":true,"href":"https:\/\/wagenthaler.com\/shop\/wp-json\/wp\/v2\/product_cat?post=2894"},{"taxonomy":"product_tag","embeddable":true,"href":"https:\/\/wagenthaler.com\/shop\/wp-json\/wp\/v2\/product_tag?post=2894"}],"curies":[{"name":"wp","href":"https:\/\/api.w.org\/{rel}","templated":true}]}}