{"id":2895,"date":"2026-01-27T03:50:50","date_gmt":"2026-01-27T02:50:50","guid":{"rendered":"https:\/\/shop.wagenthaler.com\/produkt\/import\/"},"modified":"2026-01-27T03:51:02","modified_gmt":"2026-01-27T02:51:02","slug":"akrapovic-evolution-line-edelstahl-fuer-bmw-435i-f32","status":"publish","type":"product","link":"https:\/\/wagenthaler.com\/shop\/akrapovic-evolution-line-edelstahl-fuer-bmw-435i-f32\/","title":{"rendered":"Akrapovi\u010d Evolution Line (Edelstahl) f\u00fcr BMW 435i (F32)"},"content":{"rendered":"<p>Evolution-Abgassysteme f\u00fcr den <strong>BMW 435i<\/strong> sind das Ergebnis einer perfekten Mischung aus Expertise, fortschrittlichster Technologie und den edelsten Materialien. Gefertigt aus austenitischem Edelstahl verf\u00fcgen diese Systeme \u00fcber ein neu entwickeltes Layout mit zwei zentralen Link Pipes, welche das einzelne Serien-Rohr ersetzen, ein neues Schalld\u00e4mpfer-Design und <strong>Karbon-Endrohre<\/strong>. Diese sportliche Eleganz l\u00e4sst das bayrischen Sportfahrzeug \u00fcber der Konkurrenz stehen und verleiht ihm eine sportlichere Note, die von zus\u00e4tzlicher Leistung und geringerem Gewicht durch das Evolution <strong>Performance-Auspuffsystem<\/strong> unterstrichen wird. Das ECU-gesteuerte Akrapovic Dual-Mode-Abgasklappensystem liefert bei entspannter Fahrt den Sound der Serienaustattung &#8211; und einen sportlich-tiefen Klang, der bei sportlicherer Fahrt des 435i eine wahre Freude ist. Die Evolution-Systeme ersetzen den Serien-Auspuff vollst\u00e4ndig ab den Katalysatoren nach hinten.<\/p>\n<p>Verwendbar f\u00fcr:<br \/>435i Coupe<br \/>435i xDrive Coupe<br \/>435i Cabrio<br \/>435i xDrive Cabrio<br \/>ActiveHybrid 3<\/br\/><\/p>\n","protected":false},"excerpt":{"rendered":"<p>Evolution-Abgassysteme f\u00fcr den BMW 435i sind das Ergebnis einer perfekten Mischung aus Expertise, fortschrittlichster Technologie und den edelsten Materialien. Gefertigt aus austenitischem Edelstahl verf\u00fcgen diese Systeme \u00fcber ein neu entwickeltes Layout mit zwei zentralen Link Pipes, welche das einzelne Serien-Rohr ersetzen, ein neues Schalld\u00e4mpfer-Design und Karbon-Endrohre. Diese sportliche Eleganz l\u00e4sst das bayrischen Sportfahrzeug \u00fcber der [&hellip;]<\/p>\n","protected":false},"featured_media":2896,"comment_status":"open","ping_status":"closed","template":"","meta":[],"product_brand":[],"product_cat":[16,17],"product_tag":[],"class_list":{"0":"post-2895","1":"product","2":"type-product","3":"status-publish","4":"has-post-thumbnail","6":"product_cat-akrapovic-auspuffanlagen","7":"product_cat-bmw","9":"first","10":"instock","11":"sale","12":"taxable","13":"shipping-taxable","14":"purchasable","15":"product-type-simple"},"_links":{"self":[{"href":"https:\/\/wagenthaler.com\/shop\/wp-json\/wp\/v2\/product\/2895","targetHints":{"allow":["GET"]}}],"collection":[{"href":"https:\/\/wagenthaler.com\/shop\/wp-json\/wp\/v2\/product"}],"about":[{"href":"https:\/\/wagenthaler.com\/shop\/wp-json\/wp\/v2\/types\/product"}],"replies":[{"embeddable":true,"href":"https:\/\/wagenthaler.com\/shop\/wp-json\/wp\/v2\/comments?post=2895"}],"wp:featuredmedia":[{"embeddable":true,"href":"https:\/\/wagenthaler.com\/shop\/wp-json\/wp\/v2\/media\/2896"}],"wp:attachment":[{"href":"https:\/\/wagenthaler.com\/shop\/wp-json\/wp\/v2\/media?parent=2895"}],"wp:term":[{"taxonomy":"product_brand","embeddable":true,"href":"https:\/\/wagenthaler.com\/shop\/wp-json\/wp\/v2\/product_brand?post=2895"},{"taxonomy":"product_cat","embeddable":true,"href":"https:\/\/wagenthaler.com\/shop\/wp-json\/wp\/v2\/product_cat?post=2895"},{"taxonomy":"product_tag","embeddable":true,"href":"https:\/\/wagenthaler.com\/shop\/wp-json\/wp\/v2\/product_tag?post=2895"}],"curies":[{"name":"wp","href":"https:\/\/api.w.org\/{rel}","templated":true}]}}