{"id":2901,"date":"2026-01-27T03:51:04","date_gmt":"2026-01-27T02:51:04","guid":{"rendered":"https:\/\/shop.wagenthaler.com\/produkt\/import\/"},"modified":"2026-01-27T03:51:27","modified_gmt":"2026-01-27T02:51:27","slug":"akrapovic-evolution-line-edelstahl-440i-fuer-bmw-440i-f32-f33-f36","status":"publish","type":"product","link":"https:\/\/wagenthaler.com\/shop\/akrapovic-evolution-line-edelstahl-440i-fuer-bmw-440i-f32-f33-f36\/","title":{"rendered":"Akrapovi\u010d Evolution Line (Edelstahl) 440i f\u00fcr BMW 440i (F32 \/ F33 \/ F36)"},"content":{"rendered":"<p>Evolution-Abgassysteme f\u00fcr den BMW 440i sind das Ergebnis einer perfekten Mischung aus Expertise, <strong>fortschrittlichster Technologie<\/strong> und den <strong>edelsten Materialien<\/strong>. Gefertigt aus austenitischem Edelstahl verf\u00fcgen diese Systeme \u00fcber ein neu entwickeltes Layout mit zwei zentralen Link Pipes. Die Anlage wird komplettiert durch Endrohre aus Karbon. Diese sportliche Eleganz l\u00e4sst das bayrischen Sportfahrzeug \u00fcber der Konkurrenz stehen und verleiht ihm eine sportlichere Note, die von <strong>zus\u00e4tzlicher Leistung <\/strong>und <strong>geringerem Gewicht <\/strong>durch das Evolution Performance-Auspuffsystem unterstrichen wird. Das ECU-gesteuerte Akrapovic Dual-Mode-Abgasklappensystem liefert bei entspannter Fahrt den Sound der Serienaustattung &#8211; und einen sportlich-tiefen Klang, der bei sportlicherer Fahrt des 440i eine wahre Freude ist. Die Evolution-Systeme ersetzen den Serien-Auspuff vollst\u00e4ndig ab den Katalysatoren nach hinten.<\/p>\n<p>Aus verpackungstechnischen Gr\u00fcnden ist das EVO System auf zwei Codes aufgeteilt. Es muss darauf geachtet werden, dass beide Teile-Nummern \u2013 MTP-BM\/SS\/ 2H\u00a0 und E-BM\/SS\/2 \u2013 bestellt werden m\u00fcssen!<\/p>\n<p><strong>Montagehinweis: Dieses System ist nicht f\u00fcr Fahrzeuge mit Ottopartikelfilter (OPF) geeignet.\u00a0\u00a0<\/strong><\/p>\n<p><strong>Das System ist f\u00fcr die Modelle F32 Coup\u00e9 und F33 (Cabrio) X-Drive geeignet. Es ist nicht mit dem F36 Gran Coup\u00e9 X-Drive Modell kompatibel.<\/strong><\/p>\n<p><\/br\/><\/p>\n","protected":false},"excerpt":{"rendered":"<p>Evolution-Abgassysteme f\u00fcr den BMW 440i sind das Ergebnis einer perfekten Mischung aus Expertise, fortschrittlichster Technologie und den edelsten Materialien. Gefertigt aus austenitischem Edelstahl verf\u00fcgen diese Systeme \u00fcber ein neu entwickeltes Layout mit zwei zentralen Link Pipes. Die Anlage wird komplettiert durch Endrohre aus Karbon. Diese sportliche Eleganz l\u00e4sst das bayrischen Sportfahrzeug \u00fcber der Konkurrenz stehen [&hellip;]<\/p>\n","protected":false},"featured_media":2902,"comment_status":"open","ping_status":"closed","template":"","meta":[],"product_brand":[],"product_cat":[16,17],"product_tag":[],"class_list":{"0":"post-2901","1":"product","2":"type-product","3":"status-publish","4":"has-post-thumbnail","6":"product_cat-akrapovic-auspuffanlagen","7":"product_cat-bmw","9":"first","10":"onbackorder","11":"sale","12":"taxable","13":"shipping-taxable","14":"purchasable","15":"product-type-simple"},"_links":{"self":[{"href":"https:\/\/wagenthaler.com\/shop\/wp-json\/wp\/v2\/product\/2901","targetHints":{"allow":["GET"]}}],"collection":[{"href":"https:\/\/wagenthaler.com\/shop\/wp-json\/wp\/v2\/product"}],"about":[{"href":"https:\/\/wagenthaler.com\/shop\/wp-json\/wp\/v2\/types\/product"}],"replies":[{"embeddable":true,"href":"https:\/\/wagenthaler.com\/shop\/wp-json\/wp\/v2\/comments?post=2901"}],"wp:featuredmedia":[{"embeddable":true,"href":"https:\/\/wagenthaler.com\/shop\/wp-json\/wp\/v2\/media\/2902"}],"wp:attachment":[{"href":"https:\/\/wagenthaler.com\/shop\/wp-json\/wp\/v2\/media?parent=2901"}],"wp:term":[{"taxonomy":"product_brand","embeddable":true,"href":"https:\/\/wagenthaler.com\/shop\/wp-json\/wp\/v2\/product_brand?post=2901"},{"taxonomy":"product_cat","embeddable":true,"href":"https:\/\/wagenthaler.com\/shop\/wp-json\/wp\/v2\/product_cat?post=2901"},{"taxonomy":"product_tag","embeddable":true,"href":"https:\/\/wagenthaler.com\/shop\/wp-json\/wp\/v2\/product_tag?post=2901"}],"curies":[{"name":"wp","href":"https:\/\/api.w.org\/{rel}","templated":true}]}}