{"id":2925,"date":"2026-01-27T03:52:12","date_gmt":"2026-01-27T02:52:12","guid":{"rendered":"https:\/\/shop.wagenthaler.com\/produkt\/import\/"},"modified":"2026-02-05T14:38:57","modified_gmt":"2026-02-05T13:38:57","slug":"akrapovic-evolution-line-edelstahl-fuer-bmw-m140i-f20-f21","status":"publish","type":"product","link":"https:\/\/wagenthaler.com\/shop\/akrapovic-evolution-line-edelstahl-fuer-bmw-m140i-f20-f21\/","title":{"rendered":"Akrapovi\u010d Evolution Line (Edelstahl) f\u00fcr BMW M140i (F20 \/ F21)"},"content":{"rendered":"<p>Das <strong>Evolution Line<\/strong> System hebt den BMW M140i auf das n\u00e4chste Level des Abgasanlagen- und Performance-Tunings. Entworfen um bei gleichzeitiger <strong>Gewichtsreduzierung Leistung<\/strong> und Drehmoment zu steigern, besteht dieses perfekt geformte System aus hochwertigem austenitischem Edelstahl und wird abgerundet durch handgefertigte <strong>Karbon-Endrohre<\/strong>. Um den bestm\u00f6glichen Abgasdurchfluss zu gew\u00e4hrleisten, verf\u00fcgt das System \u00fcber zwei zentrale Link Pipes, die das einteilige Original-Rohr ersetzen. Der Sound wird durch die Verwendung einer von der ECU kontrollierten Klappe mit zwei Arbeits-Modi verfeinert, die bei normaler Fahrt einen der Serienversion \u00e4hnlichen Ton abgibt, aber einen aufregenden sportlichen und tiefen Klang produziert, wenn die Fahrt dynamischer wird. Komplett konform mit den <strong>EC-Vorgaben<\/strong> und mit einer einfachen <strong>Plug-and-Play<\/strong>-Installation f\u00fcr leichte Montage.<\/p>\n<p>Aus verpackungstechnischen Gr\u00fcnden ist das EVO System auf zwei Codes aufgeteilt. Es muss darauf geachtet werden, dass beide Teile-Nummern \u2013 MTP-BM\/SS\/ 3H und E-BM\/SS\/3 \u2013 bestellt werden m\u00fcssen!<\/br\/><\/p>\n<p><strong>Montagehinweis:\u00a0<\/strong><\/p>\n<p><strong>Dieses System ist nicht f\u00fcr Fahrzeuge mit Ottopartikelfilter (OPF) geeignet.<\/strong><br \/><\/br\/><\/p>\n<p><strong>Der Auspuff kann auch bei Fahrzeugen mit X-Drive verwendet werden.<\/strong><br \/><\/br\/><\/p>\n","protected":false},"excerpt":{"rendered":"<p>Das Evolution Line System hebt den BMW M140i auf das n\u00e4chste Level des Abgasanlagen- und Performance-Tunings. Entworfen um bei gleichzeitiger Gewichtsreduzierung Leistung und Drehmoment zu steigern, besteht dieses perfekt geformte System aus hochwertigem austenitischem Edelstahl und wird abgerundet durch handgefertigte Karbon-Endrohre. Um den bestm\u00f6glichen Abgasdurchfluss zu gew\u00e4hrleisten, verf\u00fcgt das System \u00fcber zwei zentrale Link Pipes, [&hellip;]<\/p>\n","protected":false},"featured_media":23430,"comment_status":"open","ping_status":"closed","template":"","meta":[],"product_brand":[],"product_cat":[16,17],"product_tag":[],"class_list":{"0":"post-2925","1":"product","2":"type-product","3":"status-publish","4":"has-post-thumbnail","6":"product_cat-akrapovic-auspuffanlagen","7":"product_cat-bmw","9":"first","10":"outofstock","11":"sale","12":"taxable","13":"shipping-taxable","14":"purchasable","15":"product-type-simple"},"_links":{"self":[{"href":"https:\/\/wagenthaler.com\/shop\/wp-json\/wp\/v2\/product\/2925","targetHints":{"allow":["GET"]}}],"collection":[{"href":"https:\/\/wagenthaler.com\/shop\/wp-json\/wp\/v2\/product"}],"about":[{"href":"https:\/\/wagenthaler.com\/shop\/wp-json\/wp\/v2\/types\/product"}],"replies":[{"embeddable":true,"href":"https:\/\/wagenthaler.com\/shop\/wp-json\/wp\/v2\/comments?post=2925"}],"wp:featuredmedia":[{"embeddable":true,"href":"https:\/\/wagenthaler.com\/shop\/wp-json\/wp\/v2\/media\/23430"}],"wp:attachment":[{"href":"https:\/\/wagenthaler.com\/shop\/wp-json\/wp\/v2\/media?parent=2925"}],"wp:term":[{"taxonomy":"product_brand","embeddable":true,"href":"https:\/\/wagenthaler.com\/shop\/wp-json\/wp\/v2\/product_brand?post=2925"},{"taxonomy":"product_cat","embeddable":true,"href":"https:\/\/wagenthaler.com\/shop\/wp-json\/wp\/v2\/product_cat?post=2925"},{"taxonomy":"product_tag","embeddable":true,"href":"https:\/\/wagenthaler.com\/shop\/wp-json\/wp\/v2\/product_tag?post=2925"}],"curies":[{"name":"wp","href":"https:\/\/api.w.org\/{rel}","templated":true}]}}