{"id":2949,"date":"2026-01-27T03:53:26","date_gmt":"2026-01-27T02:53:26","guid":{"rendered":"https:\/\/shop.wagenthaler.com\/produkt\/import\/"},"modified":"2026-02-05T14:37:59","modified_gmt":"2026-02-05T13:37:59","slug":"akrapovic-evolution-line-titan-fuer-bmw-m2-f87","status":"publish","type":"product","link":"https:\/\/wagenthaler.com\/shop\/akrapovic-evolution-line-titan-fuer-bmw-m2-f87\/","title":{"rendered":"Akrapovi\u010d Evolution Line (Titan) f\u00fcr BMW M2 (F87)"},"content":{"rendered":"<p>Gefertigt aus <strong>ultra-leichtem und hochwertigen Titan<\/strong>, was das Gesamtgewicht des Autos reduziert und das Handling verbessert. Das perfekt verarbeitete und <strong>ECE-zugelassene <\/strong>System wurde darauf abgestimmt, das Beste aus dem TwinPower Turbo Sechszylindermotor des M2 herauszuholen und ist ganz darauf ausgelegt, \u00fcber den gesamten Drehzahlbereich mehr Leistung bereitzustellen. Dieses neue System hat zwei separate R\u00f6hren von der Downpipe zum Schalld\u00e4mpfer \u2013 anders als die originale Ausf\u00fchrung mit einer R\u00f6hre. Sie sind perfekt gef\u00fchrt und ausgeformt, um einen optimalen Abgasfluss vom beeindruckenden Motor des M2 zu erm\u00f6glichen und eine deutliche <strong>Performance-Steigerung<\/strong> zu bieten. Der Klang wurde von den Akrapovi\u010d Technikern verfeinert; der einzigartige externe <strong>Sound<\/strong> hat eine h\u00f6here Tonlage und vermittelt in h\u00f6heren Drehzahlbereichen ein echtes Racing-Gef\u00fchl. Die Evolution Line ist perfekt abgestimmt f\u00fcr den t\u00e4glichen Gebrauch bei Fahrten mit niedrigen Drehzahlen, da sie sanft und raffiniert arbeitet, aber dennoch bereits das wahre Potenzial des Systems andeutet. Aber wenn h\u00f6here Drehzahlen abgerufen werden und die Klappen permanent ge\u00f6ffnet sind, bietet der Sound einen spannend machenden Racing-Klang. Als einfaches <strong>Plug-and-Play-System<\/strong> ist es eine hervorragende Erg\u00e4nzung, um die Performance des BMW M2 zu steigern. Endrohre aus <strong>Karbon<\/strong> verbessern den Look des M2-Hecks und unterstreichen das sportliche Potenzial. Die Performance kann durch die Erg\u00e4nzung mit einer optionalen Downpipe, die mit und ohne Katalysatoren erh\u00e4ltlich ist, weiter gesteigert werden. Um den sportlichen Auftritt noch mehr zu betonen, sind weitere optionale Zubeh\u00f6rteile erh\u00e4ltlich.<br \/><\/br\/><\/p>\n<p><strong>Montagehinweis: Dieses System ist nicht f\u00fcr Fahrzeuge mit Ottopartikelfilter (OPF) geeignet.<\/strong><\/p>\n<p><\/br\/><\/p>\n","protected":false},"excerpt":{"rendered":"<p>Gefertigt aus ultra-leichtem und hochwertigen Titan, was das Gesamtgewicht des Autos reduziert und das Handling verbessert. Das perfekt verarbeitete und ECE-zugelassene System wurde darauf abgestimmt, das Beste aus dem TwinPower Turbo Sechszylindermotor des M2 herauszuholen und ist ganz darauf ausgelegt, \u00fcber den gesamten Drehzahlbereich mehr Leistung bereitzustellen. Dieses neue System hat zwei separate R\u00f6hren von [&hellip;]<\/p>\n","protected":false},"featured_media":23419,"comment_status":"open","ping_status":"closed","template":"","meta":[],"product_brand":[],"product_cat":[16,17],"product_tag":[],"class_list":{"0":"post-2949","1":"product","2":"type-product","3":"status-publish","4":"has-post-thumbnail","6":"product_cat-akrapovic-auspuffanlagen","7":"product_cat-bmw","9":"first","10":"outofstock","11":"sale","12":"taxable","13":"shipping-taxable","14":"purchasable","15":"product-type-simple"},"_links":{"self":[{"href":"https:\/\/wagenthaler.com\/shop\/wp-json\/wp\/v2\/product\/2949","targetHints":{"allow":["GET"]}}],"collection":[{"href":"https:\/\/wagenthaler.com\/shop\/wp-json\/wp\/v2\/product"}],"about":[{"href":"https:\/\/wagenthaler.com\/shop\/wp-json\/wp\/v2\/types\/product"}],"replies":[{"embeddable":true,"href":"https:\/\/wagenthaler.com\/shop\/wp-json\/wp\/v2\/comments?post=2949"}],"wp:featuredmedia":[{"embeddable":true,"href":"https:\/\/wagenthaler.com\/shop\/wp-json\/wp\/v2\/media\/23419"}],"wp:attachment":[{"href":"https:\/\/wagenthaler.com\/shop\/wp-json\/wp\/v2\/media?parent=2949"}],"wp:term":[{"taxonomy":"product_brand","embeddable":true,"href":"https:\/\/wagenthaler.com\/shop\/wp-json\/wp\/v2\/product_brand?post=2949"},{"taxonomy":"product_cat","embeddable":true,"href":"https:\/\/wagenthaler.com\/shop\/wp-json\/wp\/v2\/product_cat?post=2949"},{"taxonomy":"product_tag","embeddable":true,"href":"https:\/\/wagenthaler.com\/shop\/wp-json\/wp\/v2\/product_tag?post=2949"}],"curies":[{"name":"wp","href":"https:\/\/api.w.org\/{rel}","templated":true}]}}