{"id":2998,"date":"2026-01-27T03:56:14","date_gmt":"2026-01-27T02:56:14","guid":{"rendered":"https:\/\/shop.wagenthaler.com\/produkt\/akrapovic-p-hf1177-fuer-bmw-m2-competition-f87n-opf-gpf\/"},"modified":"2026-01-27T03:56:21","modified_gmt":"2026-01-27T02:56:21","slug":"akrapovic-sound-kit-fuer-bmw-m2-competition-f87n-opf-gpf","status":"publish","type":"product","link":"https:\/\/wagenthaler.com\/shop\/akrapovic-sound-kit-fuer-bmw-m2-competition-f87n-opf-gpf\/","title":{"rendered":"Akrapovi\u010d Sound Kit f\u00fcr BMW M2 Competition (F87N) &#8211; OPF\/GPF"},"content":{"rendered":"<p>Mit dem optionalen Akrapovi\u010d Sound Kit k\u00f6nnen die Besitzer ausgew\u00e4hlter Akrapovi\u010d-Abgasanlagen den Sound des Systems vom Cockpit ihres Fahrzeugs aus steuern. Mit der Akrapovi\u010d-Technologie k\u00f6nnen Fahrer einfach zwischen dem \u201eQuiet Mode\u201c und einem sportlicheren Sound wechseln. \u00dcber einen Empf\u00e4nger, der die Stellmotoren zum \u00d6ffnen und Schlie\u00dfen der Ventile am Ende der Abgasanlage steuert, kann der Fahrer mit Hilfe eines Sound Remote Controllers die Ventile regeln.<\/p>\n<p><strong>Das Akrapovi\u010d Sound Kit P-HF1177 wird nur bei der Verwendung des Slip-On Line Systems aus Titan ben\u00f6tigt. Wenn das Slip-on System um die Evolution Link Pipe erweitert wird, wird das optionale Akrapovi\u010d Sound Kit P-HF1177 nicht ben\u00f6tigt, denn das speziell entwickelte Akrapovi\u010d Sound Kit ist im Evolution Link Pipe Set bereits inklusive.<\/strong><\/p>\n<p><strong>Bei Nutzung des optionalen Akrapovi\u010d Sound Kit ist die ECE-Typgenehmigung nicht l\u00e4nger g\u00fcltig.<\/strong><\/p>\n<p>Bei den Bildern handelt es sich um Symboldarstellungen.<br \/><\/br\/><\/p>\n","protected":false},"excerpt":{"rendered":"<p>Mit dem optionalen Akrapovi\u010d Sound Kit k\u00f6nnen die Besitzer ausgew\u00e4hlter Akrapovi\u010d-Abgasanlagen den Sound des Systems vom Cockpit ihres Fahrzeugs aus steuern. Mit der Akrapovi\u010d-Technologie k\u00f6nnen Fahrer einfach zwischen dem \u201eQuiet Mode\u201c und einem sportlicheren Sound wechseln. \u00dcber einen Empf\u00e4nger, der die Stellmotoren zum \u00d6ffnen und Schlie\u00dfen der Ventile am Ende der Abgasanlage steuert, kann der [&hellip;]<\/p>\n","protected":false},"featured_media":2980,"comment_status":"open","ping_status":"closed","template":"","meta":[],"product_brand":[],"product_cat":[18,17],"product_tag":[],"class_list":{"0":"post-2998","1":"product","2":"type-product","3":"status-publish","4":"has-post-thumbnail","6":"product_cat-akrapovic-zubehoer","7":"product_cat-bmw","9":"first","10":"outofstock","11":"sale","12":"taxable","13":"shipping-taxable","14":"purchasable","15":"product-type-simple"},"_links":{"self":[{"href":"https:\/\/wagenthaler.com\/shop\/wp-json\/wp\/v2\/product\/2998","targetHints":{"allow":["GET"]}}],"collection":[{"href":"https:\/\/wagenthaler.com\/shop\/wp-json\/wp\/v2\/product"}],"about":[{"href":"https:\/\/wagenthaler.com\/shop\/wp-json\/wp\/v2\/types\/product"}],"replies":[{"embeddable":true,"href":"https:\/\/wagenthaler.com\/shop\/wp-json\/wp\/v2\/comments?post=2998"}],"wp:featuredmedia":[{"embeddable":true,"href":"https:\/\/wagenthaler.com\/shop\/wp-json\/wp\/v2\/media\/2980"}],"wp:attachment":[{"href":"https:\/\/wagenthaler.com\/shop\/wp-json\/wp\/v2\/media?parent=2998"}],"wp:term":[{"taxonomy":"product_brand","embeddable":true,"href":"https:\/\/wagenthaler.com\/shop\/wp-json\/wp\/v2\/product_brand?post=2998"},{"taxonomy":"product_cat","embeddable":true,"href":"https:\/\/wagenthaler.com\/shop\/wp-json\/wp\/v2\/product_cat?post=2998"},{"taxonomy":"product_tag","embeddable":true,"href":"https:\/\/wagenthaler.com\/shop\/wp-json\/wp\/v2\/product_tag?post=2998"}],"curies":[{"name":"wp","href":"https:\/\/api.w.org\/{rel}","templated":true}]}}