{"id":3033,"date":"2026-01-27T03:58:55","date_gmt":"2026-01-27T02:58:55","guid":{"rendered":"https:\/\/shop.wagenthaler.com\/produkt\/akrapovic-rear-chopped-carbon-fibre-diffuser-matte-fuer-bmw-m2-coupe-g87\/"},"modified":"2026-01-27T04:00:31","modified_gmt":"2026-01-27T03:00:31","slug":"akrapovic-rear-chopped-carbon-fibre-diffuser-matte-fuer-bmw-m2-coupe-g87","status":"publish","type":"product","link":"https:\/\/wagenthaler.com\/shop\/akrapovic-rear-chopped-carbon-fibre-diffuser-matte-fuer-bmw-m2-coupe-g87\/","title":{"rendered":"Akrapovi\u010d Rear Chopped Carbon Fibre Diffuser &#8211; Matte f\u00fcr BMW M2 Coup\u00e9 (G87)"},"content":{"rendered":"<p>To further personalise the styling, there is a choice of optional hand-crafted <strong>chopped carbon-fibre<\/strong> rear diffusers. Produced in-house by highly skilled technicians, this <strong>lightweight <\/strong>accessory  \u2013 with <strong>ABE type approval<\/strong> \u2013 is designed to show off the tailpipes of the Akrapovi\u010d Slip-On Line (Titanium) exhaust at their absolute best.<\/p>\n","protected":false},"excerpt":{"rendered":"<p>To further personalise the styling, there is a choice of optional hand-crafted chopped carbon-fibre rear diffusers. Produced in-house by highly skilled technicians, this lightweight accessory \u2013 with ABE type approval \u2013 is designed to show off the tailpipes of the Akrapovi\u010d Slip-On Line (Titanium) exhaust at their absolute best.<\/p>\n","protected":false},"featured_media":3034,"comment_status":"open","ping_status":"closed","template":"","meta":[],"product_brand":[],"product_cat":[18,17],"product_tag":[],"class_list":{"0":"post-3033","1":"product","2":"type-product","3":"status-publish","4":"has-post-thumbnail","6":"product_cat-akrapovic-zubehoer","7":"product_cat-bmw","9":"first","10":"outofstock","11":"sale","12":"taxable","13":"shipping-taxable","14":"purchasable","15":"product-type-simple"},"_links":{"self":[{"href":"https:\/\/wagenthaler.com\/shop\/wp-json\/wp\/v2\/product\/3033","targetHints":{"allow":["GET"]}}],"collection":[{"href":"https:\/\/wagenthaler.com\/shop\/wp-json\/wp\/v2\/product"}],"about":[{"href":"https:\/\/wagenthaler.com\/shop\/wp-json\/wp\/v2\/types\/product"}],"replies":[{"embeddable":true,"href":"https:\/\/wagenthaler.com\/shop\/wp-json\/wp\/v2\/comments?post=3033"}],"wp:featuredmedia":[{"embeddable":true,"href":"https:\/\/wagenthaler.com\/shop\/wp-json\/wp\/v2\/media\/3034"}],"wp:attachment":[{"href":"https:\/\/wagenthaler.com\/shop\/wp-json\/wp\/v2\/media?parent=3033"}],"wp:term":[{"taxonomy":"product_brand","embeddable":true,"href":"https:\/\/wagenthaler.com\/shop\/wp-json\/wp\/v2\/product_brand?post=3033"},{"taxonomy":"product_cat","embeddable":true,"href":"https:\/\/wagenthaler.com\/shop\/wp-json\/wp\/v2\/product_cat?post=3033"},{"taxonomy":"product_tag","embeddable":true,"href":"https:\/\/wagenthaler.com\/shop\/wp-json\/wp\/v2\/product_tag?post=3033"}],"curies":[{"name":"wp","href":"https:\/\/api.w.org\/{rel}","templated":true}]}}