{"id":3045,"date":"2026-01-27T03:59:42","date_gmt":"2026-01-27T02:59:42","guid":{"rendered":"https:\/\/shop.wagenthaler.com\/produkt\/import\/"},"modified":"2026-01-27T03:59:52","modified_gmt":"2026-01-27T02:59:52","slug":"akrapovic-tail-pipe-set-carbon-fuer-bmw-m2-coupe-g87","status":"publish","type":"product","link":"https:\/\/wagenthaler.com\/shop\/akrapovic-tail-pipe-set-carbon-fuer-bmw-m2-coupe-g87\/","title":{"rendered":"Akrapovi\u010d Tail Pipe Set (Carbon) f\u00fcr BMW M2 Coup\u00e9 (G87)"},"content":{"rendered":"<p>Die bahnbrechende achteckige Form wurde aus leichtem Titan mit einer Au\u00dfenh\u00fclle aus Karbon gefertigt und passt sich komplett den Linien des Fahrzeugs an. F\u00fcr traditionellere K\u00e4ufer gibt es das klassische Design, das ebenfalls aus diesen Materialien besteht, aber ein Update des aktuellen Akrapovi\u010d Angebots an Endrohren f\u00fcr BMW Fahrzeuge darstellt.<br \/><\/br\/><\/p>\n<p><\/br\/><\/p>\n","protected":false},"excerpt":{"rendered":"<p>Die bahnbrechende achteckige Form wurde aus leichtem Titan mit einer Au\u00dfenh\u00fclle aus Karbon gefertigt und passt sich komplett den Linien des Fahrzeugs an. F\u00fcr traditionellere K\u00e4ufer gibt es das klassische Design, das ebenfalls aus diesen Materialien besteht, aber ein Update des aktuellen Akrapovi\u010d Angebots an Endrohren f\u00fcr BMW Fahrzeuge darstellt.<\/p>\n","protected":false},"featured_media":3046,"comment_status":"open","ping_status":"closed","template":"","meta":[],"product_brand":[],"product_cat":[18,17],"product_tag":[],"class_list":{"0":"post-3045","1":"product","2":"type-product","3":"status-publish","4":"has-post-thumbnail","6":"product_cat-akrapovic-zubehoer","7":"product_cat-bmw","9":"first","10":"outofstock","11":"sale","12":"taxable","13":"shipping-taxable","14":"purchasable","15":"product-type-simple"},"_links":{"self":[{"href":"https:\/\/wagenthaler.com\/shop\/wp-json\/wp\/v2\/product\/3045","targetHints":{"allow":["GET"]}}],"collection":[{"href":"https:\/\/wagenthaler.com\/shop\/wp-json\/wp\/v2\/product"}],"about":[{"href":"https:\/\/wagenthaler.com\/shop\/wp-json\/wp\/v2\/types\/product"}],"replies":[{"embeddable":true,"href":"https:\/\/wagenthaler.com\/shop\/wp-json\/wp\/v2\/comments?post=3045"}],"wp:featuredmedia":[{"embeddable":true,"href":"https:\/\/wagenthaler.com\/shop\/wp-json\/wp\/v2\/media\/3046"}],"wp:attachment":[{"href":"https:\/\/wagenthaler.com\/shop\/wp-json\/wp\/v2\/media?parent=3045"}],"wp:term":[{"taxonomy":"product_brand","embeddable":true,"href":"https:\/\/wagenthaler.com\/shop\/wp-json\/wp\/v2\/product_brand?post=3045"},{"taxonomy":"product_cat","embeddable":true,"href":"https:\/\/wagenthaler.com\/shop\/wp-json\/wp\/v2\/product_cat?post=3045"},{"taxonomy":"product_tag","embeddable":true,"href":"https:\/\/wagenthaler.com\/shop\/wp-json\/wp\/v2\/product_tag?post=3045"}],"curies":[{"name":"wp","href":"https:\/\/api.w.org\/{rel}","templated":true}]}}