{"id":3059,"date":"2026-01-27T04:00:19","date_gmt":"2026-01-27T03:00:19","guid":{"rendered":"https:\/\/shop.wagenthaler.com\/produkt\/import\/"},"modified":"2026-01-27T04:00:24","modified_gmt":"2026-01-27T03:00:24","slug":"akrapovic-downpipe-w-o-cat-edelstahl-fuer-bmw-m2-coupe-g87","status":"publish","type":"product","link":"https:\/\/wagenthaler.com\/shop\/akrapovic-downpipe-w-o-cat-edelstahl-fuer-bmw-m2-coupe-g87\/","title":{"rendered":"Akrapovi\u010d Downpipe w\/o Cat (Edelstahl) f\u00fcr BMW M2 Coup\u00e9 (G87)"},"content":{"rendered":"<p>Developed to be used in conjunction with the Akrapovi\u010d Slip-On Line (Titanium) and the Evolution Link Pipe Set (Titanium), this <strong>high-quality stainless-steel<\/strong> downpipe has the <strong>catalytic converters removed<\/strong>. Delivering a <strong>pure racing sound<\/strong> full of emotion, this provides great feedback at high revs, <strong>without drone<\/strong>. Remapping the ECU is mandatory to prevent potential check engine light warning signals. This product is meant for racetrack closed course use only.<\/p>\n<p>This product fits on xDrive, CSL, M3 Touring (G81), M4 (G83) Competition and Convertible models.<\/p>\n<p>THIS PRODUCT DOES NOT MEET EMISSION COMPLIANCE REQUIREMENTS FOR STREET OR HIGHWAY USE.<\/p>\n","protected":false},"excerpt":{"rendered":"<p>Developed to be used in conjunction with the Akrapovi\u010d Slip-On Line (Titanium) and the Evolution Link Pipe Set (Titanium), this high-quality stainless-steel downpipe has the catalytic converters removed. Delivering a pure racing sound full of emotion, this provides great feedback at high revs, without drone. Remapping the ECU is mandatory to prevent potential check engine [&hellip;]<\/p>\n","protected":false},"featured_media":3060,"comment_status":"open","ping_status":"closed","template":"","meta":[],"product_brand":[],"product_cat":[18,17],"product_tag":[],"class_list":{"0":"post-3059","1":"product","2":"type-product","3":"status-publish","4":"has-post-thumbnail","6":"product_cat-akrapovic-zubehoer","7":"product_cat-bmw","9":"first","10":"outofstock","11":"sale","12":"taxable","13":"shipping-taxable","14":"purchasable","15":"product-type-simple"},"_links":{"self":[{"href":"https:\/\/wagenthaler.com\/shop\/wp-json\/wp\/v2\/product\/3059","targetHints":{"allow":["GET"]}}],"collection":[{"href":"https:\/\/wagenthaler.com\/shop\/wp-json\/wp\/v2\/product"}],"about":[{"href":"https:\/\/wagenthaler.com\/shop\/wp-json\/wp\/v2\/types\/product"}],"replies":[{"embeddable":true,"href":"https:\/\/wagenthaler.com\/shop\/wp-json\/wp\/v2\/comments?post=3059"}],"wp:featuredmedia":[{"embeddable":true,"href":"https:\/\/wagenthaler.com\/shop\/wp-json\/wp\/v2\/media\/3060"}],"wp:attachment":[{"href":"https:\/\/wagenthaler.com\/shop\/wp-json\/wp\/v2\/media?parent=3059"}],"wp:term":[{"taxonomy":"product_brand","embeddable":true,"href":"https:\/\/wagenthaler.com\/shop\/wp-json\/wp\/v2\/product_brand?post=3059"},{"taxonomy":"product_cat","embeddable":true,"href":"https:\/\/wagenthaler.com\/shop\/wp-json\/wp\/v2\/product_cat?post=3059"},{"taxonomy":"product_tag","embeddable":true,"href":"https:\/\/wagenthaler.com\/shop\/wp-json\/wp\/v2\/product_tag?post=3059"}],"curies":[{"name":"wp","href":"https:\/\/api.w.org\/{rel}","templated":true}]}}