{"id":3061,"date":"2026-01-27T04:00:34","date_gmt":"2026-01-27T03:00:34","guid":{"rendered":"https:\/\/shop.wagenthaler.com\/produkt\/import\/"},"modified":"2026-01-27T04:00:53","modified_gmt":"2026-01-27T03:00:53","slug":"akrapovic-fitting-kit-for-mounting-on-bmw-m2-g87-and-bmw-m240i-g42-fuer-bmw-m2-coupe-g87","status":"publish","type":"product","link":"https:\/\/wagenthaler.com\/shop\/akrapovic-fitting-kit-for-mounting-on-bmw-m2-g87-and-bmw-m240i-g42-fuer-bmw-m2-coupe-g87\/","title":{"rendered":"Akrapovi\u010d Fitting kit for mounting on BMW M2 (G87) and BMW M240i (G42) f\u00fcr BMW M2 Coup\u00e9 (G87)"},"content":{"rendered":"<p>Einbauhinweis:<\/p>\n<p>Obligatorisches Montageset zur Montage des Heckfl\u00fcgels (Carbon) an BMW M2 (G87) und\u00a0BMW M240i (G42).<br \/><\/br\/><\/p>\n","protected":false},"excerpt":{"rendered":"<p>Einbauhinweis: Obligatorisches Montageset zur Montage des Heckfl\u00fcgels (Carbon) an BMW M2 (G87) und\u00a0BMW M240i (G42).<\/p>\n","protected":false},"featured_media":3062,"comment_status":"open","ping_status":"closed","template":"","meta":[],"product_brand":[],"product_cat":[18,17],"product_tag":[],"class_list":{"0":"post-3061","1":"product","2":"type-product","3":"status-publish","4":"has-post-thumbnail","6":"product_cat-akrapovic-zubehoer","7":"product_cat-bmw","9":"first","10":"instock","11":"sale","12":"taxable","13":"shipping-taxable","14":"purchasable","15":"product-type-simple"},"_links":{"self":[{"href":"https:\/\/wagenthaler.com\/shop\/wp-json\/wp\/v2\/product\/3061","targetHints":{"allow":["GET"]}}],"collection":[{"href":"https:\/\/wagenthaler.com\/shop\/wp-json\/wp\/v2\/product"}],"about":[{"href":"https:\/\/wagenthaler.com\/shop\/wp-json\/wp\/v2\/types\/product"}],"replies":[{"embeddable":true,"href":"https:\/\/wagenthaler.com\/shop\/wp-json\/wp\/v2\/comments?post=3061"}],"wp:featuredmedia":[{"embeddable":true,"href":"https:\/\/wagenthaler.com\/shop\/wp-json\/wp\/v2\/media\/3062"}],"wp:attachment":[{"href":"https:\/\/wagenthaler.com\/shop\/wp-json\/wp\/v2\/media?parent=3061"}],"wp:term":[{"taxonomy":"product_brand","embeddable":true,"href":"https:\/\/wagenthaler.com\/shop\/wp-json\/wp\/v2\/product_brand?post=3061"},{"taxonomy":"product_cat","embeddable":true,"href":"https:\/\/wagenthaler.com\/shop\/wp-json\/wp\/v2\/product_cat?post=3061"},{"taxonomy":"product_tag","embeddable":true,"href":"https:\/\/wagenthaler.com\/shop\/wp-json\/wp\/v2\/product_tag?post=3061"}],"curies":[{"name":"wp","href":"https:\/\/api.w.org\/{rel}","templated":true}]}}