{"id":3063,"date":"2026-01-27T04:00:55","date_gmt":"2026-01-27T03:00:55","guid":{"rendered":"https:\/\/shop.wagenthaler.com\/produkt\/import\/"},"modified":"2026-01-27T04:01:04","modified_gmt":"2026-01-27T03:01:04","slug":"akrapovic-slip-on-line-titan-fuer-bmw-m2-coupe-g87-opf-gpf","status":"publish","type":"product","link":"https:\/\/wagenthaler.com\/shop\/akrapovic-slip-on-line-titan-fuer-bmw-m2-coupe-g87-opf-gpf\/","title":{"rendered":"Akrapovi\u010d Slip-On Line (Titan) f\u00fcr BMW M2 Coup\u00e9 (G87) &#8211; OPF\/GPF"},"content":{"rendered":"<p>Dieses Produkt ist vollst\u00e4ndig aus hochwertigem <strong>Titan <\/strong>gefertigt und verf\u00fcgt \u00fcber spezielle Teile, wie zwei Klappen, eine f\u00fcr jede Seite des Schalld\u00e4mpfers, und zwei akustische Reflektoren. Das Geh\u00e4use der Klappen und die Kollektoren werden in der hauseigenen Titangie\u00dferei gegossen. Es stehen zwei Endrohrdesigns zur Auswahl: entweder die bahnbrechende achteckige Form, wie sie erstmals bei der Abgasanlage f\u00fcr den BMW M3\/M4 zu sehen war, oder das traditionellere und klassische Design. Die beiden Endrohre sind mit handgefertigten Karbon-Au\u00dfenh\u00fcllen versehen.\u00a0<\/p>\n<p>Durch die Verwendung von <strong>Leichtbaumaterialien <\/strong>ist die Abgasanlage im Vergleich zur seriellen 7,3 kg leichter (32,7 % weniger Gewicht). Die <strong>Leistung <\/strong>wird um 3,9 kW (5,3 PS) bei 2.800 U\/min gesteigert und ein <strong>Drehmomentzuwachs <\/strong>von 13,5 Nm bei 2.800 U\/min wurde bei einem Test auf dem Akrapovi\u010d-Pr\u00fcfstand im Vergleich zu einem BMW M2 Coup\u00e9 mit serieller Abgasanlage registriert. Die Abgasanlage wurde entwickelt, um ein einzigartiges Fahrerlebnis zu bieten. Zusammen mit dem fortschrittlichsten Akrapovi\u010d-Steuerkit &#8211; das auf ein au\u00dfergew\u00f6hnliches Klangerlebnis ausgelegt ist &#8211; sorgt das System mit seinen Klappen und akustischen Reflektoren f\u00fcr einen sanften, satten Klang bei normaler Fahrt und einen tiefen, sportlichen Sound, wenn das M2 Coup\u00e9 dynamischer und enthusiastischer gefahren wird.<br \/>Ein ECU-Remapping ist nicht erforderlich, und die Abgasanlage erf\u00fcllt die <strong>ECE-Typgenehmigungsbedingungen<\/strong> f\u00fcr das BMW M2 Coup\u00e9 (G87) mit OPF-Filter.<\/br\/><\/p>\n<p><strong>Optional sind Linkpipes und Downpipes <\/strong>f\u00fcr den Einsatz auf geschlossenen Rennstrecken entwickelt, ebenso wie das optionale Akrapovi\u010d Sound Kit. Mit dem Einbau dieser Optionen entf\u00e4llt die ECE-Typgenehmigung der Slip-On Line (Titanium).<\/p>\n<p>Die Slip-On Line (Titanium) Abgasanlage ist EC\/ECE-typgepr\u00fcft f\u00fcr Fahrzeuge, die mit einem Ottopartikelfilter ausgestattet sind.<\/br\/><\/p>\n<p><strong>Das Tail Pipe Set (Carbon) muss obligatorisch separat bestellt werden. Bitte w\u00e4hlen Sie TP-CT\/69 oder TP-CT\/68 oder\u00a0<strong>TP-CT\/73\/CF<\/strong>.<\/strong><\/p>\n<p>Die Abgasanlage passt auf das BMW M2 CS Modell, jedoch ist die ECE-Typgenehmigung nicht g\u00fcltig.<\/p>\n<p><\/br\/><\/p>\n<p><\/br\/><\/p>\n<p><\/br\/><\/p>\n","protected":false},"excerpt":{"rendered":"<p>Dieses Produkt ist vollst\u00e4ndig aus hochwertigem Titan gefertigt und verf\u00fcgt \u00fcber spezielle Teile, wie zwei Klappen, eine f\u00fcr jede Seite des Schalld\u00e4mpfers, und zwei akustische Reflektoren. Das Geh\u00e4use der Klappen und die Kollektoren werden in der hauseigenen Titangie\u00dferei gegossen. Es stehen zwei Endrohrdesigns zur Auswahl: entweder die bahnbrechende achteckige Form, wie sie erstmals bei der [&hellip;]<\/p>\n","protected":false},"featured_media":3004,"comment_status":"open","ping_status":"closed","template":"","meta":[],"product_brand":[],"product_cat":[16,17],"product_tag":[],"class_list":{"0":"post-3063","1":"product","2":"type-product","3":"status-publish","4":"has-post-thumbnail","6":"product_cat-akrapovic-auspuffanlagen","7":"product_cat-bmw","9":"first","10":"instock","11":"sale","12":"taxable","13":"shipping-taxable","14":"purchasable","15":"product-type-variable"},"_links":{"self":[{"href":"https:\/\/wagenthaler.com\/shop\/wp-json\/wp\/v2\/product\/3063","targetHints":{"allow":["GET"]}}],"collection":[{"href":"https:\/\/wagenthaler.com\/shop\/wp-json\/wp\/v2\/product"}],"about":[{"href":"https:\/\/wagenthaler.com\/shop\/wp-json\/wp\/v2\/types\/product"}],"replies":[{"embeddable":true,"href":"https:\/\/wagenthaler.com\/shop\/wp-json\/wp\/v2\/comments?post=3063"}],"wp:featuredmedia":[{"embeddable":true,"href":"https:\/\/wagenthaler.com\/shop\/wp-json\/wp\/v2\/media\/3004"}],"wp:attachment":[{"href":"https:\/\/wagenthaler.com\/shop\/wp-json\/wp\/v2\/media?parent=3063"}],"wp:term":[{"taxonomy":"product_brand","embeddable":true,"href":"https:\/\/wagenthaler.com\/shop\/wp-json\/wp\/v2\/product_brand?post=3063"},{"taxonomy":"product_cat","embeddable":true,"href":"https:\/\/wagenthaler.com\/shop\/wp-json\/wp\/v2\/product_cat?post=3063"},{"taxonomy":"product_tag","embeddable":true,"href":"https:\/\/wagenthaler.com\/shop\/wp-json\/wp\/v2\/product_tag?post=3063"}],"curies":[{"name":"wp","href":"https:\/\/api.w.org\/{rel}","templated":true}]}}