{"id":3077,"date":"2026-01-27T04:01:09","date_gmt":"2026-01-27T03:01:09","guid":{"rendered":"https:\/\/shop.wagenthaler.com\/produkt\/import\/"},"modified":"2026-02-05T14:37:33","modified_gmt":"2026-02-05T13:37:33","slug":"akrapovic-slip-on-line-titan-fuer-bmw-m2-cs-f87n","status":"publish","type":"product","link":"https:\/\/wagenthaler.com\/shop\/akrapovic-slip-on-line-titan-fuer-bmw-m2-cs-f87n\/","title":{"rendered":"Akrapovi\u010d Slip-On Line (Titan) f\u00fcr BMW M2 CS (F87N)"},"content":{"rendered":"<p><strong>Das System wurde anhand eines mit OPF \/ GPF ausger\u00fcsteten BMW M2 Competition (F87N) entwickelt, kann jedoch f\u00fcr beide Versionen (OPF und Nicht-OPF) verwendet werden. Die ECE-Typgenehmigung gilt nur f\u00fcr Fahrzeuge mit Otto-\/Benzinpartikelfilter.<\/strong><br \/><\/br\/><\/p>\n<p>Der beeindruckende <strong>M2 Competition<\/strong> ist das neueste Mitglied der BMW M Modellpalette, ein exquisites Hochleistungsauto, das durch eine Akrapovi\u010d <strong>Slip-On<\/strong> Abgasanlage noch besser gemacht werden kann. Hergestellt aus <strong>Titan<\/strong> \u2013 einige Teile stammen direkt aus der betriebseigenen Akrapovi\u010d Gie\u00dferei \u2013 reduziert dieses System das Gewicht der Serien-Abgasanlage um mehr als <strong>45%<\/strong>, sorgt f\u00fcr extra <strong>Leistung<\/strong> und verringert den<strong> Gegendruck<\/strong>. Auch den Sound verbesserten die Akrapovi\u010d Ingenieure, indem sie vor allem im mittleren und oberen Drehzahlbereich einen sehr sportlichen und nicht dr\u00f6hnenden Klang entwickelten. Endrohre aus Karbon versch\u00f6nern das Heck des M2 Competition und unterstreichen sein sportliches Potenzial. Die Performance kann durch die Erweiterung mit dem optionalen Evolution Link Pipe Set weiter gesteigert werden. Um den Look des Systems bestm\u00f6glich abzurunden, sind optional auch der Diffusor und die Au\u00dfenspiegelkappen in <strong>Karbon-Ausf\u00fchrung<\/strong> erh\u00e4ltlich.<\/p>\n<p>Die Anlage ist als einfaches Plug-and-Play-System leicht zu montieren und erf\u00fcllt die ECE-Typzulassungen. <\/p>\n<p><strong>Ebenfalls optional erh\u00e4ltlich ist das Akrapovi\u010d Sound Kit (P-HF1177). Wenn das Slip-on System um die Evolution Link Pipe erweitert wird, wird das optionale Akrapovi\u010d Sound Kit P-HF1177 nicht ben\u00f6tigt, denn das speziell entwickelte Akrapovi\u010d Sound Kit ist im Evolution Link Pipe Set bereits inklusive.\u00a0Bei Nutzung des optionalen Akrapovi\u010d Sound Kit ist die ECE-Typgenehmigung nicht l\u00e4nger g\u00fcltig.<\/strong><\/p>\n<p>F\u00fcr die Installation des Slip-On-Systems muss die Serien-Abgasanlage abgeschnitten werden. Bitte lesen Sie die Hinweise vor Montagebeginn sorgf\u00e4ltig.<\/br\/><\/p>\n<p><\/br\/><\/p>\n<p><strong>Die ECE-Typgenehmigung gilt nicht f\u00fcr die M2 CS Fahrzeuge.<\/strong><br \/><\/br\/><\/p>\n","protected":false},"excerpt":{"rendered":"<p>Das System wurde anhand eines mit OPF \/ GPF ausger\u00fcsteten BMW M2 Competition (F87N) entwickelt, kann jedoch f\u00fcr beide Versionen (OPF und Nicht-OPF) verwendet werden. Die ECE-Typgenehmigung gilt nur f\u00fcr Fahrzeuge mit Otto-\/Benzinpartikelfilter. Der beeindruckende M2 Competition ist das neueste Mitglied der BMW M Modellpalette, ein exquisites Hochleistungsauto, das durch eine Akrapovi\u010d Slip-On Abgasanlage noch [&hellip;]<\/p>\n","protected":false},"featured_media":23413,"comment_status":"open","ping_status":"closed","template":"","meta":[],"product_brand":[],"product_cat":[16,17],"product_tag":[],"class_list":{"0":"post-3077","1":"product","2":"type-product","3":"status-publish","4":"has-post-thumbnail","6":"product_cat-akrapovic-auspuffanlagen","7":"product_cat-bmw","9":"first","10":"instock","11":"sale","12":"taxable","13":"shipping-taxable","14":"purchasable","15":"product-type-simple"},"_links":{"self":[{"href":"https:\/\/wagenthaler.com\/shop\/wp-json\/wp\/v2\/product\/3077","targetHints":{"allow":["GET"]}}],"collection":[{"href":"https:\/\/wagenthaler.com\/shop\/wp-json\/wp\/v2\/product"}],"about":[{"href":"https:\/\/wagenthaler.com\/shop\/wp-json\/wp\/v2\/types\/product"}],"replies":[{"embeddable":true,"href":"https:\/\/wagenthaler.com\/shop\/wp-json\/wp\/v2\/comments?post=3077"}],"wp:featuredmedia":[{"embeddable":true,"href":"https:\/\/wagenthaler.com\/shop\/wp-json\/wp\/v2\/media\/23413"}],"wp:attachment":[{"href":"https:\/\/wagenthaler.com\/shop\/wp-json\/wp\/v2\/media?parent=3077"}],"wp:term":[{"taxonomy":"product_brand","embeddable":true,"href":"https:\/\/wagenthaler.com\/shop\/wp-json\/wp\/v2\/product_brand?post=3077"},{"taxonomy":"product_cat","embeddable":true,"href":"https:\/\/wagenthaler.com\/shop\/wp-json\/wp\/v2\/product_cat?post=3077"},{"taxonomy":"product_tag","embeddable":true,"href":"https:\/\/wagenthaler.com\/shop\/wp-json\/wp\/v2\/product_tag?post=3077"}],"curies":[{"name":"wp","href":"https:\/\/api.w.org\/{rel}","templated":true}]}}