{"id":3085,"date":"2026-01-27T04:01:24","date_gmt":"2026-01-27T03:01:24","guid":{"rendered":"https:\/\/shop.wagenthaler.com\/produkt\/import\/"},"modified":"2026-02-05T14:36:20","modified_gmt":"2026-02-05T13:36:20","slug":"akrapovic-slip-on-line-titan-fuer-bmw-m2-cs-f87n-opf-gpf","status":"publish","type":"product","link":"https:\/\/wagenthaler.com\/shop\/akrapovic-slip-on-line-titan-fuer-bmw-m2-cs-f87n-opf-gpf\/","title":{"rendered":"Akrapovi\u010d Slip-On Line (Titan) f\u00fcr BMW M2 CS (F87N) &#8211; OPF\/GPF"},"content":{"rendered":"<p><strong>Das System wurde anhand eines mit OPF \/ GPF ausger\u00fcsteten BMW M2 CS (F87N) entwickelt, kann jedoch f\u00fcr beide Versionen (OPF und Nicht-OPF) verwendet werden. Die ECE-Typgenehmigung gilt nur f\u00fcr Fahrzeuge mit Otto-\/Benzinpartikelfilter.<\/p>\n<p>Der beeindruckende <strong>M2 CS<\/strong> ist das neueste Mitglied der BMW M Modellpalette, ein exquisites Hochleistungsauto, das durch eine Akrapovi\u010d <strong>Slip-On <\/strong>Abgasanlage noch besser gemacht werden kann. Hergestellt aus <strong>Titan <\/strong>\u2013 einige Teile stammen direkt aus der betriebseigenen Akrapovi\u010d Gie\u00dferei \u2013 reduziert dieses System das Gewicht der Serien-Abgasanlage um mehr als <strong>45%<\/strong>, sorgt f\u00fcr extra <strong>Leistung <\/strong>und verringert den <strong>Gegendruck<\/strong>. Auch den Sound verbesserten die Akrapovi\u010d Ingenieure, indem sie vor allem im mittleren und oberen Drehzahlbereich einen sehr sportlichen und nicht dr\u00f6hnenden Klang entwickelten. Endrohre aus Karbon versch\u00f6nern das Heck des M2 CS und unterstreichen sein sportliches Potenzial. Die Performance kann durch die Erweiterung mit dem optionalen Evolution Link Pipe Set weiter gesteigert werden. Um den Look des Systems bestm\u00f6glich abzurunden, sind optional auch der Diffusor und die Au\u00dfenspiegelkappen in <strong>Karbon-Ausf\u00fchrung<\/strong> erh\u00e4ltlich.<\/p>\n<p>Die Anlage ist als einfaches Plug-and-Play-System leicht zu montieren und erf\u00fcllt die ECE-Typzulassungen.<\/p>\n<p><strong>Ebenfalls optional erh\u00e4ltlich ist das Akrapovi\u010d Sound Kit (P-HF1385). Wenn das Slip-on System um die Evolution Link Pipe erweitert wird, wird das optionale Akrapovi\u010d Sound Kit P-HF1385 nicht ben\u00f6tigt. Bei Nutzung des optionalen Akrapovi\u010d Sound Kit ist die ECE-Typgenehmigung nicht l\u00e4nger g\u00fcltig.<\/p>\n<p><\/br\/><\/br\/><\/strong><\/p>\n","protected":false},"excerpt":{"rendered":"<p>Das System wurde anhand eines mit OPF \/ GPF ausger\u00fcsteten BMW M2 CS (F87N) entwickelt, kann jedoch f\u00fcr beide Versionen (OPF und Nicht-OPF) verwendet werden. Die ECE-Typgenehmigung gilt nur f\u00fcr Fahrzeuge mit Otto-\/Benzinpartikelfilter. Der beeindruckende M2 CS ist das neueste Mitglied der BMW M Modellpalette, ein exquisites Hochleistungsauto, das durch eine Akrapovi\u010d Slip-On Abgasanlage noch [&hellip;]<\/p>\n","protected":false},"featured_media":23408,"comment_status":"open","ping_status":"closed","template":"","meta":[],"product_brand":[],"product_cat":[16,17],"product_tag":[],"class_list":{"0":"post-3085","1":"product","2":"type-product","3":"status-publish","4":"has-post-thumbnail","6":"product_cat-akrapovic-auspuffanlagen","7":"product_cat-bmw","9":"first","10":"outofstock","11":"sale","12":"taxable","13":"shipping-taxable","14":"purchasable","15":"product-type-simple"},"_links":{"self":[{"href":"https:\/\/wagenthaler.com\/shop\/wp-json\/wp\/v2\/product\/3085","targetHints":{"allow":["GET"]}}],"collection":[{"href":"https:\/\/wagenthaler.com\/shop\/wp-json\/wp\/v2\/product"}],"about":[{"href":"https:\/\/wagenthaler.com\/shop\/wp-json\/wp\/v2\/types\/product"}],"replies":[{"embeddable":true,"href":"https:\/\/wagenthaler.com\/shop\/wp-json\/wp\/v2\/comments?post=3085"}],"wp:featuredmedia":[{"embeddable":true,"href":"https:\/\/wagenthaler.com\/shop\/wp-json\/wp\/v2\/media\/23408"}],"wp:attachment":[{"href":"https:\/\/wagenthaler.com\/shop\/wp-json\/wp\/v2\/media?parent=3085"}],"wp:term":[{"taxonomy":"product_brand","embeddable":true,"href":"https:\/\/wagenthaler.com\/shop\/wp-json\/wp\/v2\/product_brand?post=3085"},{"taxonomy":"product_cat","embeddable":true,"href":"https:\/\/wagenthaler.com\/shop\/wp-json\/wp\/v2\/product_cat?post=3085"},{"taxonomy":"product_tag","embeddable":true,"href":"https:\/\/wagenthaler.com\/shop\/wp-json\/wp\/v2\/product_tag?post=3085"}],"curies":[{"name":"wp","href":"https:\/\/api.w.org\/{rel}","templated":true}]}}