{"id":3091,"date":"2026-01-27T04:02:26","date_gmt":"2026-01-27T03:02:26","guid":{"rendered":"https:\/\/shop.wagenthaler.com\/produkt\/akrapovic-e-bm-t-5-fuer-bmw-m2-cs-f87n-opf-gpf\/"},"modified":"2026-01-27T04:02:29","modified_gmt":"2026-01-27T03:02:29","slug":"akrapovic-evolution-link-pipe-set-titan-fuer-bmw-m2-cs-f87n-opf-gpf","status":"publish","type":"product","link":"https:\/\/wagenthaler.com\/shop\/akrapovic-evolution-link-pipe-set-titan-fuer-bmw-m2-cs-f87n-opf-gpf\/","title":{"rendered":"Akrapovi\u010d Evolution Link pipe set (Titan) f\u00fcr BMW M2 CS (F87N) &#8211; OPF\/GPF"},"content":{"rendered":"<p><strong>Der Evolution Link Pipe Set (Titan) wurde zusammen  mit der Slip-On Line (Titan) system montiert werden.<br \/><\/br\/><\/strong><\/p>\n<p>Das System wurde anhand eines mit OPF \/ GPF ausger\u00fcsteten BMW M2 Competition (F87N) entwickelt, kann jedoch f\u00fcr beide Versionen (OPF und Nicht-OPF) verwendet werden.<br \/><\/br\/><\/p>\n<p>Das<strong> Evolution Link Pipe Set <\/strong>erweitert das Slip-On System zum Evolution System, das aus einem hinteren Slip-on Schalld\u00e4mpfer und gr\u00f6\u00dferen Evolution Link Pipe Tubes mit einem mittleren Schalld\u00e4mpfer besteht. Alles wurde so entwickelt, dass die Performance und die Verarbeitung des Komplettsystems so perfekt sind wie sein Aussehen. Es ist vollst\u00e4ndig aus <strong>Titan<\/strong> gefertigt. Das ganze System ist so ausgelegt, dass es den <strong>bestm\u00f6glichen Abgasfluss<\/strong> bietet. Steigerungen von Leistung und Drehmoment des M2 Competition sind durch die Verwendung des Slip-On Line Systems und des Evolution Link Pipe Sets garantiert. Ausgefeilte Technik hat ein einzigartiges <strong>Klangprofil hervorgebracht<\/strong>, das sich deutlich von dem des Seriensystems unterscheidet und einen tiefen und sportlichen Klang ohne unerw\u00fcnschte Obert\u00f6ne oder Dr\u00f6hnfrequenzen liefert, ann\u00e4hernd wie im <strong>Rennsport<\/strong>. Zudem \u00e4ndert sich der Klang deutlich bei offenen oder geschlossenen Klappen.<\/p>\n<p><strong>Eine Kontrolleinheit f\u00fcr eine optimale Balance zwischen Sportlichkeit und Komfort ist inbegriffen und steuert mit einem Receiver sowie der Sound Remote Einheit (oder der Smartphone-App) die Klappen.\u00a0Bei der Installation in Kombination mit dem BMW M2 CS Slip-On (S-BM\/T\/26H) muss das Slip-On-Steuerungskit-Modul P-HF1386 mit dem Empf\u00e4nger und dem Schl\u00fcsselanh\u00e4nger des Link Pipe Sets installiert werden.<\/strong><\/p>\n<p>Nach der Installation des Akrapovi\u010d Evolution Link Pipe Sets ist eine Neuprogrammierung der ECU erforderlich, um m\u00f6gliche Warnsignale der Motorkontrollleuchte zu verhindern.<\/br\/><\/p>\n<p>DIESES PRODUKT ERF\u00dcLLT NICHT DIE EINZUHALTENDEN ABGASNORMEN IM STRASSENGEBRAUCH.<\/p>\n<p><\/br\/><\/p>\n","protected":false},"excerpt":{"rendered":"<p>Der Evolution Link Pipe Set (Titan) wurde zusammen mit der Slip-On Line (Titan) system montiert werden. Das System wurde anhand eines mit OPF \/ GPF ausger\u00fcsteten BMW M2 Competition (F87N) entwickelt, kann jedoch f\u00fcr beide Versionen (OPF und Nicht-OPF) verwendet werden. Das Evolution Link Pipe Set erweitert das Slip-On System zum Evolution System, das aus [&hellip;]<\/p>\n","protected":false},"featured_media":2975,"comment_status":"open","ping_status":"closed","template":"","meta":[],"product_brand":[],"product_cat":[18,17],"product_tag":[],"class_list":{"0":"post-3091","1":"product","2":"type-product","3":"status-publish","4":"has-post-thumbnail","6":"product_cat-akrapovic-zubehoer","7":"product_cat-bmw","9":"first","10":"instock","11":"sale","12":"taxable","13":"shipping-taxable","14":"purchasable","15":"product-type-simple"},"_links":{"self":[{"href":"https:\/\/wagenthaler.com\/shop\/wp-json\/wp\/v2\/product\/3091","targetHints":{"allow":["GET"]}}],"collection":[{"href":"https:\/\/wagenthaler.com\/shop\/wp-json\/wp\/v2\/product"}],"about":[{"href":"https:\/\/wagenthaler.com\/shop\/wp-json\/wp\/v2\/types\/product"}],"replies":[{"embeddable":true,"href":"https:\/\/wagenthaler.com\/shop\/wp-json\/wp\/v2\/comments?post=3091"}],"wp:featuredmedia":[{"embeddable":true,"href":"https:\/\/wagenthaler.com\/shop\/wp-json\/wp\/v2\/media\/2975"}],"wp:attachment":[{"href":"https:\/\/wagenthaler.com\/shop\/wp-json\/wp\/v2\/media?parent=3091"}],"wp:term":[{"taxonomy":"product_brand","embeddable":true,"href":"https:\/\/wagenthaler.com\/shop\/wp-json\/wp\/v2\/product_brand?post=3091"},{"taxonomy":"product_cat","embeddable":true,"href":"https:\/\/wagenthaler.com\/shop\/wp-json\/wp\/v2\/product_cat?post=3091"},{"taxonomy":"product_tag","embeddable":true,"href":"https:\/\/wagenthaler.com\/shop\/wp-json\/wp\/v2\/product_tag?post=3091"}],"curies":[{"name":"wp","href":"https:\/\/api.w.org\/{rel}","templated":true}]}}