{"id":3092,"date":"2026-01-27T04:02:27","date_gmt":"2026-01-27T03:02:27","guid":{"rendered":"https:\/\/shop.wagenthaler.com\/produkt\/akrapovic-dp-bm-ss-3-fuer-bmw-m2-cs-f87n-opf-gpf\/"},"modified":"2026-01-27T04:02:30","modified_gmt":"2026-01-27T03:02:30","slug":"akrapovic-downpipe-edelstahl-fuer-bmw-m2-cs-f87n-opf-gpf","status":"publish","type":"product","link":"https:\/\/wagenthaler.com\/shop\/akrapovic-downpipe-edelstahl-fuer-bmw-m2-cs-f87n-opf-gpf\/","title":{"rendered":"Akrapovi\u010d Downpipe (Edelstahl) f\u00fcr BMW M2 CS (F87N) &#8211; OPF\/GPF"},"content":{"rendered":"<p><strong>Die Downpipe (SS) wurde zusammen mit der Evolution Line (Titan) montiert werden.<\/strong><\/p>\n<p><\/span><\/\/span><\/p>\n<p>Erleben sie ultimative Gewichtsreduzierung, perfektes Tuning-Potential und puren Racing-Sound: Akrapovi\u010d bietet Edelstahl-Downpipes ohne Katalysator an, die aus dem BMW eine noch kraftvollere Maschine machen. Diese Downpipes sind eigens gemacht f\u00fcr spezielle Track-Days-Autos und Enthusiasten. Jeder anspruchsvolle Fahrer erlebt so in diesem ohnehin schon herausragenden Performance-Automobil noch mehr Freude am Fahren. Diese wundersch\u00f6n gearbeiteten Downpipes sind die perfekte Erg\u00e4nzung zur Akrapovi\u010d Evolution Auspuffanlage \u2013 sie sorgen f\u00fcr einen gro\u00dfartigen Sound ohne unerw\u00fcnschte Innenger\u00e4usche.<\/p>\n<p> Wenn nachr\u00fcstbare Akrapovi\u010d Downpipes \u2013 letztere wurden nur f\u00fcr den Einsatz auf abgesperrten Rennstrecken entwickelt \u2013 eingebaut werden, muss das Mapping der ECU neu durchgef\u00fchrt werden, um das m\u00f6gliche Aufleuchten der Motorwarnleuchte zu vermeiden.<\/p>\n<p> DIESES PRODUKT ERF\u00dcLLT NICHT DIE EINZUHALTENDEN ABGASNORMEN IM STRASSENGEBRAUCH.<\/br\/><\/br\/><\/p>\n","protected":false},"excerpt":{"rendered":"<p>Die Downpipe (SS) wurde zusammen mit der Evolution Line (Titan) montiert werden. Erleben sie ultimative Gewichtsreduzierung, perfektes Tuning-Potential und puren Racing-Sound: Akrapovi\u010d bietet Edelstahl-Downpipes ohne Katalysator an, die aus dem BMW eine noch kraftvollere Maschine machen. Diese Downpipes sind eigens gemacht f\u00fcr spezielle Track-Days-Autos und Enthusiasten. Jeder anspruchsvolle Fahrer erlebt so in diesem ohnehin schon [&hellip;]<\/p>\n","protected":false},"featured_media":2978,"comment_status":"open","ping_status":"closed","template":"","meta":[],"product_brand":[],"product_cat":[18,17],"product_tag":[],"class_list":{"0":"post-3092","1":"product","2":"type-product","3":"status-publish","4":"has-post-thumbnail","6":"product_cat-akrapovic-zubehoer","7":"product_cat-bmw","9":"first","10":"outofstock","11":"sale","12":"taxable","13":"shipping-taxable","14":"purchasable","15":"product-type-simple"},"_links":{"self":[{"href":"https:\/\/wagenthaler.com\/shop\/wp-json\/wp\/v2\/product\/3092","targetHints":{"allow":["GET"]}}],"collection":[{"href":"https:\/\/wagenthaler.com\/shop\/wp-json\/wp\/v2\/product"}],"about":[{"href":"https:\/\/wagenthaler.com\/shop\/wp-json\/wp\/v2\/types\/product"}],"replies":[{"embeddable":true,"href":"https:\/\/wagenthaler.com\/shop\/wp-json\/wp\/v2\/comments?post=3092"}],"wp:featuredmedia":[{"embeddable":true,"href":"https:\/\/wagenthaler.com\/shop\/wp-json\/wp\/v2\/media\/2978"}],"wp:attachment":[{"href":"https:\/\/wagenthaler.com\/shop\/wp-json\/wp\/v2\/media?parent=3092"}],"wp:term":[{"taxonomy":"product_brand","embeddable":true,"href":"https:\/\/wagenthaler.com\/shop\/wp-json\/wp\/v2\/product_brand?post=3092"},{"taxonomy":"product_cat","embeddable":true,"href":"https:\/\/wagenthaler.com\/shop\/wp-json\/wp\/v2\/product_cat?post=3092"},{"taxonomy":"product_tag","embeddable":true,"href":"https:\/\/wagenthaler.com\/shop\/wp-json\/wp\/v2\/product_tag?post=3092"}],"curies":[{"name":"wp","href":"https:\/\/api.w.org\/{rel}","templated":true}]}}