{"id":3097,"date":"2026-01-27T04:02:37","date_gmt":"2026-01-27T03:02:37","guid":{"rendered":"https:\/\/shop.wagenthaler.com\/produkt\/import\/"},"modified":"2026-02-05T14:35:16","modified_gmt":"2026-02-05T13:35:16","slug":"akrapovic-evolution-line-edelstahl-fuer-bmw-m240i-f22-f23","status":"publish","type":"product","link":"https:\/\/wagenthaler.com\/shop\/akrapovic-evolution-line-edelstahl-fuer-bmw-m240i-f22-f23\/","title":{"rendered":"Akrapovi\u010d Evolution Line (Edelstahl) f\u00fcr BMW M240i (F22 \/ F23)"},"content":{"rendered":"<p>Das <strong>Evolution Line<\/strong> Abgassystem hebt den BMW M240i mit einer Steigerung von Drehmoment und Leistung auf die n\u00e4chste Stufe des Performance-Tunings. Makellos gezeichnet, um sich perfekt in die Linien des Autos zu integrieren, wird dieses System aus hochwertigem austenitischem Edelstahl abgerundet durch handgefertigte <strong>Karbon-Endrohre<\/strong>, die auch den optischen Eindruck verst\u00e4rken. Mit der Verwendung von zwei zentralen Link Pipes, die das einteilige Original-Rohr ersetzen, ist das System auf den <strong>optimalen Fluss<\/strong> des Abgasstroms abgestimmt. Eine von der ECU kontrollierte Klappe mit zwei Modi steuert den Sound, der bei steigenden Drehzahlen einen tiefen und sportlich vollen Klang entwickelt. Mit der Konformit\u00e4t mit den <strong>EC-Vorgaben<\/strong> ist das leicht zu installierende Evolution Line System eine perfekte Erg\u00e4nzung f\u00fcr ein ohnehin schon spektakul\u00e4res Auto.<\/p>\n<p>Aus verpackungstechnischen Gr\u00fcnden ist das EVO System auf zwei Codes aufgeteilt. Es muss darauf geachtet werden, dass beide Teile-Nummern \u2013 MTP-BM\/SS\/ 4H \u00a0und E-BM\/SS\/3 \u2013 bestellt werden m\u00fcssen!<\/br\/><\/p>\n<p><strong><br \/>Montagehinweis:\u00a0<\/br\/><\/strong><\/p>\n<p><strong>Dieses System ist nicht f\u00fcr Fahrzeuge mit Ottopartikelfilter (OPF) geeignet.<\/strong><\/p>\n<p><strong>Der Auspuff kann auch bei Fahrzeugen mit X-Drive verwendet werden.<\/strong><\/p>\n<p><\/br\/><\/p>\n","protected":false},"excerpt":{"rendered":"<p>Das Evolution Line Abgassystem hebt den BMW M240i mit einer Steigerung von Drehmoment und Leistung auf die n\u00e4chste Stufe des Performance-Tunings. Makellos gezeichnet, um sich perfekt in die Linien des Autos zu integrieren, wird dieses System aus hochwertigem austenitischem Edelstahl abgerundet durch handgefertigte Karbon-Endrohre, die auch den optischen Eindruck verst\u00e4rken. Mit der Verwendung von zwei [&hellip;]<\/p>\n","protected":false},"featured_media":23403,"comment_status":"open","ping_status":"closed","template":"","meta":[],"product_brand":[],"product_cat":[16,17],"product_tag":[],"class_list":{"0":"post-3097","1":"product","2":"type-product","3":"status-publish","4":"has-post-thumbnail","6":"product_cat-akrapovic-auspuffanlagen","7":"product_cat-bmw","9":"first","10":"outofstock","11":"sale","12":"taxable","13":"shipping-taxable","14":"purchasable","15":"product-type-simple"},"_links":{"self":[{"href":"https:\/\/wagenthaler.com\/shop\/wp-json\/wp\/v2\/product\/3097","targetHints":{"allow":["GET"]}}],"collection":[{"href":"https:\/\/wagenthaler.com\/shop\/wp-json\/wp\/v2\/product"}],"about":[{"href":"https:\/\/wagenthaler.com\/shop\/wp-json\/wp\/v2\/types\/product"}],"replies":[{"embeddable":true,"href":"https:\/\/wagenthaler.com\/shop\/wp-json\/wp\/v2\/comments?post=3097"}],"wp:featuredmedia":[{"embeddable":true,"href":"https:\/\/wagenthaler.com\/shop\/wp-json\/wp\/v2\/media\/23403"}],"wp:attachment":[{"href":"https:\/\/wagenthaler.com\/shop\/wp-json\/wp\/v2\/media?parent=3097"}],"wp:term":[{"taxonomy":"product_brand","embeddable":true,"href":"https:\/\/wagenthaler.com\/shop\/wp-json\/wp\/v2\/product_brand?post=3097"},{"taxonomy":"product_cat","embeddable":true,"href":"https:\/\/wagenthaler.com\/shop\/wp-json\/wp\/v2\/product_cat?post=3097"},{"taxonomy":"product_tag","embeddable":true,"href":"https:\/\/wagenthaler.com\/shop\/wp-json\/wp\/v2\/product_tag?post=3097"}],"curies":[{"name":"wp","href":"https:\/\/api.w.org\/{rel}","templated":true}]}}