{"id":3129,"date":"2026-01-27T04:04:23","date_gmt":"2026-01-27T03:04:23","guid":{"rendered":"https:\/\/shop.wagenthaler.com\/produkt\/import\/"},"modified":"2026-02-05T14:32:45","modified_gmt":"2026-02-05T13:32:45","slug":"akrapovic-slip-on-line-titan-fuer-bmw-m240i-g42-opf-gpf","status":"publish","type":"product","link":"https:\/\/wagenthaler.com\/shop\/akrapovic-slip-on-line-titan-fuer-bmw-m240i-g42-opf-gpf\/","title":{"rendered":"Akrapovi\u010d Slip-On Line (Titan) f\u00fcr BMW M240i (G42) &#8211; OPF\/GPF"},"content":{"rendered":"<p>Gefertigt aus leichtem, <strong>hochwertigem Titan und mit handgefertigten Karbon-Endrohren<\/strong> bietet dieses System eine sp\u00fcrbare Gewichtseinsparung, mehr Leistung und Drehmoment sowie einen <strong>dramatischen Sound<\/strong>. Leistung und Drehmoment steigen um 7,1 kW (9,7 PS) bei 2.450 U\/min und 20,5 Nm bei 2.450 U\/min, ermittelt auf dem Akrapovi\u010d Pr\u00fcfstand im Vergleich zu einem BMW M240i mit serienm\u00e4\u00dfiger Abgasanlage. Die Verwendung spezieller Teile, die in dem System integriert sind, sorgen f\u00fcr einen berauschenden Sound. <strong>Zwei Ventile<\/strong> statt einem wie in der Serienkonfiguration sind zur Anpassung des Klangs kalibriert, und zwei <strong>akustische Reflektoren<\/strong> sind an den Endrohren angebracht, um den Sound in den Fahrzeuginnenraum zu leiten und das Fahrerlebnis so zu ver\u00e4ndern, dass ein absolut eindrucksvoller Klang im Cockpit des Fahrzeugs entsteht, der f\u00fcr Nervenkitzel und Vergn\u00fcgen bei den Insassen sorgt. Da die Akrapovi\u010d Slip-On Line (Titanium) Abgasanlage zwei Ventile hat, eines mehr als die Serienanlage, ist ein TNG-Controller im Produkt enthalten, um das zus\u00e4tzliche Auslassventil zu steuern. Zwei Resonatoren, einer auf jeder Seite des zentralen Schalld\u00e4mpfers, perfektionieren das Klangerlebnis. Der weiche, satte Klang bei normaler Fahrt steigert sich bei einer enthusiastischeren Fahrweise zu einem tiefen und sportlichen Sound. Der Sound kann auch vom Cockpit aus gesteuert werden, wenn das optionale Akrapovi\u010d Sound Kit hinzugef\u00fcgt wird. In der hauseigenen Gie\u00dferei von Akrapovi\u010d werden spezielle Teile gegossen, um die komplizierten und komplexen Bauteile herzustellen, die f\u00fcr dieses System ben\u00f6tigt werden.<\/p>\n<p>Die Anlage erf\u00fcllt die <strong>EC\/ECE-Typgenehmigung<\/strong>, und in dieser Konfiguration ist keine Neuprogrammierung n\u00f6tig.\u00a0Die ECE-Typgenehmigung gilt nur f\u00fcr Fahrzeuge mit Otto-\/Benzinpartikelfilter.<\/p>\n<p><strong>Bei der Installation der Slip-On-Auspuffanlage am BMW M240i (G42) wird ein zus\u00e4tzlicher Ventilstellantrieb (Teile-Nr. 18 30 8 686 640) ben\u00f6tigt.<\/strong><\/p>\n<p>Die Abgasanlage passt auf Fahrzeuge des Modelljahres 2026 (Motortyp B58TU2), jedoch ist die ECE-Typgenehmigung nicht g\u00fcltig.<\/p>\n<p><strong><\/p>\n<p><\/br\/><\/br\/><\/p>\n","protected":false},"excerpt":{"rendered":"<p>Gefertigt aus leichtem, hochwertigem Titan und mit handgefertigten Karbon-Endrohren bietet dieses System eine sp\u00fcrbare Gewichtseinsparung, mehr Leistung und Drehmoment sowie einen dramatischen Sound. Leistung und Drehmoment steigen um 7,1 kW (9,7 PS) bei 2.450 U\/min und 20,5 Nm bei 2.450 U\/min, ermittelt auf dem Akrapovi\u010d Pr\u00fcfstand im Vergleich zu einem BMW M240i mit serienm\u00e4\u00dfiger Abgasanlage. [&hellip;]<\/p>\n","protected":false},"featured_media":23384,"comment_status":"open","ping_status":"closed","template":"","meta":[],"product_brand":[],"product_cat":[16,17],"product_tag":[],"class_list":{"0":"post-3129","1":"product","2":"type-product","3":"status-publish","4":"has-post-thumbnail","6":"product_cat-akrapovic-auspuffanlagen","7":"product_cat-bmw","9":"first","10":"instock","11":"sale","12":"taxable","13":"shipping-taxable","14":"purchasable","15":"product-type-simple"},"_links":{"self":[{"href":"https:\/\/wagenthaler.com\/shop\/wp-json\/wp\/v2\/product\/3129","targetHints":{"allow":["GET"]}}],"collection":[{"href":"https:\/\/wagenthaler.com\/shop\/wp-json\/wp\/v2\/product"}],"about":[{"href":"https:\/\/wagenthaler.com\/shop\/wp-json\/wp\/v2\/types\/product"}],"replies":[{"embeddable":true,"href":"https:\/\/wagenthaler.com\/shop\/wp-json\/wp\/v2\/comments?post=3129"}],"wp:featuredmedia":[{"embeddable":true,"href":"https:\/\/wagenthaler.com\/shop\/wp-json\/wp\/v2\/media\/23384"}],"wp:attachment":[{"href":"https:\/\/wagenthaler.com\/shop\/wp-json\/wp\/v2\/media?parent=3129"}],"wp:term":[{"taxonomy":"product_brand","embeddable":true,"href":"https:\/\/wagenthaler.com\/shop\/wp-json\/wp\/v2\/product_brand?post=3129"},{"taxonomy":"product_cat","embeddable":true,"href":"https:\/\/wagenthaler.com\/shop\/wp-json\/wp\/v2\/product_cat?post=3129"},{"taxonomy":"product_tag","embeddable":true,"href":"https:\/\/wagenthaler.com\/shop\/wp-json\/wp\/v2\/product_tag?post=3129"}],"curies":[{"name":"wp","href":"https:\/\/api.w.org\/{rel}","templated":true}]}}