{"id":3139,"date":"2026-01-27T04:04:39","date_gmt":"2026-01-27T03:04:39","guid":{"rendered":"https:\/\/shop.wagenthaler.com\/produkt\/import\/"},"modified":"2026-02-05T14:32:17","modified_gmt":"2026-02-05T13:32:17","slug":"akrapovic-evolution-line-titan-fuer-bmw-m3-e92-e93","status":"publish","type":"product","link":"https:\/\/wagenthaler.com\/shop\/akrapovic-evolution-line-titan-fuer-bmw-m3-e92-e93\/","title":{"rendered":"Akrapovi\u010d Evolution Line (Titan) f\u00fcr BMW M3 (E92 \/ E93)"},"content":{"rendered":"<p>Das Evolution-System f\u00fcr den BMW M3 besteht aus Dual-Outlet-Schalld\u00e4mpfern, str\u00f6mungsoptimierten Link Pipes und einer X-Pipe mit 100-cpsi-High-Flow-Sportkatalysatoren und Resonatoren.<br \/>Die Leistungs- und Drehmomentverbesserung des BMW M3 mit dem Evolution-System ist erstaunlich. Erheblicher Power-Gewinn in einem sehr breiten Drehzahlbereich und verbessertes Ansprechverhalten in allen Fahrphasen. Durch die unglaubliche Gewichtseinsparung sorgt das Evolution-System f\u00fcr ein v\u00f6llig anderes Leistungs-Masse-Verh\u00e4ltnis.<br \/>Unser Ziel war es, ein System zu entwickeln, das bei Reisegeschwindigkeiten ein tiefes, sattes Brummen h\u00f6ren l\u00e4sst, dem Fahrer aber auch erlaubt, bei hohem Tempo das aggressive Br\u00fcllen zu genie\u00dfen.<br \/>Geben Sie der Optik den letzten Schliff mit einem Set von zwei exquisiten Endrohren aus Titan oder Carbon.<br \/>Bei Installation optionaler Akrapovic-Nachr\u00fcst-Downpipes mit Sportkatalysator, die nur f\u00fcr die Verwendung auf geschlossenen Strecken bestimmt sind, ist ECU-Remapping vorgeschrieben. Bei Installation einer Akrapovic-Nachr\u00fcst-Aufpuffanlage, die f\u00fcr den Einsatz auf geschlossenen Strecken entwickelt wurde, empfehlen wir ECU.Remapping, um dem etwaigen Anspringen der Motorwarnleuchte vorzubeugen. <\/p>\n<p>DIESES PRODUKT ERF\u00dcLLT NICHT DIE EINZUHALTENDEN ABGASNORMEN IM STRASSENGEBRAUCH.<\/p>\n","protected":false},"excerpt":{"rendered":"<p>Das Evolution-System f\u00fcr den BMW M3 besteht aus Dual-Outlet-Schalld\u00e4mpfern, str\u00f6mungsoptimierten Link Pipes und einer X-Pipe mit 100-cpsi-High-Flow-Sportkatalysatoren und Resonatoren.Die Leistungs- und Drehmomentverbesserung des BMW M3 mit dem Evolution-System ist erstaunlich. Erheblicher Power-Gewinn in einem sehr breiten Drehzahlbereich und verbessertes Ansprechverhalten in allen Fahrphasen. Durch die unglaubliche Gewichtseinsparung sorgt das Evolution-System f\u00fcr ein v\u00f6llig anderes Leistungs-Masse-Verh\u00e4ltnis.Unser [&hellip;]<\/p>\n","protected":false},"featured_media":23379,"comment_status":"open","ping_status":"closed","template":"","meta":[],"product_brand":[],"product_cat":[16,17],"product_tag":[],"class_list":{"0":"post-3139","1":"product","2":"type-product","3":"status-publish","4":"has-post-thumbnail","6":"product_cat-akrapovic-auspuffanlagen","7":"product_cat-bmw","9":"first","10":"outofstock","11":"sale","12":"taxable","13":"shipping-taxable","14":"purchasable","15":"product-type-simple"},"_links":{"self":[{"href":"https:\/\/wagenthaler.com\/shop\/wp-json\/wp\/v2\/product\/3139","targetHints":{"allow":["GET"]}}],"collection":[{"href":"https:\/\/wagenthaler.com\/shop\/wp-json\/wp\/v2\/product"}],"about":[{"href":"https:\/\/wagenthaler.com\/shop\/wp-json\/wp\/v2\/types\/product"}],"replies":[{"embeddable":true,"href":"https:\/\/wagenthaler.com\/shop\/wp-json\/wp\/v2\/comments?post=3139"}],"wp:featuredmedia":[{"embeddable":true,"href":"https:\/\/wagenthaler.com\/shop\/wp-json\/wp\/v2\/media\/23379"}],"wp:attachment":[{"href":"https:\/\/wagenthaler.com\/shop\/wp-json\/wp\/v2\/media?parent=3139"}],"wp:term":[{"taxonomy":"product_brand","embeddable":true,"href":"https:\/\/wagenthaler.com\/shop\/wp-json\/wp\/v2\/product_brand?post=3139"},{"taxonomy":"product_cat","embeddable":true,"href":"https:\/\/wagenthaler.com\/shop\/wp-json\/wp\/v2\/product_cat?post=3139"},{"taxonomy":"product_tag","embeddable":true,"href":"https:\/\/wagenthaler.com\/shop\/wp-json\/wp\/v2\/product_tag?post=3139"}],"curies":[{"name":"wp","href":"https:\/\/api.w.org\/{rel}","templated":true}]}}