{"id":3172,"date":"2026-01-27T04:05:38","date_gmt":"2026-01-27T03:05:38","guid":{"rendered":"https:\/\/shop.wagenthaler.com\/produkt\/akrapovic-di-bm-ca-4-g-fuer-bmw-m3-f80\/"},"modified":"2026-01-27T04:06:46","modified_gmt":"2026-01-27T03:06:46","slug":"akrapovic-rear-carbon-fibre-diffuser-high-gloss-fuer-bmw-m3-f80","status":"publish","type":"product","link":"https:\/\/wagenthaler.com\/shop\/akrapovic-rear-carbon-fibre-diffuser-high-gloss-fuer-bmw-m3-f80\/","title":{"rendered":"Akrapovi\u010d Rear Carbon Fibre Diffuser &#8211; High Gloss f\u00fcr BMW M3 (F80)"},"content":{"rendered":"<p>Die wundersch\u00f6n und aufw\u00e4ndig <strong>handgefertigten Karbon-Diffusoren<\/strong> h\u00f6chster Qualit\u00e4t sind von ihrem Stil her perfekt, um die <strong>Akrapovi\u010d Endrohre<\/strong> und das Heck des Fahrzeugs weiter aufzuwerten. Das <strong>sportliche<\/strong> und aggressive Design verleiht dem Gesamtpaket eine neue Dimension und sorgt daf\u00fcr, dass sich die Abgasanlage von ihrer besten Seite pr\u00e4sentiert. Erh\u00e4ltlich in <strong>Hochglan<\/strong>z oder <strong>matt<\/strong>.<\/p>\n<p>Diffusor passt auch zur M3\/M4 CS (Sport Club) und GTS Version.<\/p>\n<p><\/br\/><\/p>\n","protected":false},"excerpt":{"rendered":"<p>Die wundersch\u00f6n und aufw\u00e4ndig handgefertigten Karbon-Diffusoren h\u00f6chster Qualit\u00e4t sind von ihrem Stil her perfekt, um die Akrapovi\u010d Endrohre und das Heck des Fahrzeugs weiter aufzuwerten. Das sportliche und aggressive Design verleiht dem Gesamtpaket eine neue Dimension und sorgt daf\u00fcr, dass sich die Abgasanlage von ihrer besten Seite pr\u00e4sentiert. Erh\u00e4ltlich in Hochglanz oder matt. Diffusor passt [&hellip;]<\/p>\n","protected":false},"featured_media":3173,"comment_status":"open","ping_status":"closed","template":"","meta":[],"product_brand":[],"product_cat":[18,17],"product_tag":[],"class_list":{"0":"post-3172","1":"product","2":"type-product","3":"status-publish","4":"has-post-thumbnail","6":"product_cat-akrapovic-zubehoer","7":"product_cat-bmw","9":"first","10":"outofstock","11":"sale","12":"taxable","13":"shipping-taxable","14":"purchasable","15":"product-type-simple"},"_links":{"self":[{"href":"https:\/\/wagenthaler.com\/shop\/wp-json\/wp\/v2\/product\/3172","targetHints":{"allow":["GET"]}}],"collection":[{"href":"https:\/\/wagenthaler.com\/shop\/wp-json\/wp\/v2\/product"}],"about":[{"href":"https:\/\/wagenthaler.com\/shop\/wp-json\/wp\/v2\/types\/product"}],"replies":[{"embeddable":true,"href":"https:\/\/wagenthaler.com\/shop\/wp-json\/wp\/v2\/comments?post=3172"}],"wp:featuredmedia":[{"embeddable":true,"href":"https:\/\/wagenthaler.com\/shop\/wp-json\/wp\/v2\/media\/3173"}],"wp:attachment":[{"href":"https:\/\/wagenthaler.com\/shop\/wp-json\/wp\/v2\/media?parent=3172"}],"wp:term":[{"taxonomy":"product_brand","embeddable":true,"href":"https:\/\/wagenthaler.com\/shop\/wp-json\/wp\/v2\/product_brand?post=3172"},{"taxonomy":"product_cat","embeddable":true,"href":"https:\/\/wagenthaler.com\/shop\/wp-json\/wp\/v2\/product_cat?post=3172"},{"taxonomy":"product_tag","embeddable":true,"href":"https:\/\/wagenthaler.com\/shop\/wp-json\/wp\/v2\/product_tag?post=3172"}],"curies":[{"name":"wp","href":"https:\/\/api.w.org\/{rel}","templated":true}]}}