{"id":3178,"date":"2026-01-27T04:06:06","date_gmt":"2026-01-27T03:06:06","guid":{"rendered":"https:\/\/shop.wagenthaler.com\/produkt\/akrapovic-di-bm-ca-1-fuer-bmw-m3-f80\/"},"modified":"2026-01-27T04:06:47","modified_gmt":"2026-01-27T03:06:47","slug":"akrapovic-rear-carbon-fibre-diffuser-fuer-bmw-m3-f80","status":"publish","type":"product","link":"https:\/\/wagenthaler.com\/shop\/akrapovic-rear-carbon-fibre-diffuser-fuer-bmw-m3-f80\/","title":{"rendered":"Akrapovi\u010d Rear Carbon Fibre Diffuser f\u00fcr BMW M3 (F80)"},"content":{"rendered":"<p>Die Akrapovi\u010d Evolution und Slip-On Line Auspuffanlagen k\u00f6nnen durch einen optional erh\u00e4ltlichen handgefertigten Heckdiffusor aus Karbon erg\u00e4nzt werden. Dieser au\u00dfergew\u00f6hnliche Diffusor wurde von der Akrapovi\u010d Design-Abteilung entworfen. Er ist gefertigt aus besten Materialien, entwickelt mit der ganzen Erfahrung, die Akrapovi\u010d im Rennsport gesammelt hat. Das Design dieses Diffusors setzt die Linienf\u00fchrung der edlen Endrohre f\u00fcr die Slip-on oder Evolution Anlagen fort und passt hervorragend zur schlanken und sportlichen Form des BMW.<\/p>\n<p>Die Montage des Akrapovi\u010d Carbon Heckdiffusors hat zur Folge, dass das BMW Komfortzugangssystem nicht verwendet werden kann.<\/p>\n","protected":false},"excerpt":{"rendered":"<p>Die Akrapovi\u010d Evolution und Slip-On Line Auspuffanlagen k\u00f6nnen durch einen optional erh\u00e4ltlichen handgefertigten Heckdiffusor aus Karbon erg\u00e4nzt werden. Dieser au\u00dfergew\u00f6hnliche Diffusor wurde von der Akrapovi\u010d Design-Abteilung entworfen. Er ist gefertigt aus besten Materialien, entwickelt mit der ganzen Erfahrung, die Akrapovi\u010d im Rennsport gesammelt hat. Das Design dieses Diffusors setzt die Linienf\u00fchrung der edlen Endrohre f\u00fcr [&hellip;]<\/p>\n","protected":false},"featured_media":3179,"comment_status":"open","ping_status":"closed","template":"","meta":[],"product_brand":[],"product_cat":[18,17],"product_tag":[],"class_list":{"0":"post-3178","1":"product","2":"type-product","3":"status-publish","4":"has-post-thumbnail","6":"product_cat-akrapovic-zubehoer","7":"product_cat-bmw","9":"first","10":"outofstock","11":"sale","12":"taxable","13":"shipping-taxable","14":"purchasable","15":"product-type-simple"},"_links":{"self":[{"href":"https:\/\/wagenthaler.com\/shop\/wp-json\/wp\/v2\/product\/3178","targetHints":{"allow":["GET"]}}],"collection":[{"href":"https:\/\/wagenthaler.com\/shop\/wp-json\/wp\/v2\/product"}],"about":[{"href":"https:\/\/wagenthaler.com\/shop\/wp-json\/wp\/v2\/types\/product"}],"replies":[{"embeddable":true,"href":"https:\/\/wagenthaler.com\/shop\/wp-json\/wp\/v2\/comments?post=3178"}],"wp:featuredmedia":[{"embeddable":true,"href":"https:\/\/wagenthaler.com\/shop\/wp-json\/wp\/v2\/media\/3179"}],"wp:attachment":[{"href":"https:\/\/wagenthaler.com\/shop\/wp-json\/wp\/v2\/media?parent=3178"}],"wp:term":[{"taxonomy":"product_brand","embeddable":true,"href":"https:\/\/wagenthaler.com\/shop\/wp-json\/wp\/v2\/product_brand?post=3178"},{"taxonomy":"product_cat","embeddable":true,"href":"https:\/\/wagenthaler.com\/shop\/wp-json\/wp\/v2\/product_cat?post=3178"},{"taxonomy":"product_tag","embeddable":true,"href":"https:\/\/wagenthaler.com\/shop\/wp-json\/wp\/v2\/product_tag?post=3178"}],"curies":[{"name":"wp","href":"https:\/\/api.w.org\/{rel}","templated":true}]}}