{"id":3200,"date":"2026-01-27T04:07:42","date_gmt":"2026-01-27T03:07:42","guid":{"rendered":"https:\/\/shop.wagenthaler.com\/produkt\/akrapovic-downpipe-w-cat-edelstahl-fuer-bmw-m3-g80-g81\/"},"modified":"2026-01-27T04:07:45","modified_gmt":"2026-01-27T03:07:45","slug":"akrapovic-downpipe-w-cat-edelstahl-fuer-bmw-m3-g80-g81","status":"publish","type":"product","link":"https:\/\/wagenthaler.com\/shop\/akrapovic-downpipe-w-cat-edelstahl-fuer-bmw-m3-g80-g81\/","title":{"rendered":"Akrapovi\u010d Downpipe w Cat (Edelstahl) f\u00fcr BMW M3 (G80 \/ G81)"},"content":{"rendered":"<p>Entwickelt f\u00fcr die Verwendung mit der Akrapovi\u010d Slip-On Line (Titanium) Abgasanlage und dem Evolution Link Pipe Set (Titanium), verf\u00fcgt dieses hochwertige Downpipe Set aus Edelstahl \u00fcber ein Paar sportliche Katalysatoren (200 cpsi) mit Hitzeisolation. Der vordere Teil der Downpipes wird in der hauseigenen Gie\u00dferei gegossen, was eine perfekte Passform gew\u00e4hrleistet. Das Set liefert einen reinen Rennsportsound voller Emotionen und bietet ein gro\u00dfartiges Feedback bei hohen Drehzahlen, ohne zu dr\u00f6hnen. Die Neuprogrammierung der ECU ist zwingend erforderlich, um m\u00f6gliche Warnmeldungen der Motorkontrollleuchte zu vermeiden. Dieses Produkt ist nur f\u00fcr den Einsatz auf geschlossenen Rennstrecken gedacht.<\/p>\n<p>Dieses Produkt passt auch f\u00fcr die xDrive, CSL, LCI, M3 Touring (G81), M4 (G83) Competition und Cabrio Modelle.<\/p>\n<p>DIESES PRODUKT ERF\u00dcLLT NICHT DIE EINZUHALTENDEN ABGASNORMEN IM STRASSENGEBRAUCH.<\/p>\n<p><\/br\/><\/p>\n","protected":false},"excerpt":{"rendered":"<p>Entwickelt f\u00fcr die Verwendung mit der Akrapovi\u010d Slip-On Line (Titanium) Abgasanlage und dem Evolution Link Pipe Set (Titanium), verf\u00fcgt dieses hochwertige Downpipe Set aus Edelstahl \u00fcber ein Paar sportliche Katalysatoren (200 cpsi) mit Hitzeisolation. Der vordere Teil der Downpipes wird in der hauseigenen Gie\u00dferei gegossen, was eine perfekte Passform gew\u00e4hrleistet. Das Set liefert einen reinen [&hellip;]<\/p>\n","protected":false},"featured_media":3201,"comment_status":"open","ping_status":"closed","template":"","meta":[],"product_brand":[],"product_cat":[18,17],"product_tag":[],"class_list":{"0":"post-3200","1":"product","2":"type-product","3":"status-publish","4":"has-post-thumbnail","6":"product_cat-akrapovic-zubehoer","7":"product_cat-bmw","9":"first","10":"instock","11":"sale","12":"taxable","13":"shipping-taxable","14":"purchasable","15":"product-type-simple"},"_links":{"self":[{"href":"https:\/\/wagenthaler.com\/shop\/wp-json\/wp\/v2\/product\/3200","targetHints":{"allow":["GET"]}}],"collection":[{"href":"https:\/\/wagenthaler.com\/shop\/wp-json\/wp\/v2\/product"}],"about":[{"href":"https:\/\/wagenthaler.com\/shop\/wp-json\/wp\/v2\/types\/product"}],"replies":[{"embeddable":true,"href":"https:\/\/wagenthaler.com\/shop\/wp-json\/wp\/v2\/comments?post=3200"}],"wp:featuredmedia":[{"embeddable":true,"href":"https:\/\/wagenthaler.com\/shop\/wp-json\/wp\/v2\/media\/3201"}],"wp:attachment":[{"href":"https:\/\/wagenthaler.com\/shop\/wp-json\/wp\/v2\/media?parent=3200"}],"wp:term":[{"taxonomy":"product_brand","embeddable":true,"href":"https:\/\/wagenthaler.com\/shop\/wp-json\/wp\/v2\/product_brand?post=3200"},{"taxonomy":"product_cat","embeddable":true,"href":"https:\/\/wagenthaler.com\/shop\/wp-json\/wp\/v2\/product_cat?post=3200"},{"taxonomy":"product_tag","embeddable":true,"href":"https:\/\/wagenthaler.com\/shop\/wp-json\/wp\/v2\/product_tag?post=3200"}],"curies":[{"name":"wp","href":"https:\/\/api.w.org\/{rel}","templated":true}]}}