{"id":3228,"date":"2026-01-27T04:09:07","date_gmt":"2026-01-27T03:09:07","guid":{"rendered":"https:\/\/shop.wagenthaler.com\/produkt\/akrapovic-rear-carbon-fibre-diffuser-high-gloss-black-fuer-bmw-m3-g80-g81\/"},"modified":"2026-01-27T04:09:51","modified_gmt":"2026-01-27T03:09:51","slug":"akrapovic-rear-carbon-fibre-diffuser-high-gloss-black-fuer-bmw-m3-g80-g81","status":"publish","type":"product","link":"https:\/\/wagenthaler.com\/shop\/akrapovic-rear-carbon-fibre-diffuser-high-gloss-black-fuer-bmw-m3-g80-g81\/","title":{"rendered":"Akrapovi\u010d Rear Carbon Fibre Diffuser &#8211; High Gloss Black f\u00fcr BMW M3 (G80 \/ G81)"},"content":{"rendered":"<p>F\u00fcr einen zus\u00e4tzlichen optischen Effekt ist ein handgefertigter Karbon-Diffusor erh\u00e4ltlich. Dieses leichte Zubeh\u00f6rteil aus hauseigener Produktion verf\u00fcgt \u00fcber eine ABE und wurde entwickelt, um die Endrohre des Akrapovi\u010d Abgassystems optimal zur Geltung zu bringen.<br \/><\/br\/><\/p>\n<p>Mit dieser aktualisierten Version des Diffusors wird ein neues Feature angeboten: Ein hochgl\u00e4nzend schwarz lackierter Rahmen integriert den Diffusor mit dem hinteren Teil des Fahrzeugs.<br \/><\/br\/><\/p>\n<p>Dieses Produkt passt auch f\u00fcr die xDrive, CSL, LCI und M4 (G83) Competition Modelle.<br \/><\/br\/><\/p>\n","protected":false},"excerpt":{"rendered":"<p>F\u00fcr einen zus\u00e4tzlichen optischen Effekt ist ein handgefertigter Karbon-Diffusor erh\u00e4ltlich. Dieses leichte Zubeh\u00f6rteil aus hauseigener Produktion verf\u00fcgt \u00fcber eine ABE und wurde entwickelt, um die Endrohre des Akrapovi\u010d Abgassystems optimal zur Geltung zu bringen. Mit dieser aktualisierten Version des Diffusors wird ein neues Feature angeboten: Ein hochgl\u00e4nzend schwarz lackierter Rahmen integriert den Diffusor mit dem [&hellip;]<\/p>\n","protected":false},"featured_media":3229,"comment_status":"open","ping_status":"closed","template":"","meta":[],"product_brand":[],"product_cat":[18,17],"product_tag":[],"class_list":{"0":"post-3228","1":"product","2":"type-product","3":"status-publish","4":"has-post-thumbnail","6":"product_cat-akrapovic-zubehoer","7":"product_cat-bmw","9":"first","10":"outofstock","11":"sale","12":"taxable","13":"shipping-taxable","14":"purchasable","15":"product-type-simple"},"_links":{"self":[{"href":"https:\/\/wagenthaler.com\/shop\/wp-json\/wp\/v2\/product\/3228","targetHints":{"allow":["GET"]}}],"collection":[{"href":"https:\/\/wagenthaler.com\/shop\/wp-json\/wp\/v2\/product"}],"about":[{"href":"https:\/\/wagenthaler.com\/shop\/wp-json\/wp\/v2\/types\/product"}],"replies":[{"embeddable":true,"href":"https:\/\/wagenthaler.com\/shop\/wp-json\/wp\/v2\/comments?post=3228"}],"wp:featuredmedia":[{"embeddable":true,"href":"https:\/\/wagenthaler.com\/shop\/wp-json\/wp\/v2\/media\/3229"}],"wp:attachment":[{"href":"https:\/\/wagenthaler.com\/shop\/wp-json\/wp\/v2\/media?parent=3228"}],"wp:term":[{"taxonomy":"product_brand","embeddable":true,"href":"https:\/\/wagenthaler.com\/shop\/wp-json\/wp\/v2\/product_brand?post=3228"},{"taxonomy":"product_cat","embeddable":true,"href":"https:\/\/wagenthaler.com\/shop\/wp-json\/wp\/v2\/product_cat?post=3228"},{"taxonomy":"product_tag","embeddable":true,"href":"https:\/\/wagenthaler.com\/shop\/wp-json\/wp\/v2\/product_tag?post=3228"}],"curies":[{"name":"wp","href":"https:\/\/api.w.org\/{rel}","templated":true}]}}