{"id":3273,"date":"2026-01-27T04:11:03","date_gmt":"2026-01-27T03:11:03","guid":{"rendered":"https:\/\/shop.wagenthaler.com\/produkt\/import\/"},"modified":"2026-01-27T04:11:07","modified_gmt":"2026-01-27T03:11:07","slug":"akrapovic-link-pipe-set-edelstahl-fuer-bmw-m340i-g20-g21","status":"publish","type":"product","link":"https:\/\/wagenthaler.com\/shop\/akrapovic-link-pipe-set-edelstahl-fuer-bmw-m340i-g20-g21\/","title":{"rendered":"Akrapovi\u010d Link Pipe Set (Edelstahl) f\u00fcr BMW M340I (G20 \/ G21)"},"content":{"rendered":"<p><strong><\/strong><\/p>\n<p><strong>Der Evolution Link Pipe Set (SS) wurde zusammen mit der Slip-On Line (Titan) system montiert werden.<\/strong><\/p>\n<p><ins><strong>Bitte beachten Sie, dass die beiden Produktcodes, S-BM\/T\/17H und E-BM\/SS\/8 m\u00fcssen bestellt werden f\u00fcr Fahrzeuge ohne Otto-\/Benzinpartikelfilter zu bestellen.<\/strong><\/ins><\/p>\n<p><strong>Einbauhinweis:\u00a0<\/strong>Das Evolution Line (Titanium) System ist nur f\u00fcr Fahrzeuge ohne Ottopartikelfilter geeignet. F\u00fcr Fahrzeuge ohne Ottopartikelfilter ist die EC\/ECE-Typgenehmigungsbescheinigung nicht g\u00fcltig.<\/p>\n<p>Dieses Produkt ist auch f\u00fcr den BMW M340i xDrive Touring (G21) geeignet.<\/p>\n<p><\/br\/><\/p>\n<p>DIESES PRODUKT ERF\u00dcLLT NICHT DIE EMISSIONSANFORDERUNGEN F\u00dcR DEN EINSATZ AUF \u00d6FFENTLICHEN STRASSEN UND AUTOBAHNEN.<\/p>\n<p><\/br\/><\/p>\n","protected":false},"excerpt":{"rendered":"<p>Der Evolution Link Pipe Set (SS) wurde zusammen mit der Slip-On Line (Titan) system montiert werden. Bitte beachten Sie, dass die beiden Produktcodes, S-BM\/T\/17H und E-BM\/SS\/8 m\u00fcssen bestellt werden f\u00fcr Fahrzeuge ohne Otto-\/Benzinpartikelfilter zu bestellen. Einbauhinweis:\u00a0Das Evolution Line (Titanium) System ist nur f\u00fcr Fahrzeuge ohne Ottopartikelfilter geeignet. F\u00fcr Fahrzeuge ohne Ottopartikelfilter ist die EC\/ECE-Typgenehmigungsbescheinigung nicht [&hellip;]<\/p>\n","protected":false},"featured_media":3274,"comment_status":"open","ping_status":"closed","template":"","meta":[],"product_brand":[],"product_cat":[18,17],"product_tag":[],"class_list":{"0":"post-3273","1":"product","2":"type-product","3":"status-publish","4":"has-post-thumbnail","6":"product_cat-akrapovic-zubehoer","7":"product_cat-bmw","9":"first","10":"outofstock","11":"sale","12":"taxable","13":"shipping-taxable","14":"purchasable","15":"product-type-simple"},"_links":{"self":[{"href":"https:\/\/wagenthaler.com\/shop\/wp-json\/wp\/v2\/product\/3273","targetHints":{"allow":["GET"]}}],"collection":[{"href":"https:\/\/wagenthaler.com\/shop\/wp-json\/wp\/v2\/product"}],"about":[{"href":"https:\/\/wagenthaler.com\/shop\/wp-json\/wp\/v2\/types\/product"}],"replies":[{"embeddable":true,"href":"https:\/\/wagenthaler.com\/shop\/wp-json\/wp\/v2\/comments?post=3273"}],"wp:featuredmedia":[{"embeddable":true,"href":"https:\/\/wagenthaler.com\/shop\/wp-json\/wp\/v2\/media\/3274"}],"wp:attachment":[{"href":"https:\/\/wagenthaler.com\/shop\/wp-json\/wp\/v2\/media?parent=3273"}],"wp:term":[{"taxonomy":"product_brand","embeddable":true,"href":"https:\/\/wagenthaler.com\/shop\/wp-json\/wp\/v2\/product_brand?post=3273"},{"taxonomy":"product_cat","embeddable":true,"href":"https:\/\/wagenthaler.com\/shop\/wp-json\/wp\/v2\/product_cat?post=3273"},{"taxonomy":"product_tag","embeddable":true,"href":"https:\/\/wagenthaler.com\/shop\/wp-json\/wp\/v2\/product_tag?post=3273"}],"curies":[{"name":"wp","href":"https:\/\/api.w.org\/{rel}","templated":true}]}}