{"id":3286,"date":"2026-01-27T04:11:44","date_gmt":"2026-01-27T03:11:44","guid":{"rendered":"https:\/\/shop.wagenthaler.com\/produkt\/import\/"},"modified":"2026-02-05T14:29:52","modified_gmt":"2026-02-05T13:29:52","slug":"akrapovic-slip-on-line-titan-fuer-bmw-m4-f82-f83","status":"publish","type":"product","link":"https:\/\/wagenthaler.com\/shop\/akrapovic-slip-on-line-titan-fuer-bmw-m4-f82-f83\/","title":{"rendered":"Akrapovi\u010d Slip-On Line (Titan) f\u00fcr BMW M4 (F82 \/ F83)"},"content":{"rendered":"<p>Das neueste Modell aus der BMW M Serie ist der atemberaubende M3\/M4, ein exklusives High-Performance-Automobil, das mit einer Akrapovi\u010d Slip-On Auspuffanlage noch besser gemacht werden kann. Die Anlage wird aus Titan gefertigt \u2013 die Komponenten gie\u00dft Akrapovi\u010d teilweise in seiner eigenen Gie\u00dferei \u2013 und hat gr\u00f6\u00dfere Rohre als der Serienauspuff. Der Abgasdruck wird verringert, die Leistung gesteigert, vor allem bei niedrigeren Drehzahlen. Das Design dieser Auspuffanlage ist vollkommen neu. Es sorgt f\u00fcr ein niedrigeres Gesamtgewicht des Fahrzeugs, ein Extra an Power und einen sportlichen Sound. Dieser Klang ist einmalig: niedrigere Frequenzbereiche werden hervorgehoben \u2013 ein purer Genuss f\u00fcr die Ohren. Kombiniert wird dieses Klangerlebnis mit einer\u1666 Steigerung von Leistung und Drehmoment sowie einem verbesserten Fahrverhalten. Auch die Optik der Slip-On Anlage kann noch exklusiver gestaltet werden \u2013 mit Endrohren aus Titan oder Karbon und dem beeindruckenden Heckdiffusor aus Karbon.<\/p>\n<p>Optional ist ein Akrapovi\u010d Sound Kit erh\u00e4ltlich, mit dem die unterschiedlichen Sound-Einstellungen kontrolliert werden k\u00f6nnen.<br \/><\/br\/><\/p>\n<p><strong>Montagehinweis:\u00a0<\/strong><\/p>\n<p><strong>Dieses System ist nicht f\u00fcr Fahrzeuge mit Ottopartikelfilter (OPF) geeignet.\u00a0<\/strong><\/p>\n<p><strong><\/p>\n<p><strong>Das Tail Pipe Set muss obligatorisch separat bestellt werden. Bitte w\u00e4hlen Si eTail pipe set (Titanium) TP-T\/S\/8 oder Tail pipe set (Carbon) TP-CT\/26.<\/strong><\/p>\n<p><\/br\/><\/br\/><\/p>\n<p><strong>Das Auspuff-System passt auch zur M3\/M4 CS (Sport Club) und GTS Version (ECE type approval is not valid for GTS model).<\/strong><br \/><\/br\/><\/p>\n","protected":false},"excerpt":{"rendered":"<p>Das neueste Modell aus der BMW M Serie ist der atemberaubende M3\/M4, ein exklusives High-Performance-Automobil, das mit einer Akrapovi\u010d Slip-On Auspuffanlage noch besser gemacht werden kann. Die Anlage wird aus Titan gefertigt \u2013 die Komponenten gie\u00dft Akrapovi\u010d teilweise in seiner eigenen Gie\u00dferei \u2013 und hat gr\u00f6\u00dfere Rohre als der Serienauspuff. Der Abgasdruck wird verringert, die [&hellip;]<\/p>\n","protected":false},"featured_media":23348,"comment_status":"open","ping_status":"closed","template":"","meta":[],"product_brand":[],"product_cat":[16,17],"product_tag":[],"class_list":{"0":"post-3286","1":"product","2":"type-product","3":"status-publish","4":"has-post-thumbnail","6":"product_cat-akrapovic-auspuffanlagen","7":"product_cat-bmw","9":"first","10":"instock","11":"sale","12":"taxable","13":"shipping-taxable","14":"purchasable","15":"product-type-variable"},"_links":{"self":[{"href":"https:\/\/wagenthaler.com\/shop\/wp-json\/wp\/v2\/product\/3286","targetHints":{"allow":["GET"]}}],"collection":[{"href":"https:\/\/wagenthaler.com\/shop\/wp-json\/wp\/v2\/product"}],"about":[{"href":"https:\/\/wagenthaler.com\/shop\/wp-json\/wp\/v2\/types\/product"}],"replies":[{"embeddable":true,"href":"https:\/\/wagenthaler.com\/shop\/wp-json\/wp\/v2\/comments?post=3286"}],"wp:featuredmedia":[{"embeddable":true,"href":"https:\/\/wagenthaler.com\/shop\/wp-json\/wp\/v2\/media\/23348"}],"wp:attachment":[{"href":"https:\/\/wagenthaler.com\/shop\/wp-json\/wp\/v2\/media?parent=3286"}],"wp:term":[{"taxonomy":"product_brand","embeddable":true,"href":"https:\/\/wagenthaler.com\/shop\/wp-json\/wp\/v2\/product_brand?post=3286"},{"taxonomy":"product_cat","embeddable":true,"href":"https:\/\/wagenthaler.com\/shop\/wp-json\/wp\/v2\/product_cat?post=3286"},{"taxonomy":"product_tag","embeddable":true,"href":"https:\/\/wagenthaler.com\/shop\/wp-json\/wp\/v2\/product_tag?post=3286"}],"curies":[{"name":"wp","href":"https:\/\/api.w.org\/{rel}","templated":true}]}}