{"id":3295,"date":"2026-01-27T04:12:02","date_gmt":"2026-01-27T03:12:02","guid":{"rendered":"https:\/\/shop.wagenthaler.com\/produkt\/akrapovic-e-bm-t-3-fuer-bmw-m4-f82-f83\/"},"modified":"2026-04-22T04:01:25","modified_gmt":"2026-04-22T02:01:25","slug":"akrapovic-evolution-link-pipe-set-titan-fuer-bmw-m4-f82-f83","status":"publish","type":"product","link":"https:\/\/wagenthaler.com\/shop\/akrapovic-evolution-link-pipe-set-titan-fuer-bmw-m4-f82-f83\/","title":{"rendered":"Akrapovi\u010d Evolution Link pipe set (Titan) f\u00fcr BMW M4 (F82 \/ F83)"},"content":{"rendered":"<p><font>Mit dem Evolution Link-Pipe-Set r\u00fcstet man die Slip-On Anlage zu einer Evolution Anlage auf. Das Set besteht aus einem Einzel-Mittelschalld\u00e4mpfer mit Ventilen und gr\u00f6\u00dferen Evolution Link-Pipe-Rohren mit Mittelschalld\u00e4mpfer \u2013 Performance und Verarbeitung der gesamten Anlage sind ebenso <strong>perfekt <\/strong>wie ihre Optik. Ohne zweiten Katalysator-Satz (anders als bei der Serienanlage), ist das ganze System darauf ausgelegt, den Abgasfluss zu optimieren \u2013 und eine Steigerung von Leistung und Drehmoment des BMW ist mit der Kombination aus Slip-On Line Anlage und Evolution Link-Pipe-Set garantiert. <strong>Vollst\u00e4ndig aus Titan <\/strong>gefertigt, sorgt die komplette Anlage nicht nur in einem breiten Drehzahlbereich f\u00fcr eine deutliche Steigerung, sondern sie \u00fcberzeugt auch mit ihrem einzigartigen Sound. In akribischer Entwicklungsarbeit entstand ein Klang, der sich vollkommen von der Serienanlage unterscheidet. Ein tiefer und sportlicher Sound ohne unerw\u00fcnschte Obert\u00f6ne oder Dr\u00f6hnen. Zudem h\u00f6rt man deutlich, wie sich der Klang \u00e4ndert, je nachdem ob die Ventile ge\u00f6ffnet oder geschlossen sind. Die komplette Anlage erfordert keine Neuprogrammierung der ECU, da keine Warnleuchten ausgel\u00f6st werden. Mit Endrohren aus Titan oder Karbon und einem handgefertigten Heckdiffusor \u2013 alles als optionale Extras erh\u00e4ltlich \u2013 ist der BMW mit der Slip-On Line und dem Evolution Link-Pipe-Set ebenso sch\u00f6n wie kraftvoll.<\/font><\/p>\n<p><font>Das Auspuff-System passt auch zur M3\/M4 CS (Sport Club) und GTS Version.<br \/><\/br\/><\/font><\/p>\n<p><font>DIESES PRODUKT ERF\u00dcLLT NICHT DIE EINZUHALTENDEN ABGASNORMEN IM STRASSENGEBRAUCH.<br \/><\/br\/><\/font><\/p>\n","protected":false},"excerpt":{"rendered":"<p>Mit dem Evolution Link-Pipe-Set r\u00fcstet man die Slip-On Anlage zu einer Evolution Anlage auf. Das Set besteht aus einem Einzel-Mittelschalld\u00e4mpfer mit Ventilen und gr\u00f6\u00dferen Evolution Link-Pipe-Rohren mit Mittelschalld\u00e4mpfer \u2013 Performance und Verarbeitung der gesamten Anlage sind ebenso perfekt wie ihre Optik. Ohne zweiten Katalysator-Satz (anders als bei der Serienanlage), ist das ganze System darauf ausgelegt, [&hellip;]<\/p>\n","protected":false},"featured_media":3157,"comment_status":"open","ping_status":"closed","template":"","meta":[],"product_brand":[],"product_cat":[18,17],"product_tag":[],"class_list":{"0":"post-3295","1":"product","2":"type-product","3":"status-publish","4":"has-post-thumbnail","6":"product_cat-akrapovic-zubehoer","7":"product_cat-bmw","9":"first","10":"instock","11":"sale","12":"taxable","13":"shipping-taxable","14":"purchasable","15":"product-type-variable"},"_links":{"self":[{"href":"https:\/\/wagenthaler.com\/shop\/wp-json\/wp\/v2\/product\/3295","targetHints":{"allow":["GET"]}}],"collection":[{"href":"https:\/\/wagenthaler.com\/shop\/wp-json\/wp\/v2\/product"}],"about":[{"href":"https:\/\/wagenthaler.com\/shop\/wp-json\/wp\/v2\/types\/product"}],"replies":[{"embeddable":true,"href":"https:\/\/wagenthaler.com\/shop\/wp-json\/wp\/v2\/comments?post=3295"}],"wp:featuredmedia":[{"embeddable":true,"href":"https:\/\/wagenthaler.com\/shop\/wp-json\/wp\/v2\/media\/3157"}],"wp:attachment":[{"href":"https:\/\/wagenthaler.com\/shop\/wp-json\/wp\/v2\/media?parent=3295"}],"wp:term":[{"taxonomy":"product_brand","embeddable":true,"href":"https:\/\/wagenthaler.com\/shop\/wp-json\/wp\/v2\/product_brand?post=3295"},{"taxonomy":"product_cat","embeddable":true,"href":"https:\/\/wagenthaler.com\/shop\/wp-json\/wp\/v2\/product_cat?post=3295"},{"taxonomy":"product_tag","embeddable":true,"href":"https:\/\/wagenthaler.com\/shop\/wp-json\/wp\/v2\/product_tag?post=3295"}],"curies":[{"name":"wp","href":"https:\/\/api.w.org\/{rel}","templated":true}]}}