{"id":3309,"date":"2026-01-27T04:12:20","date_gmt":"2026-01-27T03:12:20","guid":{"rendered":"https:\/\/shop.wagenthaler.com\/produkt\/import\/"},"modified":"2026-02-05T14:29:30","modified_gmt":"2026-02-05T13:29:30","slug":"akrapovic-slip-on-line-titan-fuer-bmw-m4-f82-f83-opf-gpf","status":"publish","type":"product","link":"https:\/\/wagenthaler.com\/shop\/akrapovic-slip-on-line-titan-fuer-bmw-m4-f82-f83-opf-gpf\/","title":{"rendered":"Akrapovi\u010d Slip-On Line (Titan) f\u00fcr BMW M4 (F82 \/ F83) &#8211; OPF\/GPF"},"content":{"rendered":"<p>Die Slip-On Line ist aus hochwertigem und <strong>leichtem<\/strong> <strong>Titan<\/strong> gefertigt \u2013 die komplexen Teile stammen aus Akrapovi\u010ds eigener Gie\u00dferei \u2013 und bietet im Vergleich zur Serienanlage eine <strong>Gewichtsersparnis von 45 %<\/strong>. Sie entspricht vollst\u00e4ndig der <strong>ECE<\/strong>-Norm. Das System ist so eingestellt, dass es sowohl im Innenraum als auch au\u00dferhalb des Fahrzeugs einen perfekten <strong>Hintergrund-Sound<\/strong> erzeugt. Handgefertigte Tailpipes aus Carbon runden es perfekt ab und sorgen f\u00fcr ein sch\u00f6nes Erscheinungsbild.Um den Look des Systems bestm\u00f6glich abzurunden, sind optional auch der <strong>Diffusor<\/strong> und die <strong>Au\u00dfenspiegelkappen<\/strong> in Karbon-Ausf\u00fchrung erh\u00e4ltlich.<\/p>\n<p>Ebenfalls optional erh\u00e4ltlich ist das Akrapovi\u010d Sound Kit (P-HF1194). Wenn das Slip-on System um die Evolution Link Pipe erweitert wird, wird das optionale Akrapovi\u010d Sound Kit P-HF1194 nicht ben\u00f6tigt, denn das speziell entwickelte Akrapovi\u010d Sound Kit ist im Evolution Link Pipe Set bereits inklusive. Bei Nutzung des optionalen Akrapovi\u010d Sound Kit ist die\u00a0ECE-Typgenehmigung nicht l\u00e4nger g\u00fcltig.<\/p>\n<p>F\u00fcr die Installation des Slip-On-Systems muss die Serien-Abgasanlage abgeschnitten werden. Bitte lesen Sie die Hinweise vor Montagebeginn sorgf\u00e4ltig.<br \/><\/br\/><\/p>\n","protected":false},"excerpt":{"rendered":"<p>Die Slip-On Line ist aus hochwertigem und leichtem Titan gefertigt \u2013 die komplexen Teile stammen aus Akrapovi\u010ds eigener Gie\u00dferei \u2013 und bietet im Vergleich zur Serienanlage eine Gewichtsersparnis von 45 %. Sie entspricht vollst\u00e4ndig der ECE-Norm. Das System ist so eingestellt, dass es sowohl im Innenraum als auch au\u00dferhalb des Fahrzeugs einen perfekten Hintergrund-Sound erzeugt. [&hellip;]<\/p>\n","protected":false},"featured_media":23343,"comment_status":"open","ping_status":"closed","template":"","meta":[],"product_brand":[],"product_cat":[16,17],"product_tag":[],"class_list":{"0":"post-3309","1":"product","2":"type-product","3":"status-publish","4":"has-post-thumbnail","6":"product_cat-akrapovic-auspuffanlagen","7":"product_cat-bmw","9":"first","10":"outofstock","11":"sale","12":"taxable","13":"shipping-taxable","14":"purchasable","15":"product-type-simple"},"_links":{"self":[{"href":"https:\/\/wagenthaler.com\/shop\/wp-json\/wp\/v2\/product\/3309","targetHints":{"allow":["GET"]}}],"collection":[{"href":"https:\/\/wagenthaler.com\/shop\/wp-json\/wp\/v2\/product"}],"about":[{"href":"https:\/\/wagenthaler.com\/shop\/wp-json\/wp\/v2\/types\/product"}],"replies":[{"embeddable":true,"href":"https:\/\/wagenthaler.com\/shop\/wp-json\/wp\/v2\/comments?post=3309"}],"wp:featuredmedia":[{"embeddable":true,"href":"https:\/\/wagenthaler.com\/shop\/wp-json\/wp\/v2\/media\/23343"}],"wp:attachment":[{"href":"https:\/\/wagenthaler.com\/shop\/wp-json\/wp\/v2\/media?parent=3309"}],"wp:term":[{"taxonomy":"product_brand","embeddable":true,"href":"https:\/\/wagenthaler.com\/shop\/wp-json\/wp\/v2\/product_brand?post=3309"},{"taxonomy":"product_cat","embeddable":true,"href":"https:\/\/wagenthaler.com\/shop\/wp-json\/wp\/v2\/product_cat?post=3309"},{"taxonomy":"product_tag","embeddable":true,"href":"https:\/\/wagenthaler.com\/shop\/wp-json\/wp\/v2\/product_tag?post=3309"}],"curies":[{"name":"wp","href":"https:\/\/api.w.org\/{rel}","templated":true}]}}