{"id":3333,"date":"2026-01-27T04:13:40","date_gmt":"2026-01-27T03:13:40","guid":{"rendered":"https:\/\/shop.wagenthaler.com\/produkt\/akrapovic-evolution-link-pipe-set-titan-long-fuer-bmw-m4-g82-g83\/"},"modified":"2026-01-27T04:13:41","modified_gmt":"2026-01-27T03:13:41","slug":"akrapovic-evolution-link-pipe-set-titan-long-fuer-bmw-m4-g82-g83","status":"publish","type":"product","link":"https:\/\/wagenthaler.com\/shop\/akrapovic-evolution-link-pipe-set-titan-long-fuer-bmw-m4-g82-g83\/","title":{"rendered":"Akrapovi\u010d Evolution Link Pipe set (Titan) \u2013 Long f\u00fcr BMW M4 (G82 \/ G83)"},"content":{"rendered":"<p><strong>Der Evolution Link Pipe Set (Titan) wurde zusammen mit der Slip-On Line (Titan) system montiert werden.<br \/><\/br\/><\/strong><\/p>\n<p>Diese aus hochwertigem Titan gefertigte, leichtere Link Pipe verf\u00fcgt \u00fcber einen Resonator im Mittelteil. Die f\u00fcr alle L\u00e4nder (mit Ausnahme der USA) erh\u00e4ltliche Link Pipe lieferte einen Leistungszuwachs von 17,7 kW (24,1 PS) bei 6.650 U\/min und einen Drehmomentanstieg von 25,4 Nm bei 6.650 U\/min beim Vergleich auf dem Akrapovi\u010d Pr\u00fcfstand gegen\u00fcber einem BMW M4 Competition (mit Ottopartikelfilter) mit serienm\u00e4\u00dfiger Abgasanlage. Kombiniert mit einem Slip-On Line (Titanium) System liefert sie einen tiefen, satten und sportlichen Sound ohne Dr\u00f6hnen und verk\u00f6rpert damit den reinen Sound eines aufgeladenen Reihensechszylinders. Die Neuprogrammierung ist obligatorisch. Dieses Produkt ist nur f\u00fcr den Einsatz auf Rennstrecken und abgesperrten Kursen gedacht.<\/p>\n<p>Dieses Produkt passt an Fahrzeuge mit und ohne Ottopartikelfilter.<\/br\/><\/p>\n<p><strong>Die Evolution Link Pipe set (Titanium) \u2013 Long passt auch f\u00fcr die xDrive, CSL, LCI, M3 Touring (G81), M4 (G83) Competition und Cabrio Modelle.<\/strong><br \/><\/br\/><\/p>\n<p>DIESES PRODUKT ERF\u00dcLLT NICHT DIE EINZUHALTENDEN ABGASNORMEN IM STRASSENGEBRAUCH.<\/p>\n<p><\/br\/><\/p>\n","protected":false},"excerpt":{"rendered":"<p>Der Evolution Link Pipe Set (Titan) wurde zusammen mit der Slip-On Line (Titan) system montiert werden. Diese aus hochwertigem Titan gefertigte, leichtere Link Pipe verf\u00fcgt \u00fcber einen Resonator im Mittelteil. Die f\u00fcr alle L\u00e4nder (mit Ausnahme der USA) erh\u00e4ltliche Link Pipe lieferte einen Leistungszuwachs von 17,7 kW (24,1 PS) bei 6.650 U\/min und einen Drehmomentanstieg [&hellip;]<\/p>\n","protected":false},"featured_media":3205,"comment_status":"open","ping_status":"closed","template":"","meta":[],"product_brand":[],"product_cat":[18,17],"product_tag":[],"class_list":{"0":"post-3333","1":"product","2":"type-product","3":"status-publish","4":"has-post-thumbnail","6":"product_cat-akrapovic-zubehoer","7":"product_cat-bmw","9":"first","10":"outofstock","11":"sale","12":"taxable","13":"shipping-taxable","14":"purchasable","15":"product-type-simple"},"_links":{"self":[{"href":"https:\/\/wagenthaler.com\/shop\/wp-json\/wp\/v2\/product\/3333","targetHints":{"allow":["GET"]}}],"collection":[{"href":"https:\/\/wagenthaler.com\/shop\/wp-json\/wp\/v2\/product"}],"about":[{"href":"https:\/\/wagenthaler.com\/shop\/wp-json\/wp\/v2\/types\/product"}],"replies":[{"embeddable":true,"href":"https:\/\/wagenthaler.com\/shop\/wp-json\/wp\/v2\/comments?post=3333"}],"wp:featuredmedia":[{"embeddable":true,"href":"https:\/\/wagenthaler.com\/shop\/wp-json\/wp\/v2\/media\/3205"}],"wp:attachment":[{"href":"https:\/\/wagenthaler.com\/shop\/wp-json\/wp\/v2\/media?parent=3333"}],"wp:term":[{"taxonomy":"product_brand","embeddable":true,"href":"https:\/\/wagenthaler.com\/shop\/wp-json\/wp\/v2\/product_brand?post=3333"},{"taxonomy":"product_cat","embeddable":true,"href":"https:\/\/wagenthaler.com\/shop\/wp-json\/wp\/v2\/product_cat?post=3333"},{"taxonomy":"product_tag","embeddable":true,"href":"https:\/\/wagenthaler.com\/shop\/wp-json\/wp\/v2\/product_tag?post=3333"}],"curies":[{"name":"wp","href":"https:\/\/api.w.org\/{rel}","templated":true}]}}