{"id":3341,"date":"2026-01-27T04:14:09","date_gmt":"2026-01-27T03:14:09","guid":{"rendered":"https:\/\/shop.wagenthaler.com\/produkt\/akrapovic-carbon-fibre-mirror-cap-set-high-gloss-fuer-bmw-m4-g82-g83\/"},"modified":"2026-01-27T04:14:10","modified_gmt":"2026-01-27T03:14:10","slug":"akrapovic-carbon-fibre-mirror-cap-set-high-gloss-fuer-bmw-m4-g82-g83","status":"publish","type":"product","link":"https:\/\/wagenthaler.com\/shop\/akrapovic-carbon-fibre-mirror-cap-set-high-gloss-fuer-bmw-m4-g82-g83\/","title":{"rendered":"Akrapovi\u010d Carbon Fibre Mirror Cap Set &#8211; High Gloss f\u00fcr BMW M4 (G82 \/ G83)"},"content":{"rendered":"<p>Um das BMW weiter zu personalisieren, wurden diese atemberaubenden Spiegelkappen speziell f\u00fcr das Fahrzeug entworfen und passen hervorragend zu den Linien. Sie sind aus hochwertigem, leichtem <strong>Karbon <\/strong>gefertigt und werden von hochqualifizierten Spezialisten in Handarbeit hergestellt. Sie sind eine einzigartige Erg\u00e4nzung des Fahrzeugs und passen auch zu den Endrohren der Slip-On Line (Titanium) Abgasanlage, dem Heckfl\u00fcgel und den weiteren Akrapovi\u010d-Produkten aus dem Karbon-Zubeh\u00f6rprogramm. Sie sind in hochgl\u00e4nzendem oder mattem Finish erh\u00e4ltlich.<\/p>\n<p><strong>Das Spiegelkappenset passt nicht auf Fahrzeuge mit Rechtslenkung.<\/strong><br \/><\/br\/><\/p>\n<p>Das Produkt passt auch auf M3- und M4-LCI-Versionen.<\/p>\n<p><\/br\/><\/p>\n","protected":false},"excerpt":{"rendered":"<p>Um das BMW weiter zu personalisieren, wurden diese atemberaubenden Spiegelkappen speziell f\u00fcr das Fahrzeug entworfen und passen hervorragend zu den Linien. Sie sind aus hochwertigem, leichtem Karbon gefertigt und werden von hochqualifizierten Spezialisten in Handarbeit hergestellt. Sie sind eine einzigartige Erg\u00e4nzung des Fahrzeugs und passen auch zu den Endrohren der Slip-On Line (Titanium) Abgasanlage, dem [&hellip;]<\/p>\n","protected":false},"featured_media":3044,"comment_status":"open","ping_status":"closed","template":"","meta":[],"product_brand":[],"product_cat":[18,17],"product_tag":[],"class_list":{"0":"post-3341","1":"product","2":"type-product","3":"status-publish","4":"has-post-thumbnail","6":"product_cat-akrapovic-zubehoer","7":"product_cat-bmw","9":"first","10":"outofstock","11":"sale","12":"taxable","13":"shipping-taxable","14":"purchasable","15":"product-type-simple"},"_links":{"self":[{"href":"https:\/\/wagenthaler.com\/shop\/wp-json\/wp\/v2\/product\/3341","targetHints":{"allow":["GET"]}}],"collection":[{"href":"https:\/\/wagenthaler.com\/shop\/wp-json\/wp\/v2\/product"}],"about":[{"href":"https:\/\/wagenthaler.com\/shop\/wp-json\/wp\/v2\/types\/product"}],"replies":[{"embeddable":true,"href":"https:\/\/wagenthaler.com\/shop\/wp-json\/wp\/v2\/comments?post=3341"}],"wp:featuredmedia":[{"embeddable":true,"href":"https:\/\/wagenthaler.com\/shop\/wp-json\/wp\/v2\/media\/3044"}],"wp:attachment":[{"href":"https:\/\/wagenthaler.com\/shop\/wp-json\/wp\/v2\/media?parent=3341"}],"wp:term":[{"taxonomy":"product_brand","embeddable":true,"href":"https:\/\/wagenthaler.com\/shop\/wp-json\/wp\/v2\/product_brand?post=3341"},{"taxonomy":"product_cat","embeddable":true,"href":"https:\/\/wagenthaler.com\/shop\/wp-json\/wp\/v2\/product_cat?post=3341"},{"taxonomy":"product_tag","embeddable":true,"href":"https:\/\/wagenthaler.com\/shop\/wp-json\/wp\/v2\/product_tag?post=3341"}],"curies":[{"name":"wp","href":"https:\/\/api.w.org\/{rel}","templated":true}]}}