{"id":3358,"date":"2026-01-27T04:17:13","date_gmt":"2026-01-27T03:17:13","guid":{"rendered":"https:\/\/shop.wagenthaler.com\/produkt\/import\/"},"modified":"2026-01-27T04:17:25","modified_gmt":"2026-01-27T03:17:25","slug":"akrapovic-slip-on-line-titan-fuer-bmw-m4-g82-g83-opf-gpf","status":"publish","type":"product","link":"https:\/\/wagenthaler.com\/shop\/akrapovic-slip-on-line-titan-fuer-bmw-m4-g82-g83-opf-gpf\/","title":{"rendered":"Akrapovi\u010d Slip-On Line (Titan) f\u00fcr BMW M4 (G82 \/ G83) &#8211; OPF\/GPF"},"content":{"rendered":"<p>Dieses <strong>hochwertige, leichte Titansystem<\/strong> mit <strong>handgefertigten Karbon-Endrohren<\/strong> wiegt 35 % weniger als die Serienanlage und verf\u00fcgt \u00fcber ein in der hauseigenen Gie\u00dferei gegossenes <strong>Kollektoren-Paar<\/strong>. Das Slip-On Line (Titanium) Abgassystem wird mit einem speziell entwickelten <strong>Akrapovi\u010d Control Kit<\/strong> f\u00fcr ein komplettes Klangerlebnis geliefert. Der Sound-Charakter bietet bei normaler Fahrt einen satten Ton und steigert sich zu einem tiefen, sportlichen Klang, wenn der M3\/M4 dynamischer gefahren wird. Die Anlage liefert einen <strong>perfekten Sound<\/strong> bei allen Drehzahlen und bietet Komfort und Sportlichkeit in einem Abgassystem. F\u00fcr die Endrohre wurde eine bahnbrechende achteckige Form aus leichtem Titan mit einer Au\u00dfenh\u00fclle aus Karbon entwickelt, und f\u00fcr traditionellere K\u00e4ufer gibt es das klassische zylindrische Design.<\/p>\n<p>Das System liefert eine <strong>Leistungssteigerung <\/strong>um 8,0 kW (10,9 PS) bei 6.000 U\/min und einen <strong>Drehmomentzuwachs <\/strong>von 13,9 Nm bei 5.000 U\/min beim Vergleich auf dem Akrapovi\u010d Pr\u00fcfstand gegen\u00fcber einem BMW M4 Competition mit serienm\u00e4\u00dfiger Abgasanlage. F\u00fcr diese Konfiguration ist keine Neuprogrammierung erforderlich. Sie passt f\u00fcr alle Fahrzeuge (mit und ohne Ottopartikelfilter), aber die EC\/ECE-Bescheinigung ist nur f\u00fcr Fahrzeuge mit Ottopartikelfilter g\u00fcltig.<\/p>\n<p><strong>Optional sind Link Pipes und Downpipes<\/strong> f\u00fcr Kunden erh\u00e4ltlich, die das Abgassystem f\u00fcr eine Nutzung auf geschlossenen Rennstrecken umr\u00fcsten wollen. Das Akrapovi\u010d Sound Kit ist ebenfalls als Option erh\u00e4ltlich. Bei Installation der optionalen Link Pipes, Downpipes und des <strong>Akrapovi\u010d Sound Kits<\/strong> ist die EC\/ECE-Typgenehmigung des Slip-On Line (Titanium) Abgassystems nicht mehr g\u00fcltig. Auf Wunsch ist auch ein handgefertigter Karbon-Diffusor erh\u00e4ltlich, der die optische Wirkung der Akrapovi\u010d Endrohre unterstreicht.<\/p>\n<p>Die Abgasanlage passt auch f\u00fcr die <strong>xDrive, CSL, M3 Touring (G81),\u00a0<\/strong><strong>M4 (G83)<\/strong>\u00a0Competition und Cabrio Modelle.\u00a0Der ECE-Typgenehmigungsbogen gilt nicht f\u00fcr das CSL-Modell.<\/p>\n<p>Das Produkt passt auch auf M3- und M4-LCI-Versionen.<br \/><\/br\/><\/p>\n<p>Die Slip-On Line (Titanium) Abgasanlage ist EC\/ECE-typgepr\u00fcft f\u00fcr Fahrzeuge, die mit einem Ottopartikelfilter ausgestattet sind.<\/p>\n<p><strong>Das Tail Pipe Set (Carbon) muss obligatorisch separat bestellt werden. Bitte w\u00e4hlen Sie TP-CT\/69 oder TP-CT\/68\u00a0<strong>oder\u00a0TP-CT\/73\/CF<\/strong>.<\/strong><\/p>\n<p><\/br\/><\/p>\n<p><\/br\/><\/p>\n<p><\/br\/><\/p>\n","protected":false},"excerpt":{"rendered":"<p>Dieses hochwertige, leichte Titansystem mit handgefertigten Karbon-Endrohren wiegt 35 % weniger als die Serienanlage und verf\u00fcgt \u00fcber ein in der hauseigenen Gie\u00dferei gegossenes Kollektoren-Paar. Das Slip-On Line (Titanium) Abgassystem wird mit einem speziell entwickelten Akrapovi\u010d Control Kit f\u00fcr ein komplettes Klangerlebnis geliefert. Der Sound-Charakter bietet bei normaler Fahrt einen satten Ton und steigert sich zu [&hellip;]<\/p>\n","protected":false},"featured_media":3326,"comment_status":"open","ping_status":"closed","template":"","meta":[],"product_brand":[],"product_cat":[16,17],"product_tag":[],"class_list":{"0":"post-3358","1":"product","2":"type-product","3":"status-publish","4":"has-post-thumbnail","6":"product_cat-akrapovic-auspuffanlagen","7":"product_cat-bmw","9":"first","10":"instock","11":"sale","12":"taxable","13":"shipping-taxable","14":"purchasable","15":"product-type-variable"},"_links":{"self":[{"href":"https:\/\/wagenthaler.com\/shop\/wp-json\/wp\/v2\/product\/3358","targetHints":{"allow":["GET"]}}],"collection":[{"href":"https:\/\/wagenthaler.com\/shop\/wp-json\/wp\/v2\/product"}],"about":[{"href":"https:\/\/wagenthaler.com\/shop\/wp-json\/wp\/v2\/types\/product"}],"replies":[{"embeddable":true,"href":"https:\/\/wagenthaler.com\/shop\/wp-json\/wp\/v2\/comments?post=3358"}],"wp:featuredmedia":[{"embeddable":true,"href":"https:\/\/wagenthaler.com\/shop\/wp-json\/wp\/v2\/media\/3326"}],"wp:attachment":[{"href":"https:\/\/wagenthaler.com\/shop\/wp-json\/wp\/v2\/media?parent=3358"}],"wp:term":[{"taxonomy":"product_brand","embeddable":true,"href":"https:\/\/wagenthaler.com\/shop\/wp-json\/wp\/v2\/product_brand?post=3358"},{"taxonomy":"product_cat","embeddable":true,"href":"https:\/\/wagenthaler.com\/shop\/wp-json\/wp\/v2\/product_cat?post=3358"},{"taxonomy":"product_tag","embeddable":true,"href":"https:\/\/wagenthaler.com\/shop\/wp-json\/wp\/v2\/product_tag?post=3358"}],"curies":[{"name":"wp","href":"https:\/\/api.w.org\/{rel}","templated":true}]}}