{"id":33650,"date":"2026-02-06T01:07:30","date_gmt":"2026-02-06T00:07:30","guid":{"rendered":"https:\/\/wagenthaler.com\/shop\/st-x-gewindefahrwerk-fuer-audi-a5-cabriolet-b8-8f7-02-2009-10-2017\/"},"modified":"2026-03-03T01:41:51","modified_gmt":"2026-03-03T00:41:51","slug":"st-x-gewindefahrwerk-fuer-audi-a5-cabriolet-b8-8f7-02-2009-10-2017","status":"publish","type":"product","link":"https:\/\/wagenthaler.com\/shop\/st-x-gewindefahrwerk-fuer-audi-a5-cabriolet-b8-8f7-02-2009-10-2017\/","title":{"rendered":"ST X Gewindefahrwerk f\u00fcr AUDI A5 Cabriolet (B8) 8F7 02\/2009-10\/2017"},"content":{"rendered":"<p>Die ST X Gewindefahrwerke erlauben durch die stufenlose Gewindeverstellung eine moderate bis eXtreme Tieferlegung. Basierend auf dem Knowhow von KW, dem Marktf\u00fchrer f\u00fcr individuelle Fahrwerkl\u00f6sungen, \u00fcberzeugen die ST X Gewindefahrwerke durch ihre Qualit\u00e4t und Fahrdynamik.<\/p>\n<p>Die ST X Gewindefahrwerke made by KW lassen sich schnell und einfach \u00fcber das Trapezgewinde am verzinkten und mehrfach versiegeltem Federbein im Niveau der Tieferlegung justieren. Dazu wird im eingebauten Zustand der ST Polyamid-Gewindefederring nach oben oder unten gedreht. Der Verstellbereich ist bei jedem Fahrzeug unterschiedlich, so liegt er etwa beim Audi A3 an der Vorder- und Hinterachse zwischen 35 und 65 mm. Bei einem bereits im Serienzustand relativ tiefen Fahrzeug wie zum Beispiel dem BMW 3er (E9x), k\u00f6nnen mit dem ST X Gewindefahrwerk individuelle Tieferlegungen im Bereich von 30 bis 60 mm vorne und 25 bis 55 mm hinten erzielt werden. Bei Fahrzeugen mit nicht-radf\u00fchrenden Doppelquerlenker-Hinterachsen wird die Tieferlegung \u00fcber die ST X Gewindefahrwerke Hinterachs-H\u00f6henverstellung eingestellt.<\/p>\n<p>Eine D\u00e4mpferabstimmung f\u00fcr mehr Fahrspa\u00df<br \/>Bei der von ST Suspensions in Zusammenarbeit mit KW genutzten D\u00e4mpfersetup steht eine sportliche Abstimmung im Fokus. Dadurch verringern sich beim Einfedern die typischen Roll- und Wankbewegungen der Karosserie. Ein mit einem ST Gewindefahrwerk ausgestattetes Fahrzeug agiert direkter auf alle Fahrman\u00f6ver und ist beim Fahren deutlich agiler. Beispielsweise taucht bei Bremsman\u00f6vern die Nase des Fahrzeugs weniger ein und die Handling-Eigenschaften steigern sich. Die hochwertige Verarbeitung der ST X Gewindefahrwerke beinhalteten neben einem reibungsarmen und druckbest\u00e4ndigen Geh\u00e4use auch eine verchromte Kolbenstange. F\u00fcr langen Fahrspa\u00df sorgt auch das Monoblock-F\u00fchrungs- und Dichtungspaket, das den Zweirohrd\u00e4mpfer vor dem Eindringen von Schmutzpartikeln sch\u00fctzt.<\/p>\n<p>Tieferlegen mit STil: die ST X Gewindefahrwerke<br \/>Durch ihre hochwertige Verarbeitung, der ausgewogenen D\u00e4mpferabstimmung und der leichten Verstellbarkeit der stufenlosen Tieferlegung sind die ST X Gewindefahrwerke made by KW das ideale Gewindefahrwerk f\u00fcr Tuningfreunde: <\/p>\n<p>&#8211; Individuelle Tieferlegung innerhalb des gepr\u00fcften Einstellbereichs<br \/>&#8211; VA und HA (sofern technisch m\u00f6glich) mit Gewindeverstellung<br \/>&#8211; Verzinkte Gewindefederbeine mit zus\u00e4tzlicher Versiegelung f\u00fcr einen optimierten Korrosionsschutz<br \/>&#8211; Komplette L\u00f6sung mit Verstellfederteller, Federsystem und Anschlagelementen mit Staubschutzsystem<br \/>&#8211; Leistungsf\u00e4higer 2-Rohr D\u00e4mpfer mit hochwertigen Komponenten f\u00fcr eine lange Lebensdauer<\/p>\n","protected":false},"excerpt":{"rendered":"<p>Markenqualit\u00e4t von ST suspensions. Feste D\u00e4mpferkennung, h\u00f6henverstellbar.<\/p>\n<ul class='kw-specs'>\n<li><strong>Tieferlegung:<\/strong> VA 25-55mm \/ HA 25-50 mm<\/li>\n<li><strong>Material:<\/strong> Stahl verzinkt<\/li>\n<\/ul>\n<p><em>Jetzt konfigurieren!<\/em><\/p>\n","protected":false},"featured_media":30295,"comment_status":"open","ping_status":"closed","template":"","meta":[],"product_brand":[],"product_cat":[57,50],"product_tag":[],"class_list":{"0":"post-33650","1":"product","2":"type-product","3":"status-publish","4":"has-post-thumbnail","6":"product_cat-audi","7":"product_cat-kw-gewindefahrwerke","9":"first","10":"onbackorder","11":"taxable","12":"shipping-taxable","13":"purchasable","14":"product-type-variable"},"_links":{"self":[{"href":"https:\/\/wagenthaler.com\/shop\/wp-json\/wp\/v2\/product\/33650","targetHints":{"allow":["GET"]}}],"collection":[{"href":"https:\/\/wagenthaler.com\/shop\/wp-json\/wp\/v2\/product"}],"about":[{"href":"https:\/\/wagenthaler.com\/shop\/wp-json\/wp\/v2\/types\/product"}],"replies":[{"embeddable":true,"href":"https:\/\/wagenthaler.com\/shop\/wp-json\/wp\/v2\/comments?post=33650"}],"wp:featuredmedia":[{"embeddable":true,"href":"https:\/\/wagenthaler.com\/shop\/wp-json\/wp\/v2\/media\/30295"}],"wp:attachment":[{"href":"https:\/\/wagenthaler.com\/shop\/wp-json\/wp\/v2\/media?parent=33650"}],"wp:term":[{"taxonomy":"product_brand","embeddable":true,"href":"https:\/\/wagenthaler.com\/shop\/wp-json\/wp\/v2\/product_brand?post=33650"},{"taxonomy":"product_cat","embeddable":true,"href":"https:\/\/wagenthaler.com\/shop\/wp-json\/wp\/v2\/product_cat?post=33650"},{"taxonomy":"product_tag","embeddable":true,"href":"https:\/\/wagenthaler.com\/shop\/wp-json\/wp\/v2\/product_tag?post=33650"}],"curies":[{"name":"wp","href":"https:\/\/api.w.org\/{rel}","templated":true}]}}