{"id":3368,"date":"2026-01-27T04:17:22","date_gmt":"2026-01-27T03:17:22","guid":{"rendered":"https:\/\/shop.wagenthaler.com\/produkt\/akrapovic-rear-wing-carbon-fuer-bmw-m4-g82-g83-opf-gpf\/"},"modified":"2026-02-05T14:28:45","modified_gmt":"2026-02-05T13:28:45","slug":"akrapovic-rear-wing-carbon-fuer-bmw-m4-g82-g83-opf-gpf","status":"publish","type":"product","link":"https:\/\/wagenthaler.com\/shop\/akrapovic-rear-wing-carbon-fuer-bmw-m4-g82-g83-opf-gpf\/","title":{"rendered":"Akrapovi\u010d Rear Wing (Carbon) f\u00fcr BMW M4 (G82 \/ G83) &#8211; OPF\/GPF"},"content":{"rendered":"<p>Dieses Produkt wird aus leichter, handgefertigter <strong>Kohlefaser hergestellt<\/strong> und f\u00fcr ein hochgl\u00e4nzendes Erscheinungsbild lackiert. Es ist auf zwei Halterungen in Schwanenhalsform montiert, die aus leichtem, CNC-gefr\u00e4stem <strong>Aluminium <\/strong>gefertigt sind, um das beste Verh\u00e4ltnis zwischen Gewicht und Leistung zu erzielen. Die Halterungen wurden f\u00fcr das optimale Verh\u00e4ltnis zwischen Tragf\u00e4higkeit und Gewicht konzipiert. Die Schrauben, mit denen der Fl\u00fcgel und die Halterungen verbunden sind, bestehen aus hochwertigem <strong>Titan<\/strong>. F\u00fcr eine bessere strukturelle Stabilit\u00e4t an den Drehpunkten wurden hochwertige Titan-Verst\u00e4rkungen eingearbeitet. Der Fl\u00fcgel wurde entwickelt, um ein extrem wettbewerbsf\u00e4higes Verh\u00e4ltnis zwischen Abtriebskraft und Luftwiderstand zu erzielen. An der Hinterkante des Fl\u00fcgels ist eine kleine Lippe angebracht, um die maximale Leistung des Fl\u00fcgels zu erreichen, indem noch mehr Abtrieb erzeugt wird.<\/p>\n<p>Optimiert f\u00fcr die Aerodynamik des BMW M3 und M4, wurde mit Hilfe von Computational Fluid Dynamics (CFD) die <strong>bestm\u00f6gliche Funktionalit\u00e4t<\/strong> sichergestellt. Dabei wurde besonders darauf geachtet, dass die Gesamtgeometrie keine zus\u00e4tzlichen Luftturbulenzen im Heckbereich verursacht oder zus\u00e4tzliche Ger\u00e4usche an der Seite des Fahrzeugs erzeugt.<\/br\/><\/p>\n<p>Der Fl\u00fcgel ist in drei Stufen <strong>einstellbar <\/strong>und muss vor der Fahrt manuell auf den gew\u00fcnschten Winkel eingestellt werden. Er hat eine <strong>ABE <\/strong>mit AKR-WI KBA 31882 Typgenehmigung und ist mit einem dezenten Akrapovi\u010d-Monochrom-Logo auf jeder Seite versehen.<\/p>\n<p><\/br\/><\/p>\n<p>Das Produkt passt auch auf M4-LCI-Version.<br \/><\/br\/><\/p>\n<p>Dieses Produkt passt nicht auf BMW M4 Cabrio (G83).<\/p>\n<p>Dieses Produkt passt nicht auf BMW M440i Cabrio (G23).<\/p>\n","protected":false},"excerpt":{"rendered":"<p>Dieses Produkt wird aus leichter, handgefertigter Kohlefaser hergestellt und f\u00fcr ein hochgl\u00e4nzendes Erscheinungsbild lackiert. Es ist auf zwei Halterungen in Schwanenhalsform montiert, die aus leichtem, CNC-gefr\u00e4stem Aluminium gefertigt sind, um das beste Verh\u00e4ltnis zwischen Gewicht und Leistung zu erzielen. Die Halterungen wurden f\u00fcr das optimale Verh\u00e4ltnis zwischen Tragf\u00e4higkeit und Gewicht konzipiert. Die Schrauben, mit denen [&hellip;]<\/p>\n","protected":false},"featured_media":23333,"comment_status":"open","ping_status":"closed","template":"","meta":[],"product_brand":[],"product_cat":[16,17],"product_tag":[],"class_list":{"0":"post-3368","1":"product","2":"type-product","3":"status-publish","4":"has-post-thumbnail","6":"product_cat-akrapovic-auspuffanlagen","7":"product_cat-bmw","9":"first","10":"onbackorder","11":"sale","12":"taxable","13":"shipping-taxable","14":"purchasable","15":"product-type-simple"},"_links":{"self":[{"href":"https:\/\/wagenthaler.com\/shop\/wp-json\/wp\/v2\/product\/3368","targetHints":{"allow":["GET"]}}],"collection":[{"href":"https:\/\/wagenthaler.com\/shop\/wp-json\/wp\/v2\/product"}],"about":[{"href":"https:\/\/wagenthaler.com\/shop\/wp-json\/wp\/v2\/types\/product"}],"replies":[{"embeddable":true,"href":"https:\/\/wagenthaler.com\/shop\/wp-json\/wp\/v2\/comments?post=3368"}],"wp:featuredmedia":[{"embeddable":true,"href":"https:\/\/wagenthaler.com\/shop\/wp-json\/wp\/v2\/media\/23333"}],"wp:attachment":[{"href":"https:\/\/wagenthaler.com\/shop\/wp-json\/wp\/v2\/media?parent=3368"}],"wp:term":[{"taxonomy":"product_brand","embeddable":true,"href":"https:\/\/wagenthaler.com\/shop\/wp-json\/wp\/v2\/product_brand?post=3368"},{"taxonomy":"product_cat","embeddable":true,"href":"https:\/\/wagenthaler.com\/shop\/wp-json\/wp\/v2\/product_cat?post=3368"},{"taxonomy":"product_tag","embeddable":true,"href":"https:\/\/wagenthaler.com\/shop\/wp-json\/wp\/v2\/product_tag?post=3368"}],"curies":[{"name":"wp","href":"https:\/\/api.w.org\/{rel}","templated":true}]}}