{"id":3370,"date":"2026-01-27T04:17:23","date_gmt":"2026-01-27T03:17:23","guid":{"rendered":"https:\/\/shop.wagenthaler.com\/produkt\/akrapovic-di-bm-ca-9-g-fuer-bmw-m4-g82-g83-opf-gpf\/"},"modified":"2026-01-27T04:17:29","modified_gmt":"2026-01-27T03:17:29","slug":"akrapovic-rear-carbon-fibre-diffuser-high-gloss-fuer-bmw-m4-g82-g83-opf-gpf","status":"publish","type":"product","link":"https:\/\/wagenthaler.com\/shop\/akrapovic-rear-carbon-fibre-diffuser-high-gloss-fuer-bmw-m4-g82-g83-opf-gpf\/","title":{"rendered":"Akrapovi\u010d Rear Carbon Fibre Diffuser &#8211; High Gloss f\u00fcr BMW M4 (G82 \/ G83) &#8211; OPF\/GPF"},"content":{"rendered":"<p>F\u00fcr einen zus\u00e4tzlichen optischen Effekt ist ein handgefertigter Karbon-Diffusor erh\u00e4ltlich. Dieses leichte Zubeh\u00f6rteil aus hauseigener Produktion verf\u00fcgt \u00fcber eine ABE und wurde entwickelt, um die Endrohre des Akrapovi\u010d Abgassystems optimal zur Geltung zu bringen.<br \/><\/br\/><\/p>\n<p>Dieses Produkt passt auch f\u00fcr die xDrive, CSL, LCI und M4 (G83) Competition Modelle.<br \/><\/br\/><\/p>\n","protected":false},"excerpt":{"rendered":"<p>F\u00fcr einen zus\u00e4tzlichen optischen Effekt ist ein handgefertigter Karbon-Diffusor erh\u00e4ltlich. Dieses leichte Zubeh\u00f6rteil aus hauseigener Produktion verf\u00fcgt \u00fcber eine ABE und wurde entwickelt, um die Endrohre des Akrapovi\u010d Abgassystems optimal zur Geltung zu bringen. Dieses Produkt passt auch f\u00fcr die xDrive, CSL, LCI und M4 (G83) Competition Modelle.<\/p>\n","protected":false},"featured_media":3239,"comment_status":"open","ping_status":"closed","template":"","meta":[],"product_brand":[],"product_cat":[18,17],"product_tag":[],"class_list":{"0":"post-3370","1":"product","2":"type-product","3":"status-publish","4":"has-post-thumbnail","6":"product_cat-akrapovic-zubehoer","7":"product_cat-bmw","9":"first","10":"instock","11":"sale","12":"taxable","13":"shipping-taxable","14":"purchasable","15":"product-type-simple"},"_links":{"self":[{"href":"https:\/\/wagenthaler.com\/shop\/wp-json\/wp\/v2\/product\/3370","targetHints":{"allow":["GET"]}}],"collection":[{"href":"https:\/\/wagenthaler.com\/shop\/wp-json\/wp\/v2\/product"}],"about":[{"href":"https:\/\/wagenthaler.com\/shop\/wp-json\/wp\/v2\/types\/product"}],"replies":[{"embeddable":true,"href":"https:\/\/wagenthaler.com\/shop\/wp-json\/wp\/v2\/comments?post=3370"}],"wp:featuredmedia":[{"embeddable":true,"href":"https:\/\/wagenthaler.com\/shop\/wp-json\/wp\/v2\/media\/3239"}],"wp:attachment":[{"href":"https:\/\/wagenthaler.com\/shop\/wp-json\/wp\/v2\/media?parent=3370"}],"wp:term":[{"taxonomy":"product_brand","embeddable":true,"href":"https:\/\/wagenthaler.com\/shop\/wp-json\/wp\/v2\/product_brand?post=3370"},{"taxonomy":"product_cat","embeddable":true,"href":"https:\/\/wagenthaler.com\/shop\/wp-json\/wp\/v2\/product_cat?post=3370"},{"taxonomy":"product_tag","embeddable":true,"href":"https:\/\/wagenthaler.com\/shop\/wp-json\/wp\/v2\/product_tag?post=3370"}],"curies":[{"name":"wp","href":"https:\/\/api.w.org\/{rel}","templated":true}]}}