{"id":3378,"date":"2026-01-27T04:17:50","date_gmt":"2026-01-27T03:17:50","guid":{"rendered":"https:\/\/shop.wagenthaler.com\/produkt\/akrapovic-downpipe-w-cat-edelstahl-fuer-bmw-m440i-g22-g23\/"},"modified":"2026-01-27T04:17:51","modified_gmt":"2026-01-27T03:17:51","slug":"akrapovic-downpipe-w-cat-edelstahl-fuer-bmw-m440i-g22-g23","status":"publish","type":"product","link":"https:\/\/wagenthaler.com\/shop\/akrapovic-downpipe-w-cat-edelstahl-fuer-bmw-m440i-g22-g23\/","title":{"rendered":"Akrapovi\u010d Downpipe w Cat (Edelstahl) f\u00fcr BMW M440I (G22 \/ G23)"},"content":{"rendered":"<p><strong><\/strong><\/p>\n<p>Dieses Produkt ist aus hochwertigem Edelstahl gefertigt, wobei der vordere Teil der Downpipe in der hauseigenen Gie\u00dferei von Akrapovi\u010d gegossen wird. In die Downpipe ist ein 300 cpsi Sport-Katalysator integriert, dessen W\u00e4rmed\u00e4mmung aus Edelstahl besteht und in dessen Mittelteil ein flexibler Schlauch integriert ist. Bei einem Test auf dem Akrapovi\u010d Pr\u00fcfstand im Vergleich zu einem BMW M440i mit serienm\u00e4\u00dfiger Abgasanlage wurden ein Leistungszuwachs von 18,7 kW (25,4 PS) bei 5.600 U\/min und ein Drehmomentanstieg von 34,7 Nm bei 2.400 U\/min ermittelt. Das System liefert einen reinen Rennsportsound voller Emotionen und Adrenalin und gibt bei hohen Drehzahlen ein tolles Feedback, alles ohne unerw\u00fcnschtes Dr\u00f6hnen. <\/p>\n<p><\/br\/><\/p>\n<p>Dieses Produkt ist nur f\u00fcr den Einsatz auf der Rennstrecke gedacht. Eine Neuprogrammierung der ECU ist zwingend erforderlich, um m\u00f6gliche Warnmeldungen der Motorkontrollleuchte zu vermeiden.<\/p>\n<p>Die Downpipe ist ein optionales Produkt f\u00fcr die folgenden Evolution Line (Titanium) Abgasanlagen:<\/p>\n<p>BMW M340i (G20) ohne Ottopartikelfilter: Slip-On Line (Titanium) + Evolution Link Pipe Set (SS) \u2013 S-BM\/T\/17H + E-BM\/SS\/8<\/p>\n<p>BMW M440i (G22) ohne Ottopartikelfilter: Slip-On Line (Titanium) + Evolution Link Pipe Set (SS) \u2013 S-BM\/T\/18H + E-BM\/SS\/8<\/p>\n<p><\/br\/><\/p>\n<p><strong>Montagehinweis: Das Produkt passt nicht in Fahrzeuge mit B58T\u00dc2-Motor.<\/strong><br \/><\/br\/><\/p>\n<p>DIESES PRODUKT ERF\u00dcLLT NICHT DIE EINZUHALTENDEN ABGASNORMEN IM STRASSENGEBRAUCH<\/p>\n<p><\/br\/><\/p>\n<p><\/br\/><\/p>\n<p><\/br\/><\/p>\n","protected":false},"excerpt":{"rendered":"<p>Dieses Produkt ist aus hochwertigem Edelstahl gefertigt, wobei der vordere Teil der Downpipe in der hauseigenen Gie\u00dferei von Akrapovi\u010d gegossen wird. In die Downpipe ist ein 300 cpsi Sport-Katalysator integriert, dessen W\u00e4rmed\u00e4mmung aus Edelstahl besteht und in dessen Mittelteil ein flexibler Schlauch integriert ist. Bei einem Test auf dem Akrapovi\u010d Pr\u00fcfstand im Vergleich zu einem [&hellip;]<\/p>\n","protected":false},"featured_media":3267,"comment_status":"open","ping_status":"closed","template":"","meta":[],"product_brand":[],"product_cat":[18,17],"product_tag":[],"class_list":{"0":"post-3378","1":"product","2":"type-product","3":"status-publish","4":"has-post-thumbnail","6":"product_cat-akrapovic-zubehoer","7":"product_cat-bmw","9":"first","10":"outofstock","11":"sale","12":"taxable","13":"shipping-taxable","14":"purchasable","15":"product-type-simple"},"_links":{"self":[{"href":"https:\/\/wagenthaler.com\/shop\/wp-json\/wp\/v2\/product\/3378","targetHints":{"allow":["GET"]}}],"collection":[{"href":"https:\/\/wagenthaler.com\/shop\/wp-json\/wp\/v2\/product"}],"about":[{"href":"https:\/\/wagenthaler.com\/shop\/wp-json\/wp\/v2\/types\/product"}],"replies":[{"embeddable":true,"href":"https:\/\/wagenthaler.com\/shop\/wp-json\/wp\/v2\/comments?post=3378"}],"wp:featuredmedia":[{"embeddable":true,"href":"https:\/\/wagenthaler.com\/shop\/wp-json\/wp\/v2\/media\/3267"}],"wp:attachment":[{"href":"https:\/\/wagenthaler.com\/shop\/wp-json\/wp\/v2\/media?parent=3378"}],"wp:term":[{"taxonomy":"product_brand","embeddable":true,"href":"https:\/\/wagenthaler.com\/shop\/wp-json\/wp\/v2\/product_brand?post=3378"},{"taxonomy":"product_cat","embeddable":true,"href":"https:\/\/wagenthaler.com\/shop\/wp-json\/wp\/v2\/product_cat?post=3378"},{"taxonomy":"product_tag","embeddable":true,"href":"https:\/\/wagenthaler.com\/shop\/wp-json\/wp\/v2\/product_tag?post=3378"}],"curies":[{"name":"wp","href":"https:\/\/api.w.org\/{rel}","templated":true}]}}