{"id":3382,"date":"2026-01-27T04:17:55","date_gmt":"2026-01-27T03:17:55","guid":{"rendered":"https:\/\/shop.wagenthaler.com\/produkt\/import\/"},"modified":"2026-01-27T04:18:17","modified_gmt":"2026-01-27T03:18:17","slug":"akrapovic-evolution-line-titan-fuer-bmw-m440i-g22-g23-2","status":"publish","type":"product","link":"https:\/\/wagenthaler.com\/shop\/akrapovic-evolution-line-titan-fuer-bmw-m440i-g22-g23-2\/","title":{"rendered":"Akrapovi\u010d Evolution Line (Titan) f\u00fcr BMW M440I (G22 \/ G23)"},"content":{"rendered":"<p>Das hochwertige und leichte Titan-System mit handgefertigten Karbon-Endrohren wird mit einem hochwertigen Link Pipe Set aus austenitischem Edelstahl veredelt. Die Ventile auf jeder Seite sind so dimensioniert, dass sie einen ma\u00dfgeschneiderten Klang liefern, zwei an den Endrohren angebrachte akustische Reflektoren leiten den Sound in den Innenraum des Fahrzeugs. Da die Akrapovi\u010d Evolution Line (Titanium) Abgasanlage zwei Ventile hat, eines mehr als die Serienanlage, ist ein TNG-Controller im Produkt enthalten, um das zus\u00e4tzliche Auslassventil zu steuern. Um das Klangerlebnis noch einzigartiger zu machen, gibt es zwei speziell in der Entwicklung auf diesen neuen Motor abgestimmte Resonatoren. Sie liefern einen tiefen, satten und sportlichen Klang ohne unerw\u00fcnschtes Dr\u00f6hnen oder Brummen, der perfekt auf den Reihen-Sechszylinder abgestimmt ist. Das System wiegt 21,7 kg und ist damit 23% leichter als die Serienanlage. Beim Test auf dem Akrapovi\u010d Pr\u00fcfstand im Vergleich zu einem BMW M440i mit serienm\u00e4\u00dfiger Abgasanlage wurden eine Leistungssteigerung von 8,7 kW (11,8 PS) bei 5.600 U\/min und ein Drehmomentanstieg von 17,1 Nm bei 4.100 U\/min gemessen. In der hauseigenen Gie\u00dferei von Akrapovi\u010d werden spezielle Teile gegossen, um die komplizierten und komplexen Bauteile herzustellen, die f\u00fcr dieses System ben\u00f6tigt werden. Das Produkt ist nur f\u00fcr den Einsatz auf der Rennstrecke und f\u00fcr Fahrzeuge ohne Ottopartikelfilter gedacht, eine Neuprogrammierung wird empfohlen.<\/p>\n<p><strong>Bitte beachten Sie, dass die beiden Produktcodes, S-BM\/T\/18H und E-BM\/SS\/8, aus verpackungstechnischen Gr\u00fcnden aufgeteilt werden. Es m\u00fcssen beide Codes bestellt werden.<\/strong><\/p>\n<p>Einbauhinweis: Das Evolution Line (Titanium) System ist nur f\u00fcr Fahrzeuge ohne Ottopartikelfilter geeignet. F\u00fcr Fahrzeuge ohne Ottopartikelfilter ist die EC\/ECE-Typgenehmigungsbescheinigung nicht g\u00fcltig.<\/p>\n<p>Dieses Produkt ist auch f\u00fcr den BMW M440i xDrive Cabriolet (G23) geeignet.<\/p>\n<p><\/br\/><\/p>\n<p>DIESES PRODUKT ERF\u00dcLLT NICHT DIE EMISSIONSANFORDERUNGEN F\u00dcR DEN EINSATZ AUF \u00d6FFENTLICHEN STRASSEN UND AUTOBAHNEN.<\/p>\n<p><\/br\/><\/p>\n","protected":false},"excerpt":{"rendered":"<p>Das hochwertige und leichte Titan-System mit handgefertigten Karbon-Endrohren wird mit einem hochwertigen Link Pipe Set aus austenitischem Edelstahl veredelt. Die Ventile auf jeder Seite sind so dimensioniert, dass sie einen ma\u00dfgeschneiderten Klang liefern, zwei an den Endrohren angebrachte akustische Reflektoren leiten den Sound in den Innenraum des Fahrzeugs. Da die Akrapovi\u010d Evolution Line (Titanium) Abgasanlage [&hellip;]<\/p>\n","protected":false},"featured_media":3383,"comment_status":"open","ping_status":"closed","template":"","meta":[],"product_brand":[],"product_cat":[16,17],"product_tag":[],"class_list":{"0":"post-3382","1":"product","2":"type-product","3":"status-publish","4":"has-post-thumbnail","6":"product_cat-akrapovic-auspuffanlagen","7":"product_cat-bmw","9":"first","10":"outofstock","11":"sale","12":"taxable","13":"shipping-taxable","14":"purchasable","15":"product-type-simple"},"_links":{"self":[{"href":"https:\/\/wagenthaler.com\/shop\/wp-json\/wp\/v2\/product\/3382","targetHints":{"allow":["GET"]}}],"collection":[{"href":"https:\/\/wagenthaler.com\/shop\/wp-json\/wp\/v2\/product"}],"about":[{"href":"https:\/\/wagenthaler.com\/shop\/wp-json\/wp\/v2\/types\/product"}],"replies":[{"embeddable":true,"href":"https:\/\/wagenthaler.com\/shop\/wp-json\/wp\/v2\/comments?post=3382"}],"wp:featuredmedia":[{"embeddable":true,"href":"https:\/\/wagenthaler.com\/shop\/wp-json\/wp\/v2\/media\/3383"}],"wp:attachment":[{"href":"https:\/\/wagenthaler.com\/shop\/wp-json\/wp\/v2\/media?parent=3382"}],"wp:term":[{"taxonomy":"product_brand","embeddable":true,"href":"https:\/\/wagenthaler.com\/shop\/wp-json\/wp\/v2\/product_brand?post=3382"},{"taxonomy":"product_cat","embeddable":true,"href":"https:\/\/wagenthaler.com\/shop\/wp-json\/wp\/v2\/product_cat?post=3382"},{"taxonomy":"product_tag","embeddable":true,"href":"https:\/\/wagenthaler.com\/shop\/wp-json\/wp\/v2\/product_tag?post=3382"}],"curies":[{"name":"wp","href":"https:\/\/api.w.org\/{rel}","templated":true}]}}