{"id":3392,"date":"2026-01-27T04:18:44","date_gmt":"2026-01-27T03:18:44","guid":{"rendered":"https:\/\/shop.wagenthaler.com\/produkt\/akrapovic-link-pipe-set-edelstahl-fuer-bmw-m440i-g22-g23-opf-gpf\/"},"modified":"2026-01-27T04:18:45","modified_gmt":"2026-01-27T03:18:45","slug":"akrapovic-link-pipe-set-edelstahl-fuer-bmw-m440i-g22-g23-opf-gpf","status":"publish","type":"product","link":"https:\/\/wagenthaler.com\/shop\/akrapovic-link-pipe-set-edelstahl-fuer-bmw-m440i-g22-g23-opf-gpf\/","title":{"rendered":"Akrapovi\u010d Link Pipe Set (Edelstahl) f\u00fcr BMW M440I (G22 \/ G23) &#8211; OPF\/GPF"},"content":{"rendered":"<p>Dieses Produkt ist aus hochwertigem austenitischem Edelstahl gefertigt und wiegt nur 8,09 kg, also 22% weniger als die Serienanlage. F\u00fcr die Link Pipe wurde ein eigens abgestimmter Resonator entwickelt, der in Verbindung mit dem neuen Motor ein einzigartiges Klangerlebnis bietet. Er erzeugt einen perfekt auf den Reihen-Sechszylindermotor abgestimmten, tiefen, satten und sportlichen Sound ohne unerw\u00fcnschte Dr\u00f6hnfrequenzen oder Brummger\u00e4usche. Die Leistung steigt um 8,7 kW (11,8 PS) bei 5.600 U\/min, das Drehmoment um 17,1 Nm bei 4.100 U\/min, ermittelt auf dem Akrapovi\u010d Pr\u00fcfstand mit einer Slip-On Line mit Link Pipe Set im Vergleich zu einem BMW M440i mit serienm\u00e4\u00dfiger Abgasanlage. Das Produkt ist nur f\u00fcr den Einsatz auf der Rennstrecke und f\u00fcr Fahrzeuge mit Ottopartikelfilter gedacht, eine Neuprogrammierung ist obligatorisch.<\/p>\n<p>Einbauhinweis: Dieses Produkt ist f\u00fcr den BMW M340i und BMW M440i mit Ottopartikelfilter geeignet.<\/br\/><\/p>\n<p>DIESES PRODUKT ERF\u00dcLLT NICHT DIE EINZUHALTENDEN ABGASNORMEN IM STRASSENGEBRAUCH<br \/><\/br\/><\/p>\n","protected":false},"excerpt":{"rendered":"<p>Dieses Produkt ist aus hochwertigem austenitischem Edelstahl gefertigt und wiegt nur 8,09 kg, also 22% weniger als die Serienanlage. F\u00fcr die Link Pipe wurde ein eigens abgestimmter Resonator entwickelt, der in Verbindung mit dem neuen Motor ein einzigartiges Klangerlebnis bietet. Er erzeugt einen perfekt auf den Reihen-Sechszylindermotor abgestimmten, tiefen, satten und sportlichen Sound ohne unerw\u00fcnschte [&hellip;]<\/p>\n","protected":false},"featured_media":3279,"comment_status":"open","ping_status":"closed","template":"","meta":[],"product_brand":[],"product_cat":[18,17],"product_tag":[],"class_list":{"0":"post-3392","1":"product","2":"type-product","3":"status-publish","4":"has-post-thumbnail","6":"product_cat-akrapovic-zubehoer","7":"product_cat-bmw","9":"first","10":"instock","11":"taxable","12":"shipping-taxable","13":"purchasable","14":"product-type-simple"},"_links":{"self":[{"href":"https:\/\/wagenthaler.com\/shop\/wp-json\/wp\/v2\/product\/3392","targetHints":{"allow":["GET"]}}],"collection":[{"href":"https:\/\/wagenthaler.com\/shop\/wp-json\/wp\/v2\/product"}],"about":[{"href":"https:\/\/wagenthaler.com\/shop\/wp-json\/wp\/v2\/types\/product"}],"replies":[{"embeddable":true,"href":"https:\/\/wagenthaler.com\/shop\/wp-json\/wp\/v2\/comments?post=3392"}],"wp:featuredmedia":[{"embeddable":true,"href":"https:\/\/wagenthaler.com\/shop\/wp-json\/wp\/v2\/media\/3279"}],"wp:attachment":[{"href":"https:\/\/wagenthaler.com\/shop\/wp-json\/wp\/v2\/media?parent=3392"}],"wp:term":[{"taxonomy":"product_brand","embeddable":true,"href":"https:\/\/wagenthaler.com\/shop\/wp-json\/wp\/v2\/product_brand?post=3392"},{"taxonomy":"product_cat","embeddable":true,"href":"https:\/\/wagenthaler.com\/shop\/wp-json\/wp\/v2\/product_cat?post=3392"},{"taxonomy":"product_tag","embeddable":true,"href":"https:\/\/wagenthaler.com\/shop\/wp-json\/wp\/v2\/product_tag?post=3392"}],"curies":[{"name":"wp","href":"https:\/\/api.w.org\/{rel}","templated":true}]}}