{"id":3396,"date":"2026-01-27T04:18:48","date_gmt":"2026-01-27T03:18:48","guid":{"rendered":"https:\/\/shop.wagenthaler.com\/produkt\/import\/"},"modified":"2026-02-05T14:25:25","modified_gmt":"2026-02-05T13:25:25","slug":"akrapovic-slip-on-line-titan-fuer-bmw-m440i-g22-g23-opf-gpf-2","status":"publish","type":"product","link":"https:\/\/wagenthaler.com\/shop\/akrapovic-slip-on-line-titan-fuer-bmw-m440i-g22-g23-opf-gpf-2\/","title":{"rendered":"Akrapovi\u010d Slip-On Line (Titan) f\u00fcr BMW M440I (G22 \/ G23) &#8211; OPF\/GPF"},"content":{"rendered":"<p>Gefertigt aus leichtem, hochwertigem Titan und mit handgefertigten Karbon-Endrohren bietet dieses System eine sp\u00fcrbare Gewichtseinsparung, mehr Leistung und Drehmoment sowie einen dramatischen Sound. Das System liefert eine Gewichtsreduzierung von 11,89 kg im Vergleich zur Serienanlage, eine unglaubliche Differenz von 33%. Leistung und Drehmoment steigen um 3,4 kW (4,6 PS) bei 2.650 U\/min und 12,4 Nm bei 2.650 U\/min, ermittelt auf dem Akrapovi\u010d Pr\u00fcfstand im Vergleich zu einem BMW M440i mit serienm\u00e4\u00dfiger Abgasanlage. Die Verwendung spezieller Teile, die in dem System integriert sind, sorgen f\u00fcr einen berauschenden Sound. Zwei Ventile statt einem wie in der Serienkonfiguration sind zur Anpassung des Klangs kalibriert, und zwei akustische Reflektoren sind an den Endrohren angebracht, um den Sound in den Fahrzeuginnenraum zu leiten und das Fahrerlebnis so zu ver\u00e4ndern, dass ein absolut eindrucksvoller Klang im Cockpit des Fahrzeugs entsteht, der f\u00fcr Nervenkitzel und Vergn\u00fcgen bei den Insassen sorgt. Da die Akrapovi\u010d Slip-On Line (Titanium) Abgasanlage zwei Ventile hat, eines mehr als die Serienanlage, ist ein TNG-Controller im Produkt enthalten, um das zus\u00e4tzliche Auslassventil zu steuern. Zwei Resonatoren, einer auf jeder Seite des zentralen Schalld\u00e4mpfers, perfektionieren das Klangerlebnis. Der weiche, satte Klang bei normaler Fahrt steigert sich bei einer enthusiastischeren Fahrweise zu einem tiefen und sportlichen Sound. Der Sound kann auch vom Cockpit aus gesteuert werden, wenn das optionale Akrapovi\u010d Sound Kit hinzugef\u00fcgt wird. In der hauseigenen Gie\u00dferei von Akrapovi\u010d werden spezielle Teile gegossen, um die komplizierten und komplexen Bauteile herzustellen, die f\u00fcr dieses System ben\u00f6tigt werden.\u00a0<\/p>\n<p>Die Anlage erf\u00fcllt die EC\/ECE-Typgenehmigung, und in dieser Konfiguration ist keine Neuprogrammierung n\u00f6tig (das System ist nur mit Fahrzeugen mit Ottopartikelfilter einsetzbar und das ECE-Zertifikat nur f\u00fcr diese Fahrzeuge g\u00fcltig; f\u00fcr Fahrzeuge ohne Ottopartikelfilter Evolution Line System erh\u00e4ltlich).\u00a0<\/p>\n<p>F\u00fcr Kunden, die ein Upgrade f\u00fcr die Slip-On Line Abgasanlage (Titanium) w\u00fcnschen, ist ein optionales Link Pipe Set erh\u00e4ltlich.<br \/><\/br\/><\/p>\n<p>Einbauhinweis: Dieses Produkt ist f\u00fcr den BMW M440i mit Ottopartikelfilter geeignet.<\/p>\n<p>Dieses Produkt ist auch f\u00fcr den BMW M440i xDrive Cabriolet (G23) geeignet.<\/p>\n<p><\/br\/><\/p>\n<p><\/br\/><\/p>\n","protected":false},"excerpt":{"rendered":"<p>Gefertigt aus leichtem, hochwertigem Titan und mit handgefertigten Karbon-Endrohren bietet dieses System eine sp\u00fcrbare Gewichtseinsparung, mehr Leistung und Drehmoment sowie einen dramatischen Sound. Das System liefert eine Gewichtsreduzierung von 11,89 kg im Vergleich zur Serienanlage, eine unglaubliche Differenz von 33%. Leistung und Drehmoment steigen um 3,4 kW (4,6 PS) bei 2.650 U\/min und 12,4 Nm [&hellip;]<\/p>\n","protected":false},"featured_media":23327,"comment_status":"open","ping_status":"closed","template":"","meta":[],"product_brand":[],"product_cat":[16,17],"product_tag":[],"class_list":{"0":"post-3396","1":"product","2":"type-product","3":"status-publish","4":"has-post-thumbnail","6":"product_cat-akrapovic-auspuffanlagen","7":"product_cat-bmw","9":"first","10":"outofstock","11":"sale","12":"taxable","13":"shipping-taxable","14":"purchasable","15":"product-type-simple"},"_links":{"self":[{"href":"https:\/\/wagenthaler.com\/shop\/wp-json\/wp\/v2\/product\/3396","targetHints":{"allow":["GET"]}}],"collection":[{"href":"https:\/\/wagenthaler.com\/shop\/wp-json\/wp\/v2\/product"}],"about":[{"href":"https:\/\/wagenthaler.com\/shop\/wp-json\/wp\/v2\/types\/product"}],"replies":[{"embeddable":true,"href":"https:\/\/wagenthaler.com\/shop\/wp-json\/wp\/v2\/comments?post=3396"}],"wp:featuredmedia":[{"embeddable":true,"href":"https:\/\/wagenthaler.com\/shop\/wp-json\/wp\/v2\/media\/23327"}],"wp:attachment":[{"href":"https:\/\/wagenthaler.com\/shop\/wp-json\/wp\/v2\/media?parent=3396"}],"wp:term":[{"taxonomy":"product_brand","embeddable":true,"href":"https:\/\/wagenthaler.com\/shop\/wp-json\/wp\/v2\/product_brand?post=3396"},{"taxonomy":"product_cat","embeddable":true,"href":"https:\/\/wagenthaler.com\/shop\/wp-json\/wp\/v2\/product_cat?post=3396"},{"taxonomy":"product_tag","embeddable":true,"href":"https:\/\/wagenthaler.com\/shop\/wp-json\/wp\/v2\/product_tag?post=3396"}],"curies":[{"name":"wp","href":"https:\/\/api.w.org\/{rel}","templated":true}]}}