{"id":3401,"date":"2026-01-27T04:19:14","date_gmt":"2026-01-27T03:19:14","guid":{"rendered":"https:\/\/shop.wagenthaler.com\/produkt\/import\/"},"modified":"2026-02-05T14:25:00","modified_gmt":"2026-02-05T13:25:00","slug":"akrapovic-evolution-line-titan-fuer-bmw-m440i-gran-coupe-g26","status":"publish","type":"product","link":"https:\/\/wagenthaler.com\/shop\/akrapovic-evolution-line-titan-fuer-bmw-m440i-gran-coupe-g26\/","title":{"rendered":"Akrapovi\u010d Evolution Line (Titan) f\u00fcr BMW M440I Gran Coup\u00e9 (G26)"},"content":{"rendered":"<p>This is a <strong>high-grade lightweight titanium<\/strong> system, finished with <strong>hand-crafted carbon-fibre tailpipe<\/strong>s and a <strong>high-grade austenitic stainless-steel<\/strong> link pipe set. The <strong>valves in each side<\/strong> are calculated to tailor the sound, and <strong>two acoustic reflectors<\/strong> are fitted on the tailpipes to guide the sound into the car\u2019s cabin. Because the Akrapovi\u010d Evolution Line (Titanium) exhaust system has two valves, one more than the stock configuration, a <strong>TNG controller is included<\/strong> in the product to activate the additional exhaust valve. To make the sound experience even more unique, there are <strong>two tuned resonators<\/strong> \u2013 developed especially for this new engine \u2013 producing a deep, rich, and sporty sound with no unwanted drone or streaming, perfectly aligned with the straight six-cylinder engine. It weighs 21.7 kg, which is 23% lighter than stock. Power gains of 8.7 kW (11.8 hp) at 5,600 rpm and torque increases of 17.1 Nm at 4,100 rpm were recorded when tested on the Akrapovi\u010d dyno against a BMW M440i with a standard stock exhaust. <strong>Special parts are cast<\/strong> in the Akrapovi\u010d in-house foundry to create the intricate and complex items needed for this system. Meant for track use only and for non-OPF vehicles.<\/p>\n<p>Please notice that both product codes, S- BM\/T\/30H and E-BM\/SS\/8, have been split due to packaging reasons. <strong>Both codes must be ordered<\/strong>.<\/p>\n<p>Fitment notice: <strong>The Evolution Line (Titanium) only fits on non-OPF vehicles<\/strong>. For non-OPF vehicles, the ECE type approval certificate is not valid.<\/p>\n<p><strong>An extra stock valve actuator (part nr. 18 30 8 686 640) is needed when installing the Slip-On exhaust system on BMW M340i (G20, G21) and M440i (G22, G23, G26). <\/strong><\/p>\n<p>This product also fits on the BMW M340i xDrive Touring (G21) model.<\/p>\n<p>THIS PRODUCT DOES NOT MEET EMISSION COMPLIANCE REQUIREMENTS FOR STREET OR HIGHWAY USE.<\/p>\n","protected":false},"excerpt":{"rendered":"<p>This is a high-grade lightweight titanium system, finished with hand-crafted carbon-fibre tailpipes and a high-grade austenitic stainless-steel link pipe set. The valves in each side are calculated to tailor the sound, and two acoustic reflectors are fitted on the tailpipes to guide the sound into the car\u2019s cabin. Because the Akrapovi\u010d Evolution Line (Titanium) exhaust [&hellip;]<\/p>\n","protected":false},"featured_media":23326,"comment_status":"open","ping_status":"closed","template":"","meta":[],"product_brand":[],"product_cat":[16,17],"product_tag":[],"class_list":{"0":"post-3401","1":"product","2":"type-product","3":"status-publish","4":"has-post-thumbnail","6":"product_cat-akrapovic-auspuffanlagen","7":"product_cat-bmw","9":"first","10":"outofstock","11":"sale","12":"taxable","13":"shipping-taxable","14":"purchasable","15":"product-type-simple"},"_links":{"self":[{"href":"https:\/\/wagenthaler.com\/shop\/wp-json\/wp\/v2\/product\/3401","targetHints":{"allow":["GET"]}}],"collection":[{"href":"https:\/\/wagenthaler.com\/shop\/wp-json\/wp\/v2\/product"}],"about":[{"href":"https:\/\/wagenthaler.com\/shop\/wp-json\/wp\/v2\/types\/product"}],"replies":[{"embeddable":true,"href":"https:\/\/wagenthaler.com\/shop\/wp-json\/wp\/v2\/comments?post=3401"}],"wp:featuredmedia":[{"embeddable":true,"href":"https:\/\/wagenthaler.com\/shop\/wp-json\/wp\/v2\/media\/23326"}],"wp:attachment":[{"href":"https:\/\/wagenthaler.com\/shop\/wp-json\/wp\/v2\/media?parent=3401"}],"wp:term":[{"taxonomy":"product_brand","embeddable":true,"href":"https:\/\/wagenthaler.com\/shop\/wp-json\/wp\/v2\/product_brand?post=3401"},{"taxonomy":"product_cat","embeddable":true,"href":"https:\/\/wagenthaler.com\/shop\/wp-json\/wp\/v2\/product_cat?post=3401"},{"taxonomy":"product_tag","embeddable":true,"href":"https:\/\/wagenthaler.com\/shop\/wp-json\/wp\/v2\/product_tag?post=3401"}],"curies":[{"name":"wp","href":"https:\/\/api.w.org\/{rel}","templated":true}]}}